{"id":10,"date":"2021-06-17T14:13:38","date_gmt":"2021-06-17T14:13:38","guid":{"rendered":"https:\/\/ciabbatta.com\/mi-cuenta\/"},"modified":"2021-06-17T14:13:38","modified_gmt":"2021-06-17T14:13:38","slug":"mi-cuenta","status":"publish","type":"page","link":"https:\/\/ciabbatta.com\/es\/mi-cuenta\/","title":{"rendered":"Mi cuenta"},"content":{"rendered":"<div class=\"woocommerce\">\n<div class=\"jet-woo-builder-woocommerce-myaccount-login-page\">\n\n\t<div class=\"woocommerce-notices-wrapper\"><\/div>\n\t<div id=\"customer_login\">\n\t\t\t\t<div data-elementor-type=\"jet-woo-builder-myaccount\" data-elementor-id=\"5546\" class=\"elementor elementor-5546\" data-elementor-post-type=\"jet-woo-builder\">\n\t\t\t\t\t\t<section class=\"elementor-section elementor-top-section elementor-element elementor-element-2b3b39c elementor-section-stretched conten-titulo-cuenta elementor-section-boxed elementor-section-height-default elementor-section-height-default\" data-id=\"2b3b39c\" data-element_type=\"section\" data-settings=\"{&quot;stretch_section&quot;:&quot;section-stretched&quot;}\">\n\t\t\t\t\t\t<div class=\"elementor-container elementor-column-gap-no\">\n\t\t\t\t\t<div class=\"elementor-column elementor-col-100 elementor-top-column elementor-element elementor-element-c118ae8\" data-id=\"c118ae8\" data-element_type=\"column\">\n\t\t\t<div class=\"elementor-widget-wrap elementor-element-populated\">\n\t\t\t\t\t\t<div class=\"elementor-element elementor-element-ac39e68 elementor-widget elementor-widget-heading\" data-id=\"ac39e68\" data-element_type=\"widget\" data-widget_type=\"heading.default\">\n\t\t\t\t<div class=\"elementor-widget-container\">\n\t\t\t<div class=\"elementor-heading-title elementor-size-medium\">Mi cuenta<\/div>\t\t<\/div>\n\t\t\t\t<\/div>\n\t\t\t\t\t<\/div>\n\t\t<\/div>\n\t\t\t\t\t<\/div>\n\t\t<\/section>\n\t\t\t\t<section class=\"elementor-section elementor-top-section elementor-element elementor-element-82ea1dc elementor-section-stretched elementor-section-boxed elementor-section-height-default elementor-section-height-default\" data-id=\"82ea1dc\" data-element_type=\"section\" data-settings=\"{&quot;stretch_section&quot;:&quot;section-stretched&quot;}\">\n\t\t\t\t\t\t<div class=\"elementor-container elementor-column-gap-default\">\n\t\t\t\t\t<div class=\"elementor-column elementor-col-100 elementor-top-column elementor-element elementor-element-41146b1\" data-id=\"41146b1\" data-element_type=\"column\">\n\t\t\t<div class=\"elementor-widget-wrap elementor-element-populated\">\n\t\t\t\t\t\t<div class=\"elementor-element elementor-element-d40c502 elementor-widget-mobile__width-initial elementor-widget elementor-widget-jet-tabs\" data-id=\"d40c502\" data-element_type=\"widget\" data-settings=\"{&quot;tabs_position&quot;:&quot;left&quot;,&quot;tabs_position_mobile&quot;:&quot;top&quot;}\" data-widget_type=\"jet-tabs.default\">\n\t\t\t\t<div class=\"elementor-widget-container\">\n\t\t\t\n\t\t<div class=\"jet-tabs jet-tabs-position-left jet-tabs-fade-effect \" data-settings=\"{&quot;activeIndex&quot;:0,&quot;event&quot;:&quot;click&quot;,&quot;autoSwitch&quot;:false,&quot;autoSwitchDelay&quot;:3000,&quot;ajaxTemplate&quot;:false,&quot;tabsPosition&quot;:&quot;left&quot;,&quot;switchScrolling&quot;:false,&quot;switchScrollingOffset&quot;:0}\">\n\t\t\t<div class=\"jet-tabs__control-wrapper \" role=\"tablist\">\n                                    <div id=\"jet-tabs-control-2221\" class=\"jet-tabs__control jet-tabs__control-icon-left elementor-menu-anchor active-tab \" data-tab=\"1\" tabindex=\"0\" role=\"tab\" aria-controls=\"jet-tabs-content-2221\" aria-expanded=\"true\" data-template-id=\"6518\"><div class=\"jet-tabs__control-inner\"><div class=\"jet-tabs__label-icon jet-tabs-icon\"><svg xmlns=\"http:\/\/www.w3.org\/2000\/svg\" width=\"19\" height=\"14\" viewBox=\"0 0 19 14\" fill=\"none\"><path fill-rule=\"evenodd\" clip-rule=\"evenodd\" d=\"M17.1599 14C17.9883 14 18.6599 13.3284 18.6599 12.5L18.6599 1.5C18.6599 0.671573 17.9883 0 17.1599 0H12.2232C11.9471 0 11.7232 0.223857 11.7232 0.499999C11.7232 0.776142 11.9471 0.999999 12.2232 0.999999L17.1599 1C17.4361 1 17.6599 1.22386 17.6599 1.5L17.6599 12.5C17.6599 12.7761 17.4361 13 17.1599 13L12.2232 13C11.9471 13 11.7232 13.2239 11.7232 13.5C11.7232 13.7761 11.9471 14 12.2232 14L17.1599 14ZM1.60667 9.01612H6.93667V12.5449C6.93667 12.7765 7.21672 12.8925 7.38051 12.7288L12.6809 7.42834C12.9179 7.19142 12.9178 6.8073 12.6809 6.57038L7.38051 1.26996C7.21672 1.10617 6.93667 1.22218 6.93667 1.45381V4.94278H1.60667C1.27161 4.94278 1 5.2144 1 5.54945V8.40945C1 8.7445 1.27161 9.01612 1.60667 9.01612ZM1.60667 3.94278H5.93667V1.45381C5.93667 0.331279 7.29386 -0.230905 8.08762 0.562856L13.388 5.86328C14.0155 6.49071 14.0155 7.508 13.388 8.13544L8.08762 13.4359C7.29387 14.2296 5.93667 13.6674 5.93667 12.5449V10.0161H1.60667C0.719329 10.0161 0 9.29679 0 8.40945V5.54945C0 4.66211 0.719329 3.94278 1.60667 3.94278Z\" fill=\"currentColor\"><\/path><\/svg><\/div><div class=\"jet-tabs__label-text\">Login<\/div><\/div><\/div><div id=\"jet-tabs-control-2222\" class=\"jet-tabs__control jet-tabs__control-icon-left elementor-menu-anchor  \" data-tab=\"2\" tabindex=\"0\" role=\"tab\" aria-controls=\"jet-tabs-content-2222\" aria-expanded=\"false\" data-template-id=\"6521\"><div class=\"jet-tabs__control-inner\"><div class=\"jet-tabs__label-icon jet-tabs-icon\"><svg xmlns=\"http:\/\/www.w3.org\/2000\/svg\" width=\"24\" height=\"19\" viewBox=\"0 0 24 19\" fill=\"none\"><path fill-rule=\"evenodd\" clip-rule=\"evenodd\" d=\"M8.1587 9.1587C10.6878 9.1587 12.738 7.10846 12.738 4.57935C12.738 2.05025 10.6878 0 8.1587 0C5.62959 0 3.57935 2.05025 3.57935 4.57935C3.57935 7.10846 5.62959 9.1587 8.1587 9.1587ZM11.738 4.57935C11.738 6.55617 10.1355 8.1587 8.1587 8.1587C6.18188 8.1587 4.57935 6.55617 4.57935 4.57935C4.57935 2.60253 6.18188 1 8.1587 1C10.1355 1 11.738 2.60253 11.738 4.57935ZM5.56285 10.819C5.43835 10.7656 5.30431 10.7381 5.16886 10.7381H4.75395C2.12842 10.7381 0 12.8665 0 15.4921V17.1944C0 18.036 0.682233 18.7182 1.52381 18.7182H14.7936C15.6352 18.7182 16.3174 18.036 16.3174 17.1944V15.4921C16.3174 12.8665 14.189 10.7381 11.5635 10.7381H11.1485C11.0131 10.7381 10.8791 10.7656 10.7546 10.819C9.95918 11.1599 9.08234 11.3492 8.1587 11.3492C7.23506 11.3492 6.35823 11.1599 5.56285 10.819ZM11.5635 11.7381H11.1485C10.231 12.1314 9.22026 12.3492 8.1587 12.3492C7.09714 12.3492 6.08645 12.1314 5.16886 11.7381H4.75395C2.6807 11.7381 1 13.4188 1 15.4921V17.1944C1 17.4837 1.23452 17.7182 1.52381 17.7182H14.7936C15.0829 17.7182 15.3174 17.4837 15.3174 17.1944V15.4921C15.3174 13.4188 13.6367 11.7381 11.5635 11.7381ZM19.4204 4.64685C19.6966 4.64685 19.9204 4.87071 19.9204 5.14685V8.31348H23C23.2761 8.31348 23.5 8.53733 23.5 8.81348C23.5 9.08962 23.2761 9.31348 23 9.31348H19.9204V12.3056C19.9204 12.5817 19.6966 12.8056 19.4204 12.8056C19.1443 12.8056 18.9204 12.5817 18.9204 12.3056V9.31348H15.8413C15.5652 9.31348 15.3413 9.08962 15.3413 8.81348C15.3413 8.53733 15.5652 8.31348 15.8413 8.31348H18.9204V5.14685C18.9204 4.87071 19.1443 4.64685 19.4204 4.64685Z\" fill=\"currentColor\"><\/path><\/svg><\/div><div class=\"jet-tabs__label-text\">Registrarse<\/div><\/div><\/div>\n                    \t\t\t    <\/div>\n\t\t\t<div class=\"jet-tabs__content-wrapper\">\n\t\t\t\t<div id=\"jet-tabs-content-2221\" class=\"jet-tabs__content active-content\" data-tab=\"1\" role=\"tabpanel\" aria-hidden=\"false\" data-template-id=\"6518\">\t\t<div data-elementor-type=\"page\" data-elementor-id=\"6518\" class=\"elementor elementor-6518\" data-elementor-post-type=\"elementor_library\">\n\t\t\t\t\t\t<section class=\"elementor-section elementor-top-section elementor-element elementor-element-19969b4 elementor-section-boxed elementor-section-height-default elementor-section-height-default\" data-id=\"19969b4\" data-element_type=\"section\">\n\t\t\t\t\t\t<div class=\"elementor-container elementor-column-gap-no\">\n\t\t\t\t\t<div class=\"elementor-column elementor-col-100 elementor-top-column elementor-element elementor-element-df959eb\" data-id=\"df959eb\" data-element_type=\"column\">\n\t\t\t<div class=\"elementor-widget-wrap elementor-element-populated\">\n\t\t\t\t\t\t<div class=\"elementor-element elementor-element-6e17035 elementor-widget__width-initial elementor-widget-mobile__width-inherit elementor-widget elementor-widget-jet-myaccount-login-form\" data-id=\"6e17035\" data-element_type=\"widget\" data-widget_type=\"jet-myaccount-login-form.default\">\n\t\t\t\t<div class=\"elementor-widget-container\">\n\t\t\t<div class=\"elementor-jet-myaccount-login-form jet-woo-builder\">\n<h2>Acceder<\/h2>\n\n<form class=\"woocommerce-form woocommerce-form-login login\" method=\"post\">\n\n\t\n\t<p class=\"woocommerce-form-row woocommerce-form-row--wide form-row form-row-wide\">\n\t\t<label for=\"username\">Nombre de usuario o correo electr\u00f3nico&nbsp;<span class=\"required\">*<\/span><\/label>\n\t\t<input type=\"text\" class=\"woocommerce-Input woocommerce-Input--text input-text\" name=\"username\" id=\"username\" autocomplete=\"username\" value=\"\" \/>\t<\/p>\n\t<p class=\"woocommerce-form-row woocommerce-form-row--wide form-row form-row-wide\">\n\t\t<label for=\"password\">Contrase\u00f1a&nbsp;<span class=\"required\">*<\/span><\/label>\n\t\t<input class=\"woocommerce-Input woocommerce-Input--text input-text\" type=\"password\" name=\"password\" id=\"password\" autocomplete=\"current-password\" \/>\n\t<\/p>\n\n\t<div class=\"g-recaptcha\" id=\"g-recaptcha\" data-sitekey=\"6Lep28EqAAAAAPuPfngbsQcRTbaiWgn9X94x6DFH\" data-callback=\"submitEnable\" data-expired-callback=\"submitDisable\"><\/div>\n<script>\n    function submitEnable() {\n                 var button = document.getElementById('wp-submit');\n                 if (button === null) {\n                     button = document.getElementById('submit');\n                 }\n                 if (button !== null) {\n                     button.removeAttribute('disabled');\n                 }\n                 var woo_buttons = [\".woocommerce-form-login button\",\".woocommerce-form-register button\",\".woocommerce-ResetPassword button\"];\n                 if (typeof jQuery != 'undefined') {\n                     jQuery.each(woo_buttons,function(i,btn) {\n                         jQuery(btn).removeAttr('disabled');\n                     });\n                 }\n             }\n    function submitDisable() {\n                 var button = document.getElementById('wp-submit');\n                 if (button === null) {\n                     button = document.getElementById('submit');\n                 }\n                 if (button !== null) {\n                     button.setAttribute('disabled','disabled');\n                 }\n                 var woo_buttons = [\".woocommerce-form-login button\",\".woocommerce-form-register button\",\".woocommerce-ResetPassword button\"];\n                 if (typeof jQuery != 'undefined') {\n                     jQuery.each(woo_buttons,function(i,btn) {\n                        jQuery(btn).attr('disabled','disabled');\n                     });\n                 }\n             }\n<\/script>\n<noscript>\n  <div style=\"width: 100%; height: 473px;\">\n      <div style=\"width: 100%; height: 422px; position: relative;\">\n          <div style=\"width: 302px; height: 422px; position: relative;\">\n              <iframe src=\"https:\/\/www.google.com\/recaptcha\/api\/fallback?k=6Lep28EqAAAAAPuPfngbsQcRTbaiWgn9X94x6DFH\"\n                  frameborder=\"0\" title=\"captcha\" scrolling=\"no\"\n                  style=\"width: 302px; height:422px; border-style: none;\">\n              <\/iframe>\n          <\/div>\n          <div style=\"width: 100%; height: 60px; border-style: none;\n              bottom: 12px; left: 25px; margin: 0px; padding: 0px; right: 25px; background: #f9f9f9; border: 1px solid #c1c1c1; border-radius: 3px;\">\n              <textarea id=\"g-recaptcha-response\" name=\"g-recaptcha-response\"\n                  title=\"response\" class=\"g-recaptcha-response\"\n                  style=\"width: 250px; height: 40px; border: 1px solid #c1c1c1;\n                  margin: 10px 25px; padding: 0px; resize: none;\" value=\"\">\n              <\/textarea>\n          <\/div>\n      <\/div>\n<\/div><br>\n<\/noscript>\n\n\t<p class=\"form-row\">\n\t\t<label class=\"woocommerce-form__label woocommerce-form__label-for-checkbox woocommerce-form-login__rememberme\">\n\t\t\t<input class=\"woocommerce-form__input woocommerce-form__input-checkbox\" name=\"rememberme\" type=\"checkbox\" id=\"rememberme\" value=\"forever\" \/> <span>Recu\u00e9rdame<\/span>\n\t\t<\/label>\n\t\t<input type=\"hidden\" id=\"woocommerce-login-nonce\" name=\"woocommerce-login-nonce\" value=\"6565fba617\" \/><input type=\"hidden\" name=\"_wp_http_referer\" value=\"\/es\/wp-json\/wp\/v2\/pages\/10\" \/>\t\t<button type=\"submit\" class=\"woocommerce-button button woocommerce-form-login__submit \" name=\"login\" value=\"Acceso\">Acceso<\/button>\n\t<\/p>\n\t<p class=\"woocommerce-LostPassword lost_password\">\n\t\t<a href=\"https:\/\/ciabbatta.com\/es\/mi-cuenta\/lost-password\/\">\u00bfOlvidaste la contrase\u00f1a?<\/a>\n\t<\/p>\n\n\t\n<\/form><\/div>\t\t<\/div>\n\t\t\t\t<\/div>\n\t\t\t\t\t<\/div>\n\t\t<\/div>\n\t\t\t\t\t<\/div>\n\t\t<\/section>\n\t\t\t\t<\/div>\n\t\t<\/div><div id=\"jet-tabs-content-2222\" class=\"jet-tabs__content \" data-tab=\"2\" role=\"tabpanel\" aria-hidden=\"true\" data-template-id=\"6521\">\t\t<div data-elementor-type=\"page\" data-elementor-id=\"6521\" class=\"elementor elementor-6521\" data-elementor-post-type=\"elementor_library\">\n\t\t\t\t<div class=\"elementor-element elementor-element-a9a4e83 e-flex e-con-boxed e-con e-parent\" data-id=\"a9a4e83\" data-element_type=\"container\">\n\t\t\t\t\t<div class=\"e-con-inner\">\n\t\t<div class=\"elementor-element elementor-element-ac7502e e-con-full e-flex e-con e-child\" data-id=\"ac7502e\" data-element_type=\"container\">\n\t\t\t\t<div class=\"elementor-element elementor-element-4e44009 elementor-widget__width-initial elementor-widget-mobile__width-inherit elementor-widget elementor-widget-jet-myaccount-registration-form\" data-id=\"4e44009\" data-element_type=\"widget\" data-widget_type=\"jet-myaccount-registration-form.default\">\n\t\t\t\t<div class=\"elementor-widget-container\">\n\t\t\t<div class=\"elementor-jet-myaccount-registration-form jet-woo-builder\">\n<h2>Registrarse<\/h2>\n\n<form method=\"post\" class=\"woocommerce-form woocommerce-form-register register\"  >\n\n\t\n\t\n\t<p class=\"woocommerce-form-row woocommerce-form-row--wide form-row form-row-wide\">\n\t\t<label for=\"reg_email\">Direcci\u00f3n de correo electr\u00f3nico&nbsp;<span class=\"required\">*<\/span><\/label>\n\t\t<input type=\"email\" class=\"woocommerce-Input woocommerce-Input--text input-text\" name=\"email\" id=\"reg_email\" autocomplete=\"email\" value=\"\" \/>\t<\/p>\n\n\t\n\t\t<p>Se enviar\u00e1 un enlace a tu direcci\u00f3n de correo electr\u00f3nico para establecer una nueva contrase\u00f1a.<\/p>\n\n\t\n\t<div class=\"g-recaptcha\" id=\"g-recaptcha\" data-sitekey=\"6Lep28EqAAAAAPuPfngbsQcRTbaiWgn9X94x6DFH\" data-callback=\"submitEnable\" data-expired-callback=\"submitDisable\"><\/div>\n<script>\n    function submitEnable() {\n                 var button = document.getElementById('wp-submit');\n                 if (button === null) {\n                     button = document.getElementById('submit');\n                 }\n                 if (button !== null) {\n                     button.removeAttribute('disabled');\n                 }\n                 var woo_buttons = [\".woocommerce-form-login button\",\".woocommerce-form-register button\",\".woocommerce-ResetPassword button\"];\n                 if (typeof jQuery != 'undefined') {\n                     jQuery.each(woo_buttons,function(i,btn) {\n                         jQuery(btn).removeAttr('disabled');\n                     });\n                 }\n             }\n    function submitDisable() {\n                 var button = document.getElementById('wp-submit');\n                 if (button === null) {\n                     button = document.getElementById('submit');\n                 }\n                 if (button !== null) {\n                     button.setAttribute('disabled','disabled');\n                 }\n                 var woo_buttons = [\".woocommerce-form-login button\",\".woocommerce-form-register button\",\".woocommerce-ResetPassword button\"];\n                 if (typeof jQuery != 'undefined') {\n                     jQuery.each(woo_buttons,function(i,btn) {\n                        jQuery(btn).attr('disabled','disabled');\n                     });\n                 }\n             }\n<\/script>\n<noscript>\n  <div style=\"width: 100%; height: 473px;\">\n      <div style=\"width: 100%; height: 422px; position: relative;\">\n          <div style=\"width: 302px; height: 422px; position: relative;\">\n              <iframe src=\"https:\/\/www.google.com\/recaptcha\/api\/fallback?k=6Lep28EqAAAAAPuPfngbsQcRTbaiWgn9X94x6DFH\"\n                  frameborder=\"0\" title=\"captcha\" scrolling=\"no\"\n                  style=\"width: 302px; height:422px; border-style: none;\">\n              <\/iframe>\n          <\/div>\n          <div style=\"width: 100%; height: 60px; border-style: none;\n              bottom: 12px; left: 25px; margin: 0px; padding: 0px; right: 25px; background: #f9f9f9; border: 1px solid #c1c1c1; border-radius: 3px;\">\n              <textarea id=\"g-recaptcha-response\" name=\"g-recaptcha-response\"\n                  title=\"response\" class=\"g-recaptcha-response\"\n                  style=\"width: 250px; height: 40px; border: 1px solid #c1c1c1;\n                  margin: 10px 25px; padding: 0px; resize: none;\" value=\"\">\n              <\/textarea>\n          <\/div>\n      <\/div>\n<\/div><br>\n<\/noscript>\n<wc-order-attribution-inputs><\/wc-order-attribution-inputs><div class=\"woocommerce-privacy-policy-text\"><p>Tus datos personales se utilizar\u00e1n para procesar tu pedido, mejorar tu experiencia en esta web, gestionar el acceso a tu cuenta y otros prop\u00f3sitos descritos en nuestra <a href=\"https:\/\/ciabbatta.com\/es\/politica-de-privacidad\/\" class=\"woocommerce-privacy-policy-link\" target=\"_blank\">privacy policy<\/a>.<\/p>\n<\/div>\n\t<p class=\"woocommerce-form-row form-row\">\n\t\t<input type=\"hidden\" id=\"woocommerce-register-nonce\" name=\"woocommerce-register-nonce\" value=\"cbc26a29a1\" \/><input type=\"hidden\" name=\"_wp_http_referer\" value=\"\/es\/wp-json\/wp\/v2\/pages\/10\" \/>\t\t<button type=\"submit\" class=\"woocommerce-Button woocommerce-button button woocommerce-form-register__submit \" name=\"register\" value=\"Registrarse\">Registrarse<\/button>\n\t<\/p>\n\n\t\n<\/form><\/div>\t\t<\/div>\n\t\t\t\t<\/div>\n\t\t\t\t<\/div>\n\t\t\t\t\t<\/div>\n\t\t\t\t<\/div>\n\t\t\t\t<\/div>\n\t\t<\/div>\t\t\t<\/div>\n\t\t<\/div>\n\t\t\t\t<\/div>\n\t\t\t\t<\/div>\n\t\t\t\t\t<\/div>\n\t\t<\/div>\n\t\t\t\t\t<\/div>\n\t\t<\/section>\n\t\t\t\t<\/div>\n\t\t\t<\/div>\n\n\t\n<\/div>\n\n<\/div>","protected":false},"excerpt":{"rendered":"","protected":false},"author":1,"featured_media":0,"parent":0,"menu_order":0,"comment_status":"closed","ping_status":"closed","template":"","meta":{"inline_featured_image":false,"_monsterinsights_skip_tracking":false,"_monsterinsights_sitenote_active":false,"_monsterinsights_sitenote_note":"","_monsterinsights_sitenote_category":0,"_joinchat":[],"footnotes":""},"class_list":["post-10","page","type-page","status-publish","hentry"],"yoast_head":"<!-- This site is optimized with the Yoast SEO Premium plugin v24.0 (Yoast SEO v26.9) - https:\/\/yoast.com\/product\/yoast-seo-premium-wordpress\/ -->\n<title>Mi cuenta - CIABBATTA<\/title>\n<meta name=\"robots\" content=\"index, follow, max-snippet:-1, max-image-preview:large, max-video-preview:-1\" \/>\n<link rel=\"canonical\" href=\"https:\/\/ciabbatta.com\/es\/mi-cuenta\/\" \/>\n<meta property=\"og:locale\" content=\"es_ES\" \/>\n<meta property=\"og:type\" content=\"article\" \/>\n<meta property=\"og:title\" content=\"Mi cuenta\" \/>\n<meta property=\"og:url\" content=\"https:\/\/ciabbatta.com\/es\/mi-cuenta\/\" \/>\n<meta property=\"og:site_name\" content=\"CIABBATTA\" \/>\n<meta name=\"twitter:card\" content=\"summary_large_image\" \/>\n<script type=\"application\/ld+json\" class=\"yoast-schema-graph\">{\"@context\":\"https:\/\/schema.org\",\"@graph\":[{\"@type\":\"WebPage\",\"@id\":\"https:\/\/ciabbatta.com\/es\/mi-cuenta\/\",\"url\":\"https:\/\/ciabbatta.com\/es\/mi-cuenta\/\",\"name\":\"Mi cuenta - CIABBATTA\",\"isPartOf\":{\"@id\":\"https:\/\/ciabbatta.com\/es\/#website\"},\"datePublished\":\"2021-06-17T14:13:38+00:00\",\"breadcrumb\":{\"@id\":\"https:\/\/ciabbatta.com\/es\/mi-cuenta\/#breadcrumb\"},\"inLanguage\":\"es\",\"potentialAction\":[{\"@type\":\"ReadAction\",\"target\":[\"https:\/\/ciabbatta.com\/es\/mi-cuenta\/\"]}]},{\"@type\":\"BreadcrumbList\",\"@id\":\"https:\/\/ciabbatta.com\/es\/mi-cuenta\/#breadcrumb\",\"itemListElement\":[{\"@type\":\"ListItem\",\"position\":1,\"name\":\"Portada\",\"item\":\"https:\/\/ciabbatta.com\/es\/tienda\/\"},{\"@type\":\"ListItem\",\"position\":2,\"name\":\"Mi cuenta\"}]},{\"@type\":\"WebSite\",\"@id\":\"https:\/\/ciabbatta.com\/es\/#website\",\"url\":\"https:\/\/ciabbatta.com\/es\/\",\"name\":\"Ciabbatta, Artesans del Pa\",\"description\":\"Tienda Online - Panader\u00eda, pasteler\u00eda\",\"publisher\":{\"@id\":\"https:\/\/ciabbatta.com\/es\/#organization\"},\"potentialAction\":[{\"@type\":\"SearchAction\",\"target\":{\"@type\":\"EntryPoint\",\"urlTemplate\":\"https:\/\/ciabbatta.com\/es\/?s={search_term_string}\"},\"query-input\":{\"@type\":\"PropertyValueSpecification\",\"valueRequired\":true,\"valueName\":\"search_term_string\"}}],\"inLanguage\":\"es\"},{\"@type\":\"Organization\",\"@id\":\"https:\/\/ciabbatta.com\/es\/#organization\",\"name\":\"Ciabbatta, Artesans del Pa\",\"url\":\"https:\/\/ciabbatta.com\/es\/\",\"logo\":{\"@type\":\"ImageObject\",\"inLanguage\":\"es\",\"@id\":\"https:\/\/ciabbatta.com\/es\/#\/schema\/logo\/image\/\",\"url\":\"https:\/\/ciabbatta.com\/wp-content\/uploads\/Logotipo-CIABBATTA-Vertical-con-fondo-web.png\",\"contentUrl\":\"https:\/\/ciabbatta.com\/wp-content\/uploads\/Logotipo-CIABBATTA-Vertical-con-fondo-web.png\",\"width\":600,\"height\":452,\"caption\":\"Ciabbatta, Artesans del Pa\"},\"image\":{\"@id\":\"https:\/\/ciabbatta.com\/es\/#\/schema\/logo\/image\/\"},\"sameAs\":[\"https:\/\/www.instagram.com\/ciabbattacat?igsh=eTJiano3ZGw0cm8y\"]}]}<\/script>\n<!-- \/ Yoast SEO Premium plugin. -->","yoast_head_json":{"title":"Mi cuenta - CIABBATTA","robots":{"index":"index","follow":"follow","max-snippet":"max-snippet:-1","max-image-preview":"max-image-preview:large","max-video-preview":"max-video-preview:-1"},"canonical":"https:\/\/ciabbatta.com\/es\/mi-cuenta\/","og_locale":"es_ES","og_type":"article","og_title":"Mi cuenta","og_url":"https:\/\/ciabbatta.com\/es\/mi-cuenta\/","og_site_name":"CIABBATTA","twitter_card":"summary_large_image","schema":{"@context":"https:\/\/schema.org","@graph":[{"@type":"WebPage","@id":"https:\/\/ciabbatta.com\/es\/mi-cuenta\/","url":"https:\/\/ciabbatta.com\/es\/mi-cuenta\/","name":"Mi cuenta - CIABBATTA","isPartOf":{"@id":"https:\/\/ciabbatta.com\/es\/#website"},"datePublished":"2021-06-17T14:13:38+00:00","breadcrumb":{"@id":"https:\/\/ciabbatta.com\/es\/mi-cuenta\/#breadcrumb"},"inLanguage":"es","potentialAction":[{"@type":"ReadAction","target":["https:\/\/ciabbatta.com\/es\/mi-cuenta\/"]}]},{"@type":"BreadcrumbList","@id":"https:\/\/ciabbatta.com\/es\/mi-cuenta\/#breadcrumb","itemListElement":[{"@type":"ListItem","position":1,"name":"Portada","item":"https:\/\/ciabbatta.com\/es\/tienda\/"},{"@type":"ListItem","position":2,"name":"Mi cuenta"}]},{"@type":"WebSite","@id":"https:\/\/ciabbatta.com\/es\/#website","url":"https:\/\/ciabbatta.com\/es\/","name":"Ciabbatta, Artesans del Pa","description":"Tienda Online - Panader\u00eda, pasteler\u00eda","publisher":{"@id":"https:\/\/ciabbatta.com\/es\/#organization"},"potentialAction":[{"@type":"SearchAction","target":{"@type":"EntryPoint","urlTemplate":"https:\/\/ciabbatta.com\/es\/?s={search_term_string}"},"query-input":{"@type":"PropertyValueSpecification","valueRequired":true,"valueName":"search_term_string"}}],"inLanguage":"es"},{"@type":"Organization","@id":"https:\/\/ciabbatta.com\/es\/#organization","name":"Ciabbatta, Artesans del Pa","url":"https:\/\/ciabbatta.com\/es\/","logo":{"@type":"ImageObject","inLanguage":"es","@id":"https:\/\/ciabbatta.com\/es\/#\/schema\/logo\/image\/","url":"https:\/\/ciabbatta.com\/wp-content\/uploads\/Logotipo-CIABBATTA-Vertical-con-fondo-web.png","contentUrl":"https:\/\/ciabbatta.com\/wp-content\/uploads\/Logotipo-CIABBATTA-Vertical-con-fondo-web.png","width":600,"height":452,"caption":"Ciabbatta, Artesans del Pa"},"image":{"@id":"https:\/\/ciabbatta.com\/es\/#\/schema\/logo\/image\/"},"sameAs":["https:\/\/www.instagram.com\/ciabbattacat?igsh=eTJiano3ZGw0cm8y"]}]}},"_links":{"self":[{"href":"https:\/\/ciabbatta.com\/es\/wp-json\/wp\/v2\/pages\/10","targetHints":{"allow":["GET"]}}],"collection":[{"href":"https:\/\/ciabbatta.com\/es\/wp-json\/wp\/v2\/pages"}],"about":[{"href":"https:\/\/ciabbatta.com\/es\/wp-json\/wp\/v2\/types\/page"}],"author":[{"embeddable":true,"href":"https:\/\/ciabbatta.com\/es\/wp-json\/wp\/v2\/users\/1"}],"replies":[{"embeddable":true,"href":"https:\/\/ciabbatta.com\/es\/wp-json\/wp\/v2\/comments?post=10"}],"version-history":[{"count":0,"href":"https:\/\/ciabbatta.com\/es\/wp-json\/wp\/v2\/pages\/10\/revisions"}],"wp:attachment":[{"href":"https:\/\/ciabbatta.com\/es\/wp-json\/wp\/v2\/media?parent=10"}],"curies":[{"name":"wp","href":"https:\/\/api.w.org\/{rel}","templated":true}]}}