{"id":11067,"date":"2024-04-24T07:13:42","date_gmt":"2024-04-24T07:13:42","guid":{"rendered":"https:\/\/ciabbatta.com\/?page_id=11067"},"modified":"2024-04-24T07:29:02","modified_gmt":"2024-04-24T07:29:02","slug":"declaracion-de-accesibilidad","status":"publish","type":"page","link":"https:\/\/ciabbatta.com\/es\/declaracion-de-accesibilidad\/","title":{"rendered":"Declaraci\u00f3n de accesibilidad"},"content":{"rendered":"\t\t<div data-elementor-type=\"wp-page\" data-elementor-id=\"11067\" class=\"elementor elementor-11067\" data-elementor-post-type=\"page\">\n\t\t\t\t<div class=\"elementor-element elementor-element-da2fdf1 aviso_legal e-flex e-con-boxed e-con e-parent\" data-id=\"da2fdf1\" data-element_type=\"container\" data-e-type=\"container\">\n\t\t\t\t\t<div class=\"e-con-inner\">\n\t\t\t\t<div class=\"elementor-element elementor-element-da280b7 elementor-widget elementor-widget-heading\" data-id=\"da280b7\" data-element_type=\"widget\" data-e-type=\"widget\" data-widget_type=\"heading.default\">\n\t\t\t\t<div class=\"elementor-widget-container\">\n\t\t\t\t\t<h1 class=\"elementor-heading-title elementor-size-default\">Declaraci\u00f3n de accesibilidad<\/h1>\t\t\t\t<\/div>\n\t\t\t\t<\/div>\n\t\t\t\t<div class=\"elementor-element elementor-element-2df3ba3 elementor-widget elementor-widget-text-editor\" data-id=\"2df3ba3\" data-element_type=\"widget\" data-e-type=\"widget\" data-widget_type=\"text-editor.default\">\n\t\t\t\t<div class=\"elementor-widget-container\">\n\t\t\t\t\t\t\t\t\t<div class=\"aviso-legal\"><h2>INTRODUCCION:<\/h2><p>El presente documento tiene como finalidad el establecer y regular las normas de uso de este portal web, entendiendo por \u00e9ste todas las p\u00e1ginas y sus contenidos, propiedad de <strong>[jet_engine component=\u00bboption\u00bb page=\u00bbdatos-de-empresa\u00bb field=\u00bbrazon-social\u00bb]<\/strong>, a las cuales se accede a trav\u00e9s del dominio [jet_engine component=\u00bboption\u00bb page=\u00bbdatos-de-empresa\u00bb field=\u00bbnombre-del-dominio\u00bb]<\/p><p>La utilizaci\u00f3n del portal web atribuye la condici\u00f3n de usuario del mismo e implica la aceptaci\u00f3n de todas las condiciones incluidas en el presente aviso legal.<\/p><p>El usuario se compromete a leer atentamente el presente aviso Legal en cada una de las ocasiones en que se proponga utilizar nuestro portal web, ya que \u00e9ste y sus condiciones de uso recogidas en el presente aviso legal pueden sufrir modificaciones.<\/p><h2>DATOS IDENTIFICATIVOS:<\/h2><p>En cumplimiento con el deber de informaci\u00f3n recogido en el art\u00edculo 10 de la Ley 34\/2002, de 11 de julio, de Servicios de la Sociedad de la Informaci\u00f3n y del Comercio Electr\u00f3nico, a continuaci\u00f3n, se reflejan los siguientes datos:<\/p><ul><li><strong>Raz\u00f3n social:<\/strong> [jet_engine component=\u00bboption\u00bb page=\u00bbdatos-de-empresa\u00bb field=\u00bbrazon-social\u00bb]<\/li><li><strong>CIF:<\/strong> [jet_engine component=\u00bboption\u00bb page=\u00bbdatos-de-empresa\u00bb field=\u00bbnif-cif\u00bb]<\/li><li><strong>Domicilio:<\/strong> [jet_engine component=\u00bboption\u00bb page=\u00bbdatos-de-empresa\u00bb field=\u00bbdomicilio\u00bb]<\/li><li><strong>Tel\u00e9fono:<\/strong> [jet_engine component=\u00bboption\u00bb page=\u00bbdatos-de-empresa\u00bb field=\u00bbtelefono\u00bb]<\/li><li><strong>Correo electr\u00f3nico:<\/strong> [jet_engine component=\u00bboption\u00bb page=\u00bbdatos-de-empresa\u00bb field=\u00bbcorreo-electronico\u00bb]<\/li><li><strong>Nombre del dominio: <\/strong>[jet_engine component=\u00bboption\u00bb page=\u00bbdatos-de-empresa\u00bb field=\u00bbnombre-del-dominio\u00bb]<\/li><\/ul><h2>USUARIAS Y USUARIOS:<\/h2><p>El acceso y uso de este portal , atribuye la condici\u00f3n de USUARIA\/O, que acepta, desde dicho accesoy uso, las Condiciones Generales de Uso aqu\u00ed reflejadas.<\/p><p>Las citadas Condiciones ser\u00e1n de aplicaci\u00f3n independientemente de las Condiciones Generales de Contrataci\u00f3n que en su caso resulten de obligado cumplimiento.<\/p><h2>USO DEL PORTAL:<\/h2><p>Proporciona el acceso a diversas informaciones sobre nuestra entidad, apartados de contacto, hiperenlaces a redes sociales, en adelante contenidos pertenecientes a <strong>[jet_engine component=\u00bboption\u00bb page=\u00bbdatos-de-empresa\u00bb field=\u00bbrazon-social\u00bb]<\/strong>, o a sus licenciadores, a los que la usuaria o el usuario pueda tener acceso.<\/p><p>La usuaria o el usuario asume la responsabilidad del uso del portal. Dicha responsabilidad se extiende al registro que fuese necesario para acceder a determinados servicios o contenidos, o bien para posibilitar la respuesta en relaci\u00f3n con sus consultas en los apartados de contacto de la presente p\u00e1gina web, etc. En dicho registro la usuaria o el usuario ser\u00e1 responsable de aportar informaci\u00f3n veraz y l\u00edcita.<\/p><h2>PROPIEDAD INTELECTUAL E INDUSTRIAL:<\/h2><p><strong>[jet_engine component=\u00bboption\u00bb page=\u00bbdatos-de-empresa\u00bb field=\u00bbrazon-social\u00bb]<\/strong>, por s\u00ed o como cesionaria, es titular de todos los derechos de propiedad intelectual e industrial de su p\u00e1gina web, as\u00ed como de los elementos contenidos en la misma (a t\u00edtulo enunciativo: im\u00e1genes, sonido, audio, v\u00eddeo, software o textos; marcas o logotipos, combinaciones de colores, estructura y dise\u00f1o, selecci\u00f3n de materiales usados, programas de ordenador necesarios para su funcionamiento, acceso y uso, etc.). Todos los derechos reservados.<\/p><p>En virtud de lo dispuesto en los art\u00edculos 8 y 32.2, p\u00e1rrafo segundo, de la Ley de Propiedad Intelectual, quedan expresamente prohibidas la reproducci\u00f3n, la distribuci\u00f3n y la comunicaci\u00f3n p\u00fablica, incluida su modalidad de puesta a disposici\u00f3n, de la totalidad o parte de los contenidos de esta p\u00e1gina web, con fines comerciales, en cualquier soporte y por cualquier medio t\u00e9cnico, sin la autorizaci\u00f3n de <strong>[jet_engine component=\u00bboption\u00bb page=\u00bbdatos-de-empresa\u00bb field=\u00bbrazon-social\u00bb]<\/strong>.<\/p><p>En ning\u00fan momento, salvo manifestaci\u00f3n expresa de lo contrario, el acceso, navegaci\u00f3n o utilizaci\u00f3n del sitio Web o de sus contenidos confiere a la usuaria o al usuario derecho alguno sobre signos distintivos en \u00e9l incluidos.<\/p><p>La usuaria o el usuario se compromete a respetar los derechos de Propiedad Intelectual e Industrial titularidad de <strong>[jet_engine component=\u00bboption\u00bb page=\u00bbdatos-de-empresa\u00bb field=\u00bbrazon-social\u00bb]<\/strong><\/p><p>En el caso de que la usuaria o el usuario env\u00ede informaci\u00f3n de cualquier tipo a <strong>[jet_engine component=\u00bboption\u00bb page=\u00bbdatos-de-empresa\u00bb field=\u00bbrazon-social\u00bb]<\/strong> a trav\u00e9s de cualquiera de los canales habilitados para ello dentro de nuestro portal web, la usuaria o el usuario declara, garantiza y acepta que tiene derecho a hacerlo con total libertad, que dicha informaci\u00f3n no infringe ning\u00fan derecho de propiedad intelectual, industrial, o cualesquiera otros derechos de terceras personas, y que dicha informaci\u00f3n no tiene car\u00e1cter confidencial ni es perjudicial para terceras personas.<\/p><h2>EXCLUSI\u00d3N DE GARANT\u00cdAS Y RESPONSABILIDAD:<\/h2><p><strong>[jet_engine component=\u00bboption\u00bb page=\u00bbdatos-de-empresa\u00bb field=\u00bbrazon-social\u00bb]<\/strong> no se hace responsable, en ning\u00fan caso, de los da\u00f1os y perjuicios de cualquier naturaleza que se pudieran ocasionar, a t\u00edtulo enunciativo: errores u omisiones en los contenidos, falta de disponibilidad del portal o la transmisi\u00f3n de virus o programas maliciosos o lesivos en los contenidos, a pesar de haber adoptado todas las medidas tecnol\u00f3gicas necesarias para evitarlo.<\/p><p>El contenido, informaci\u00f3n y consejos expresados en este portal web deben entenderse como simplemente orientativos. <strong>[jet_engine component=\u00bboption\u00bb page=\u00bbdatos-de-empresa\u00bb field=\u00bbrazon-social\u00bb]<\/strong> no responde de ninguna forma de la efectividad o exactitud de los mismos, quedando exento de cualquier responsabilidad con los usuarios y usuarias que hagan uso de ellos.<\/p><p>En este Sitio se pueden publicar contenidos y comentarios aportados por terceras personas. <strong>[jet_engine component=\u00bboption\u00bb page=\u00bbdatos-de-empresa\u00bb field=\u00bbrazon-social\u00bb]<\/strong> no responde de la veracidad y exactitud de los mismos, quedando exenta de cualquier responsabilidad con los usuarios y con las usuarias que hagan uso de ellos. <strong>[jet_engine component=\u00bboption\u00bb page=\u00bbdatos-de-empresa\u00bb field=\u00bbrazon-social\u00bb]<\/strong> se reserva el derecho de modificar el contenido del Sitio sin previo aviso y sin ning\u00fan tipo de limitaci\u00f3n. As\u00ed mismo, la empresa declina cualquier responsabilidad por los eventuales da\u00f1os y perjuicios que puedan ocasionarse por la falta de disponibilidad o continuidad de este sitio y de los servicios que se ofrecen en \u00e9l.<\/p><p>Tampoco podemos garantizar la ausencia de virus ni de otros elementos en la Web que puedan producir alteraciones en su sistema inform\u00e1tico. <strong>[jet_engine component=\u00bboption\u00bb page=\u00bbdatos-de-empresa\u00bb field=\u00bbrazon-social\u00bb]<\/strong> declina cualquier responsabilidad por los servicios e informaci\u00f3n que se preste en otros sitios enlazados con este, ya que no controla ni ejerce ning\u00fan tipo de supervisi\u00f3n en Sitios Webs de terceras personas.<\/p><p>Aconsejamos a las usuarias y a los usuarios de los mismos que act\u00faen con prudencia y que consulten las eventuales condiciones legales que se expongan en dichas Webs. As\u00ed mismo, los Usuarios\/as que remitan cualquier tipo de informaci\u00f3n a se asegurar\u00e1n de que la misma sea veraz y de que no vulnere cualquier derecho de terceras personas ni la legalidad vigente.<\/p><p>Si Ud. cree que cualquier contenido o informaci\u00f3n de este Sitio vulnera un derecho leg\u00edtimo o la legalidad vigente le estar\u00edamos muy agradecidos que se pusiera en contacto con nosotros a trav\u00e9s de los medios que considere oportunos bien a la direcci\u00f3n de correo electr\u00f3nico [jet_engine component=\u00bboption\u00bb page=\u00bbdatos-de-empresa\u00bb field=\u00bbcorreo-electronico\u00bb] o en el siguiente n\u00famero de tel\u00e9fono <strong>[jet_engine component=\u00bboption\u00bb page=\u00bbdatos-de-empresa\u00bb field=\u00bbtelefono\u00bb]<\/strong> para que podamos tomar las medidas oportunas.<\/p><h2>MODIFICACIONES:<\/h2><p><strong>[jet_engine component=\u00bboption\u00bb page=\u00bbdatos-de-empresa\u00bb field=\u00bbrazon-social\u00bb]<\/strong> se reserva el derecho de efectuar sin previo aviso las modificaciones que considere oportunas en su portal, pudiendo cambiar, suprimir o a\u00f1adir tanto los contenidos y servicios que se presten a trav\u00e9s de la misma como la forma en la que estos aparezcan presentados o localizados en su portal.<\/p><h2>ENLACES:<\/h2><p>En el caso de que en nombre del dominio se pusieran en funcionamiento enlaces o hiperv\u00ednculos que recayeran en otros sitios de Internet <strong>[jet_engine component=\u00bboption\u00bb page=\u00bbdatos-de-empresa\u00bb field=\u00bbrazon-social\u00bb]<\/strong> no ejercer\u00e1 ning\u00fan tipo de control sobre dichos sitios y contenidos.<\/p><p>En ning\u00fan caso <strong>[jet_engine component=\u00bboption\u00bb page=\u00bbdatos-de-empresa\u00bb field=\u00bbrazon-social\u00bb]<\/strong> asumir\u00e1 responsabilidad alguna por los contenidos de alg\u00fan enlace perteneciente a un sitio web ajeno, ni garantizar\u00e1 la disponibilidad t\u00e9cnica, calidad, fiabilidad, exactitud, amplitud, veracidad, validez y constitucionalidad de cualquier material o informaci\u00f3n contenida en ninguno de dichos hiperv\u00ednculos u otros sitios de Internet. Igualmente, la inclusi\u00f3n de estas conexiones externas no implicar\u00e1 ning\u00fan tipo de asociaci\u00f3n, fusi\u00f3n o participaci\u00f3n con las entidades conectadas.<\/p><p>La usuaria o el usuario reconoce y acepta que <strong>[jet_engine component=\u00bboption\u00bb page=\u00bbdatos-de-empresa\u00bb field=\u00bbrazon-social\u00bb]<\/strong> no ser\u00e1 responsable de las p\u00e9rdidas o da\u00f1os en que la usuaria o el usuario pueda incurrir a consecuencia de la disponibilidad de los mencionados sitios web o recursos externos, o a consecuencia de la credibilidad que otorgue a la exhaustividad, precisi\u00f3n o existencia de cualquier tipo de publicidad, productos u otros materiales ofrecidos a trav\u00e9s de dicho sitio web u otros recursos.<\/p><h2>DERECHO DE EXCLUSI\u00d3N:<\/h2><p><strong>[jet_engine component=\u00bboption\u00bb page=\u00bbdatos-de-empresa\u00bb field=\u00bbrazon-social\u00bb]<\/strong> se reserva el derecho a denegar o retirar el acceso a portal o a los servicios ofrecidos sin necesidad de preaviso, a instancia propia o de terceras personas, a aquellos usuarios y a aquellas usuarias que incumplan las presentes Condiciones Generales de Uso.<\/p><h2>GENERALIDADES:<\/h2><p><strong>[jet_engine component=\u00bboption\u00bb page=\u00bbdatos-de-empresa\u00bb field=\u00bbrazon-social\u00bb]<\/strong> perseguir\u00e1 el incumplimiento de las presentes condiciones, as\u00ed como cualquier utilizaci\u00f3n indebida de su portal ejerciendo todas las acciones civiles y penales que le puedan corresponder en derecho.<\/p><h2>LEGISLACI\u00d3N APLICABLE Y JURISDICCI\u00d3N:<\/h2><p>La relaci\u00f3n entre <strong>[jet_engine component=\u00bboption\u00bb page=\u00bbdatos-de-empresa\u00bb field=\u00bbrazon-social\u00bb]<\/strong> y la usuaria o el usuario se regir\u00e1 por la normativa espa\u00f1ola vigente. Y siempre que la normativa vigente al efecto establezca la posibilidad para las partes la sumisi\u00f3n a un fuero determinado cualquier controversia entre la persona responsable del sitio web y la usuaria o el usuario se someter\u00e1 a los Juzgados y tribunales de la ciudad de <strong>[jet_engine component=\u00bboption\u00bb page=\u00bbdatos-de-empresa\u00bb field=\u00bbtribunales-de-nombre-ciudad\u00bb]<\/strong><\/p><h2>PLATAFORMA EUROPEA DE RESOLUCI\u00d3N DE CONFLICTOS EN L\u00cdNEA:<\/h2><p>Le informamos que ante cualquier problema que pueda derivarse del servicio contratado o producto vendido, puede utilizar la plataforma europea de resoluci\u00f3n de disputas online, esta es: <a href=\"https:\/\/ec.europa.eu\/consumers\/odr\/main\/index.cfm?event=main.home.show&amp;lng=ES.\">https:\/\/ec.europa.eu\/consumers\/odr\/main\/index.cfm?event=main.home.show&amp;lng=ES.<\/a><\/p><\/div>\t\t\t\t\t\t\t\t<\/div>\n\t\t\t\t<\/div>\n\t\t\t\t\t<\/div>\n\t\t\t\t<\/div>\n\t\t\t\t<\/div>\n\t\t","protected":false},"excerpt":{"rendered":"","protected":false},"author":1,"featured_media":0,"parent":0,"menu_order":0,"comment_status":"closed","ping_status":"closed","template":"","meta":{"_acf_changed":false,"inline_featured_image":false,"_monsterinsights_skip_tracking":false,"_monsterinsights_sitenote_active":false,"_monsterinsights_sitenote_note":"","_monsterinsights_sitenote_category":0,"_joinchat":[],"footnotes":""},"class_list":["post-11067","page","type-page","status-publish","hentry"],"acf":[],"yoast_head":"<!-- This site is optimized with the Yoast SEO Premium plugin v24.0 (Yoast SEO v27.5) - https:\/\/yoast.com\/product\/yoast-seo-premium-wordpress\/ -->\n<title>Declaraci\u00f3n de accesibilidad - CIABBATTA<\/title>\n<meta name=\"robots\" content=\"index, follow, max-snippet:-1, max-image-preview:large, max-video-preview:-1\" \/>\n<link rel=\"canonical\" href=\"https:\/\/ciabbatta.com\/es\/declaracion-de-accesibilidad\/\" \/>\n<meta property=\"og:locale\" content=\"es_ES\" \/>\n<meta property=\"og:type\" content=\"article\" \/>\n<meta property=\"og:title\" content=\"Declaraci\u00f3n de accesibilidad\" \/>\n<meta property=\"og:url\" content=\"https:\/\/ciabbatta.com\/es\/declaracion-de-accesibilidad\/\" \/>\n<meta property=\"og:site_name\" content=\"CIABBATTA\" \/>\n<meta property=\"article:modified_time\" content=\"2024-04-24T07:29:02+00:00\" \/>\n<meta name=\"twitter:card\" content=\"summary_large_image\" \/>\n<meta name=\"twitter:label1\" content=\"Tiempo de lectura\" \/>\n\t<meta name=\"twitter:data1\" content=\"1 minuto\" \/>\n<script type=\"application\/ld+json\" class=\"yoast-schema-graph\">{\"@context\":\"https:\\\/\\\/schema.org\",\"@graph\":[{\"@type\":\"WebPage\",\"@id\":\"https:\\\/\\\/ciabbatta.com\\\/es\\\/declaracion-de-accesibilidad\\\/\",\"url\":\"https:\\\/\\\/ciabbatta.com\\\/es\\\/declaracion-de-accesibilidad\\\/\",\"name\":\"Declaraci\u00f3n de accesibilidad - CIABBATTA\",\"isPartOf\":{\"@id\":\"https:\\\/\\\/ciabbatta.com\\\/es\\\/#website\"},\"datePublished\":\"2024-04-24T07:13:42+00:00\",\"dateModified\":\"2024-04-24T07:29:02+00:00\",\"breadcrumb\":{\"@id\":\"https:\\\/\\\/ciabbatta.com\\\/es\\\/declaracion-de-accesibilidad\\\/#breadcrumb\"},\"inLanguage\":\"es\",\"potentialAction\":[{\"@type\":\"ReadAction\",\"target\":[\"https:\\\/\\\/ciabbatta.com\\\/es\\\/declaracion-de-accesibilidad\\\/\"]}]},{\"@type\":\"BreadcrumbList\",\"@id\":\"https:\\\/\\\/ciabbatta.com\\\/es\\\/declaracion-de-accesibilidad\\\/#breadcrumb\",\"itemListElement\":[{\"@type\":\"ListItem\",\"position\":1,\"name\":\"Portada\",\"item\":\"https:\\\/\\\/ciabbatta.com\\\/es\\\/tienda\\\/\"},{\"@type\":\"ListItem\",\"position\":2,\"name\":\"Declaraci\u00f3n de accesibilidad\"}]},{\"@type\":\"WebSite\",\"@id\":\"https:\\\/\\\/ciabbatta.com\\\/es\\\/#website\",\"url\":\"https:\\\/\\\/ciabbatta.com\\\/es\\\/\",\"name\":\"Ciabbatta, Artesans del Pa\",\"description\":\"Tienda Online - Panader\u00eda, pasteler\u00eda\",\"publisher\":{\"@id\":\"https:\\\/\\\/ciabbatta.com\\\/es\\\/#organization\"},\"potentialAction\":[{\"@type\":\"SearchAction\",\"target\":{\"@type\":\"EntryPoint\",\"urlTemplate\":\"https:\\\/\\\/ciabbatta.com\\\/es\\\/?s={search_term_string}\"},\"query-input\":{\"@type\":\"PropertyValueSpecification\",\"valueRequired\":true,\"valueName\":\"search_term_string\"}}],\"inLanguage\":\"es\"},{\"@type\":\"Organization\",\"@id\":\"https:\\\/\\\/ciabbatta.com\\\/es\\\/#organization\",\"name\":\"Ciabbatta, Artesans del Pa\",\"url\":\"https:\\\/\\\/ciabbatta.com\\\/es\\\/\",\"logo\":{\"@type\":\"ImageObject\",\"inLanguage\":\"es\",\"@id\":\"https:\\\/\\\/ciabbatta.com\\\/es\\\/#\\\/schema\\\/logo\\\/image\\\/\",\"url\":\"https:\\\/\\\/ciabbatta.com\\\/wp-content\\\/uploads\\\/Logotipo-CIABBATTA-Vertical-con-fondo-web.png\",\"contentUrl\":\"https:\\\/\\\/ciabbatta.com\\\/wp-content\\\/uploads\\\/Logotipo-CIABBATTA-Vertical-con-fondo-web.png\",\"width\":600,\"height\":452,\"caption\":\"Ciabbatta, Artesans del Pa\"},\"image\":{\"@id\":\"https:\\\/\\\/ciabbatta.com\\\/es\\\/#\\\/schema\\\/logo\\\/image\\\/\"},\"sameAs\":[\"https:\\\/\\\/www.instagram.com\\\/ciabbattacat?igsh=eTJiano3ZGw0cm8y\"]}]}<\/script>\n<!-- \/ Yoast SEO Premium plugin. -->","yoast_head_json":{"title":"Declaraci\u00f3n de accesibilidad - CIABBATTA","robots":{"index":"index","follow":"follow","max-snippet":"max-snippet:-1","max-image-preview":"max-image-preview:large","max-video-preview":"max-video-preview:-1"},"canonical":"https:\/\/ciabbatta.com\/es\/declaracion-de-accesibilidad\/","og_locale":"es_ES","og_type":"article","og_title":"Declaraci\u00f3n de accesibilidad","og_url":"https:\/\/ciabbatta.com\/es\/declaracion-de-accesibilidad\/","og_site_name":"CIABBATTA","article_modified_time":"2024-04-24T07:29:02+00:00","twitter_card":"summary_large_image","twitter_misc":{"Tiempo de lectura":"1 minuto"},"schema":{"@context":"https:\/\/schema.org","@graph":[{"@type":"WebPage","@id":"https:\/\/ciabbatta.com\/es\/declaracion-de-accesibilidad\/","url":"https:\/\/ciabbatta.com\/es\/declaracion-de-accesibilidad\/","name":"Declaraci\u00f3n de accesibilidad - CIABBATTA","isPartOf":{"@id":"https:\/\/ciabbatta.com\/es\/#website"},"datePublished":"2024-04-24T07:13:42+00:00","dateModified":"2024-04-24T07:29:02+00:00","breadcrumb":{"@id":"https:\/\/ciabbatta.com\/es\/declaracion-de-accesibilidad\/#breadcrumb"},"inLanguage":"es","potentialAction":[{"@type":"ReadAction","target":["https:\/\/ciabbatta.com\/es\/declaracion-de-accesibilidad\/"]}]},{"@type":"BreadcrumbList","@id":"https:\/\/ciabbatta.com\/es\/declaracion-de-accesibilidad\/#breadcrumb","itemListElement":[{"@type":"ListItem","position":1,"name":"Portada","item":"https:\/\/ciabbatta.com\/es\/tienda\/"},{"@type":"ListItem","position":2,"name":"Declaraci\u00f3n de accesibilidad"}]},{"@type":"WebSite","@id":"https:\/\/ciabbatta.com\/es\/#website","url":"https:\/\/ciabbatta.com\/es\/","name":"Ciabbatta, Artesans del Pa","description":"Tienda Online - Panader\u00eda, pasteler\u00eda","publisher":{"@id":"https:\/\/ciabbatta.com\/es\/#organization"},"potentialAction":[{"@type":"SearchAction","target":{"@type":"EntryPoint","urlTemplate":"https:\/\/ciabbatta.com\/es\/?s={search_term_string}"},"query-input":{"@type":"PropertyValueSpecification","valueRequired":true,"valueName":"search_term_string"}}],"inLanguage":"es"},{"@type":"Organization","@id":"https:\/\/ciabbatta.com\/es\/#organization","name":"Ciabbatta, Artesans del Pa","url":"https:\/\/ciabbatta.com\/es\/","logo":{"@type":"ImageObject","inLanguage":"es","@id":"https:\/\/ciabbatta.com\/es\/#\/schema\/logo\/image\/","url":"https:\/\/ciabbatta.com\/wp-content\/uploads\/Logotipo-CIABBATTA-Vertical-con-fondo-web.png","contentUrl":"https:\/\/ciabbatta.com\/wp-content\/uploads\/Logotipo-CIABBATTA-Vertical-con-fondo-web.png","width":600,"height":452,"caption":"Ciabbatta, Artesans del Pa"},"image":{"@id":"https:\/\/ciabbatta.com\/es\/#\/schema\/logo\/image\/"},"sameAs":["https:\/\/www.instagram.com\/ciabbattacat?igsh=eTJiano3ZGw0cm8y"]}]}},"_links":{"self":[{"href":"https:\/\/ciabbatta.com\/es\/wp-json\/wp\/v2\/pages\/11067","targetHints":{"allow":["GET"]}}],"collection":[{"href":"https:\/\/ciabbatta.com\/es\/wp-json\/wp\/v2\/pages"}],"about":[{"href":"https:\/\/ciabbatta.com\/es\/wp-json\/wp\/v2\/types\/page"}],"author":[{"embeddable":true,"href":"https:\/\/ciabbatta.com\/es\/wp-json\/wp\/v2\/users\/1"}],"replies":[{"embeddable":true,"href":"https:\/\/ciabbatta.com\/es\/wp-json\/wp\/v2\/comments?post=11067"}],"version-history":[{"count":0,"href":"https:\/\/ciabbatta.com\/es\/wp-json\/wp\/v2\/pages\/11067\/revisions"}],"wp:attachment":[{"href":"https:\/\/ciabbatta.com\/es\/wp-json\/wp\/v2\/media?parent=11067"}],"curies":[{"name":"wp","href":"https:\/\/api.w.org\/{rel}","templated":true}]}}