{"id":15211,"date":"2025-03-19T07:34:40","date_gmt":"2025-03-19T07:34:40","guid":{"rendered":"https:\/\/ciabbatta.com\/?page_id=15211"},"modified":"2026-04-22T08:14:33","modified_gmt":"2026-04-22T08:14:33","slug":"sobre-nosotros","status":"publish","type":"page","link":"https:\/\/ciabbatta.com\/es\/sobre-nosotros\/","title":{"rendered":"Sobre Nosotros"},"content":{"rendered":"\t\t<div data-elementor-type=\"wp-page\" data-elementor-id=\"15211\" class=\"elementor elementor-15211\" data-elementor-post-type=\"page\">\n\t\t\t\t<div class=\"elementor-element elementor-element-4a4de0b e-flex e-con-boxed e-con e-parent\" data-id=\"4a4de0b\" data-element_type=\"container\" data-e-type=\"container\" data-settings=\"{&quot;background_background&quot;:&quot;classic&quot;}\">\n\t\t\t\t\t<div class=\"e-con-inner\">\n\t\t\t\t<div class=\"elementor-element elementor-element-7659a3b elementor-widget elementor-widget-heading\" data-id=\"7659a3b\" data-element_type=\"widget\" data-e-type=\"widget\" data-widget_type=\"heading.default\">\n\t\t\t\t<div class=\"elementor-widget-container\">\n\t\t\t\t\t<h1 class=\"elementor-heading-title elementor-size-default\">Sobre nosotros<\/h1>\t\t\t\t<\/div>\n\t\t\t\t<\/div>\n\t\t\t\t\t<\/div>\n\t\t\t\t<\/div>\n\t\t<div class=\"elementor-element elementor-element-738f326 e-flex e-con-boxed e-con e-parent\" data-id=\"738f326\" data-element_type=\"container\" data-e-type=\"container\">\n\t\t\t\t\t<div class=\"e-con-inner\">\n\t\t\t\t<div class=\"elementor-element elementor-element-8179204 elementor-widget elementor-widget-heading\" data-id=\"8179204\" data-element_type=\"widget\" data-e-type=\"widget\" data-widget_type=\"heading.default\">\n\t\t\t\t<div class=\"elementor-widget-container\">\n\t\t\t\t\t<h2 class=\"elementor-heading-title elementor-size-default\">Casi 100 a\u00f1os de generaciones de panaderos<\/h2>\t\t\t\t<\/div>\n\t\t\t\t<\/div>\n\t\t\t\t<div class=\"elementor-element elementor-element-8463680 elementor-widget elementor-widget-text-editor\" data-id=\"8463680\" data-element_type=\"widget\" data-e-type=\"widget\" data-widget_type=\"text-editor.default\">\n\t\t\t\t<div class=\"elementor-widget-container\">\n\t\t\t\t\t\t\t\t\t<p>En 1926, Joan Rey se estableci\u00f3 en el peque\u00f1o molino conocido por el nombre de \u201cMol\u00ed de la Corriu\u201d, en Guixers (Lleida), donde plantaba y mol\u00eda el trigo con el que su esposa, Carme, har\u00eda pan y comida para los viajantes de la conrada.<\/p><p>En 1952, su hijo Lloren\u00e7 se traslad\u00f3 a la comarca del Bergad\u00e0 para iniciarse y formarse en el oficio de panadero, adquiriendo su primer horno en propiedad en la poblaci\u00f3n de Avi\u00e0 en 1956.<\/p><p>En el af\u00e1n de abrirse camino y, con la ayuda de su esposa Ma.Dolors, en 1964 se trasladan a Sant Just Desvern, donde adquirieron la antigua Casa Masclans y que durante m\u00e1s de 35 a\u00f1os fue conocida como el horno de cal Rey.<\/p><p>Con la actual generaci\u00f3n y bajo la direcci\u00f3n que logr\u00f3 Lloren\u00e7 Rey i Casas, en 1991 se constituy\u00f3 CIABBATTA, como heredera de la tradici\u00f3n de una saga de maestros panaderos, que abre su primer establecimiento en 1999 en Esplugues de Llobregat.<\/p><p>Despu\u00e9s de adquirir y remodelar los antiguos locales de la familia Rey en Sant Just Desvern y de posteriores incorporaciones, CIABBATTA cuenta actualmente con seis establecimientos de panader\u00eda, pasteler\u00eda y cafeter\u00eda en Sant Just Desvern, Esplugues de Llobregat y Sant Joan Desp\u00ed, para los que elabora y distribuye desde su centro de producci\u00f3n en el pol\u00edn establecimiento.<\/p><p>En 2024 los hijos de Lloren\u00e7, N\u00faria y Oriol, decidieron seguir con el negocio familiar y llevarlo al siguiente nivel. Su objetivo es crear un negocio que ofrezca la calidad de los productos tradicionales artesanales con un toque moderno e innovador.<\/p><p>Con todo esto y con un equipo de trabajo din\u00e1mico y profesional de m\u00e1s de 40 personas, los establecimientos CIABBATTA ofrecen al cliente una atenci\u00f3n personal y especializada, capaz de cubrir buena parte de sus necesidades alimenticias desde la hora del desayuno hasta el atardecer y con especial atenci\u00f3n a los eventos personales y reuniones profesionales<\/p>\t\t\t\t\t\t\t\t<\/div>\n\t\t\t\t<\/div>\n\t\t\t\t\t<\/div>\n\t\t\t\t<\/div>\n\t\t\t\t<\/div>\n\t\t","protected":false},"excerpt":{"rendered":"<p>Sobre nosotros Casi 100 a\u00f1os de generaciones de panaderos En 1926, Joan Rey se estableci\u00f3 en el peque\u00f1o molino conocido por el nombre de \u201cMol\u00ed de la Corriu\u201d, en Guixers (Lleida), donde plantaba y mol\u00eda el trigo con el que su esposa, Carme, har\u00eda pan y comida para los viajantes de la conrada. En 1952, [&hellip;]<\/p>\n","protected":false},"author":1,"featured_media":0,"parent":0,"menu_order":0,"comment_status":"closed","ping_status":"closed","template":"elementor_header_footer","meta":{"_acf_changed":false,"inline_featured_image":false,"_monsterinsights_skip_tracking":false,"_monsterinsights_sitenote_active":false,"_monsterinsights_sitenote_note":"","_monsterinsights_sitenote_category":0,"_joinchat":[],"footnotes":""},"class_list":["post-15211","page","type-page","status-publish","hentry"],"acf":[],"yoast_head":"<!-- This site is optimized with the Yoast SEO Premium plugin v24.0 (Yoast SEO v27.5) - https:\/\/yoast.com\/product\/yoast-seo-premium-wordpress\/ -->\n<title>Sobre Nosotros - CIABBATTA<\/title>\n<meta name=\"robots\" content=\"index, follow, max-snippet:-1, max-image-preview:large, max-video-preview:-1\" \/>\n<link rel=\"canonical\" href=\"https:\/\/ciabbatta.com\/es\/sobre-nosotros\/\" \/>\n<meta property=\"og:locale\" content=\"es_ES\" \/>\n<meta property=\"og:type\" content=\"article\" \/>\n<meta property=\"og:title\" content=\"Sobre Nosotros\" \/>\n<meta property=\"og:description\" content=\"Sobre nosotros Casi 100 a\u00f1os de generaciones de panaderos En 1926, Joan Rey se estableci\u00f3 en el peque\u00f1o molino conocido por el nombre de \u201cMol\u00ed de la Corriu\u201d, en Guixers (Lleida), donde plantaba y mol\u00eda el trigo con el que su esposa, Carme, har\u00eda pan y comida para los viajantes de la conrada. En 1952, [&hellip;]\" \/>\n<meta property=\"og:url\" content=\"https:\/\/ciabbatta.com\/es\/sobre-nosotros\/\" \/>\n<meta property=\"og:site_name\" content=\"CIABBATTA\" \/>\n<meta property=\"article:modified_time\" content=\"2026-04-22T08:14:33+00:00\" \/>\n<meta name=\"twitter:card\" content=\"summary_large_image\" \/>\n<meta name=\"twitter:label1\" content=\"Tiempo de lectura\" \/>\n\t<meta name=\"twitter:data1\" content=\"2 minutos\" \/>\n<script type=\"application\/ld+json\" class=\"yoast-schema-graph\">{\"@context\":\"https:\\\/\\\/schema.org\",\"@graph\":[{\"@type\":\"WebPage\",\"@id\":\"https:\\\/\\\/ciabbatta.com\\\/es\\\/sobre-nosotros\\\/\",\"url\":\"https:\\\/\\\/ciabbatta.com\\\/es\\\/sobre-nosotros\\\/\",\"name\":\"Sobre Nosotros - CIABBATTA\",\"isPartOf\":{\"@id\":\"https:\\\/\\\/ciabbatta.com\\\/es\\\/#website\"},\"datePublished\":\"2025-03-19T07:34:40+00:00\",\"dateModified\":\"2026-04-22T08:14:33+00:00\",\"breadcrumb\":{\"@id\":\"https:\\\/\\\/ciabbatta.com\\\/es\\\/sobre-nosotros\\\/#breadcrumb\"},\"inLanguage\":\"es\",\"potentialAction\":[{\"@type\":\"ReadAction\",\"target\":[\"https:\\\/\\\/ciabbatta.com\\\/es\\\/sobre-nosotros\\\/\"]}]},{\"@type\":\"BreadcrumbList\",\"@id\":\"https:\\\/\\\/ciabbatta.com\\\/es\\\/sobre-nosotros\\\/#breadcrumb\",\"itemListElement\":[{\"@type\":\"ListItem\",\"position\":1,\"name\":\"Portada\",\"item\":\"https:\\\/\\\/ciabbatta.com\\\/es\\\/tienda\\\/\"},{\"@type\":\"ListItem\",\"position\":2,\"name\":\"Sobre Nosotros\"}]},{\"@type\":\"WebSite\",\"@id\":\"https:\\\/\\\/ciabbatta.com\\\/es\\\/#website\",\"url\":\"https:\\\/\\\/ciabbatta.com\\\/es\\\/\",\"name\":\"Ciabbatta, Artesans del Pa\",\"description\":\"Tienda Online - Panader\u00eda, pasteler\u00eda\",\"publisher\":{\"@id\":\"https:\\\/\\\/ciabbatta.com\\\/es\\\/#organization\"},\"potentialAction\":[{\"@type\":\"SearchAction\",\"target\":{\"@type\":\"EntryPoint\",\"urlTemplate\":\"https:\\\/\\\/ciabbatta.com\\\/es\\\/?s={search_term_string}\"},\"query-input\":{\"@type\":\"PropertyValueSpecification\",\"valueRequired\":true,\"valueName\":\"search_term_string\"}}],\"inLanguage\":\"es\"},{\"@type\":\"Organization\",\"@id\":\"https:\\\/\\\/ciabbatta.com\\\/es\\\/#organization\",\"name\":\"Ciabbatta, Artesans del Pa\",\"url\":\"https:\\\/\\\/ciabbatta.com\\\/es\\\/\",\"logo\":{\"@type\":\"ImageObject\",\"inLanguage\":\"es\",\"@id\":\"https:\\\/\\\/ciabbatta.com\\\/es\\\/#\\\/schema\\\/logo\\\/image\\\/\",\"url\":\"https:\\\/\\\/ciabbatta.com\\\/wp-content\\\/uploads\\\/Logotipo-CIABBATTA-Vertical-con-fondo-web.png\",\"contentUrl\":\"https:\\\/\\\/ciabbatta.com\\\/wp-content\\\/uploads\\\/Logotipo-CIABBATTA-Vertical-con-fondo-web.png\",\"width\":600,\"height\":452,\"caption\":\"Ciabbatta, Artesans del Pa\"},\"image\":{\"@id\":\"https:\\\/\\\/ciabbatta.com\\\/es\\\/#\\\/schema\\\/logo\\\/image\\\/\"},\"sameAs\":[\"https:\\\/\\\/www.instagram.com\\\/ciabbattacat?igsh=eTJiano3ZGw0cm8y\"]}]}<\/script>\n<!-- \/ Yoast SEO Premium plugin. -->","yoast_head_json":{"title":"Sobre Nosotros - CIABBATTA","robots":{"index":"index","follow":"follow","max-snippet":"max-snippet:-1","max-image-preview":"max-image-preview:large","max-video-preview":"max-video-preview:-1"},"canonical":"https:\/\/ciabbatta.com\/es\/sobre-nosotros\/","og_locale":"es_ES","og_type":"article","og_title":"Sobre Nosotros","og_description":"Sobre nosotros Casi 100 a\u00f1os de generaciones de panaderos En 1926, Joan Rey se estableci\u00f3 en el peque\u00f1o molino conocido por el nombre de \u201cMol\u00ed de la Corriu\u201d, en Guixers (Lleida), donde plantaba y mol\u00eda el trigo con el que su esposa, Carme, har\u00eda pan y comida para los viajantes de la conrada. En 1952, [&hellip;]","og_url":"https:\/\/ciabbatta.com\/es\/sobre-nosotros\/","og_site_name":"CIABBATTA","article_modified_time":"2026-04-22T08:14:33+00:00","twitter_card":"summary_large_image","twitter_misc":{"Tiempo de lectura":"2 minutos"},"schema":{"@context":"https:\/\/schema.org","@graph":[{"@type":"WebPage","@id":"https:\/\/ciabbatta.com\/es\/sobre-nosotros\/","url":"https:\/\/ciabbatta.com\/es\/sobre-nosotros\/","name":"Sobre Nosotros - CIABBATTA","isPartOf":{"@id":"https:\/\/ciabbatta.com\/es\/#website"},"datePublished":"2025-03-19T07:34:40+00:00","dateModified":"2026-04-22T08:14:33+00:00","breadcrumb":{"@id":"https:\/\/ciabbatta.com\/es\/sobre-nosotros\/#breadcrumb"},"inLanguage":"es","potentialAction":[{"@type":"ReadAction","target":["https:\/\/ciabbatta.com\/es\/sobre-nosotros\/"]}]},{"@type":"BreadcrumbList","@id":"https:\/\/ciabbatta.com\/es\/sobre-nosotros\/#breadcrumb","itemListElement":[{"@type":"ListItem","position":1,"name":"Portada","item":"https:\/\/ciabbatta.com\/es\/tienda\/"},{"@type":"ListItem","position":2,"name":"Sobre Nosotros"}]},{"@type":"WebSite","@id":"https:\/\/ciabbatta.com\/es\/#website","url":"https:\/\/ciabbatta.com\/es\/","name":"Ciabbatta, Artesans del Pa","description":"Tienda Online - Panader\u00eda, pasteler\u00eda","publisher":{"@id":"https:\/\/ciabbatta.com\/es\/#organization"},"potentialAction":[{"@type":"SearchAction","target":{"@type":"EntryPoint","urlTemplate":"https:\/\/ciabbatta.com\/es\/?s={search_term_string}"},"query-input":{"@type":"PropertyValueSpecification","valueRequired":true,"valueName":"search_term_string"}}],"inLanguage":"es"},{"@type":"Organization","@id":"https:\/\/ciabbatta.com\/es\/#organization","name":"Ciabbatta, Artesans del Pa","url":"https:\/\/ciabbatta.com\/es\/","logo":{"@type":"ImageObject","inLanguage":"es","@id":"https:\/\/ciabbatta.com\/es\/#\/schema\/logo\/image\/","url":"https:\/\/ciabbatta.com\/wp-content\/uploads\/Logotipo-CIABBATTA-Vertical-con-fondo-web.png","contentUrl":"https:\/\/ciabbatta.com\/wp-content\/uploads\/Logotipo-CIABBATTA-Vertical-con-fondo-web.png","width":600,"height":452,"caption":"Ciabbatta, Artesans del Pa"},"image":{"@id":"https:\/\/ciabbatta.com\/es\/#\/schema\/logo\/image\/"},"sameAs":["https:\/\/www.instagram.com\/ciabbattacat?igsh=eTJiano3ZGw0cm8y"]}]}},"_links":{"self":[{"href":"https:\/\/ciabbatta.com\/es\/wp-json\/wp\/v2\/pages\/15211","targetHints":{"allow":["GET"]}}],"collection":[{"href":"https:\/\/ciabbatta.com\/es\/wp-json\/wp\/v2\/pages"}],"about":[{"href":"https:\/\/ciabbatta.com\/es\/wp-json\/wp\/v2\/types\/page"}],"author":[{"embeddable":true,"href":"https:\/\/ciabbatta.com\/es\/wp-json\/wp\/v2\/users\/1"}],"replies":[{"embeddable":true,"href":"https:\/\/ciabbatta.com\/es\/wp-json\/wp\/v2\/comments?post=15211"}],"version-history":[{"count":6,"href":"https:\/\/ciabbatta.com\/es\/wp-json\/wp\/v2\/pages\/15211\/revisions"}],"predecessor-version":[{"id":18501,"href":"https:\/\/ciabbatta.com\/es\/wp-json\/wp\/v2\/pages\/15211\/revisions\/18501"}],"wp:attachment":[{"href":"https:\/\/ciabbatta.com\/es\/wp-json\/wp\/v2\/media?parent=15211"}],"curies":[{"name":"wp","href":"https:\/\/api.w.org\/{rel}","templated":true}]}}