{"id":334,"date":"2020-07-31T07:33:04","date_gmt":"2020-07-31T07:33:04","guid":{"rendered":"https:\/\/demo.crocoblock.com\/zolden\/?page_id=334"},"modified":"2024-11-26T09:02:56","modified_gmt":"2024-11-26T09:02:56","slug":"inicio","status":"publish","type":"page","link":"https:\/\/ciabbatta.com\/es\/inicio\/","title":{"rendered":"Inicio"},"content":{"rendered":"\t\t<div data-elementor-type=\"wp-page\" data-elementor-id=\"334\" class=\"elementor elementor-334\" data-elementor-post-type=\"page\">\n\t\t\t\t<div class=\"elementor-element elementor-element-8cb2b96 e-con-full e-flex e-con e-parent\" data-id=\"8cb2b96\" data-element_type=\"container\" data-e-type=\"container\">\n\t\t\t\t<\/div>\n\t\t<div class=\"elementor-element elementor-element-4a3bb92 e-flex e-con-boxed e-con e-parent\" data-id=\"4a3bb92\" data-element_type=\"container\" data-e-type=\"container\" data-settings=\"{&quot;background_background&quot;:&quot;classic&quot;}\">\n\t\t\t\t\t<div class=\"e-con-inner\">\n\t\t\t\t<div class=\"elementor-element elementor-element-9c7b6d4 elementor-widget elementor-widget-heading\" data-id=\"9c7b6d4\" data-element_type=\"widget\" data-e-type=\"widget\" data-widget_type=\"heading.default\">\n\t\t\t\t<div class=\"elementor-widget-container\">\n\t\t\t\t\t<div class=\"elementor-heading-title elementor-size-default\">Elige tu tienda  y fecha de recogida para ver disponibilid<\/div>\t\t\t\t<\/div>\n\t\t\t\t<\/div>\n\t\t\t\t\t<\/div>\n\t\t\t\t<\/div>\n\t\t<div class=\"elementor-element elementor-element-ea93a4d e-flex e-con-boxed e-con e-parent\" data-id=\"ea93a4d\" data-element_type=\"container\" data-e-type=\"container\" data-settings=\"{&quot;background_background&quot;:&quot;classic&quot;}\">\n\t\t\t\t\t<div class=\"e-con-inner\">\n\t\t\t\t<div class=\"elementor-element elementor-element-b4f7fe8 elementor-widget elementor-widget-heading\" data-id=\"b4f7fe8\" data-element_type=\"widget\" data-e-type=\"widget\" data-widget_type=\"heading.default\">\n\t\t\t\t<div class=\"elementor-widget-container\">\n\t\t\t\t\t<h1 class=\"elementor-heading-title elementor-size-default\">CIABBATTA: Tienda Online<\/h1>\t\t\t\t<\/div>\n\t\t\t\t<\/div>\n\t\t\t\t<div class=\"elementor-element elementor-element-62eed91 elementor-widget elementor-widget-heading\" data-id=\"62eed91\" data-element_type=\"widget\" data-e-type=\"widget\" data-widget_type=\"heading.default\">\n\t\t\t\t<div class=\"elementor-widget-container\">\n\t\t\t\t\t<div class=\"elementor-heading-title elementor-size-default\">\u201cBaking smiles, brewing happiness\u201d<\/div>\t\t\t\t<\/div>\n\t\t\t\t<\/div>\n\t\t\t\t<div class=\"elementor-element elementor-element-c5c3dea elementor-widget elementor-widget-text-editor\" data-id=\"c5c3dea\" data-element_type=\"widget\" data-e-type=\"widget\" data-widget_type=\"text-editor.default\">\n\t\t\t\t<div class=\"elementor-widget-container\">\n\t\t\t\t\t\t\t\t\t<p>\u00a1Bienvenidos a nuestra nueva tienda online! Ahora puedes comprar y encargar nuestros productos de pan, boller\u00eda, pasteler\u00eda y bandejas especiales de manera f\u00e1cil y c\u00f3moda. Haz tu pedido online y rec\u00f3gelo en la tienda CIABBATTA que prefieras, sin esperas.<br \/><strong>\u00a1Tradici\u00f3n y calidad a tu alcance con un solo clic!<\/strong><\/p>\t\t\t\t\t\t\t\t<\/div>\n\t\t\t\t<\/div>\n\t\t\t\t\t<\/div>\n\t\t\t\t<\/div>\n\t\t<div class=\"elementor-element elementor-element-88be40f e-flex e-con-boxed e-con e-parent\" data-id=\"88be40f\" data-element_type=\"container\" data-e-type=\"container\">\n\t\t\t\t\t<div class=\"e-con-inner\">\n\t\t\t\t<div class=\"elementor-element elementor-element-c66c558 elementor-widget elementor-widget-heading\" data-id=\"c66c558\" data-element_type=\"widget\" data-e-type=\"widget\" data-widget_type=\"heading.default\">\n\t\t\t\t<div class=\"elementor-widget-container\">\n\t\t\t\t\t<h2 class=\"elementor-heading-title elementor-size-default\">Novedades<\/h2>\t\t\t\t<\/div>\n\t\t\t\t<\/div>\n\t\t\t\t\t<\/div>\n\t\t\t\t<\/div>\n\t\t<div class=\"elementor-element elementor-element-9d4d8f9 zona-categorias-iconos e-flex e-con-boxed e-con e-parent\" data-id=\"9d4d8f9\" data-element_type=\"container\" data-e-type=\"container\" data-settings=\"{&quot;background_background&quot;:&quot;classic&quot;}\">\n\t\t\t\t\t<div class=\"e-con-inner\">\n\t\t\t\t<div class=\"elementor-element elementor-element-2ce3b9e elementor-widget elementor-widget-heading\" data-id=\"2ce3b9e\" data-element_type=\"widget\" data-e-type=\"widget\" data-widget_type=\"heading.default\">\n\t\t\t\t<div class=\"elementor-widget-container\">\n\t\t\t\t\t<h2 class=\"elementor-heading-title elementor-size-default\">Panader\u00eda Artesanal<\/h2>\t\t\t\t<\/div>\n\t\t\t\t<\/div>\n\t\t\t\t<div class=\"elementor-element elementor-element-27f9e5c elementor-widget elementor-widget-text-editor\" data-id=\"27f9e5c\" data-element_type=\"widget\" data-e-type=\"widget\" data-widget_type=\"text-editor.default\">\n\t\t\t\t<div class=\"elementor-widget-container\">\n\t\t\t\t\t\t\t\t\t<p>\u00a1Realiza tus encargos online! Ten al alcance nuestra amplia variedad de productos para cualquier ocasi\u00f3n: Fiesta de cumplea\u00f1os, cena familiar, desayuno de trabajo&#8230;<\/p>\t\t\t\t\t\t\t\t<\/div>\n\t\t\t\t<\/div>\n\t\t\t\t\t<\/div>\n\t\t\t\t<\/div>\n\t\t<div class=\"elementor-element elementor-element-0afcf0c e-con-full e-flex e-con e-parent\" data-id=\"0afcf0c\" data-element_type=\"container\" data-e-type=\"container\" data-settings=\"{&quot;background_background&quot;:&quot;classic&quot;}\">\n\t\t<div class=\"elementor-element elementor-element-2cf69e1 e-flex e-con-boxed e-con e-child\" data-id=\"2cf69e1\" data-element_type=\"container\" data-e-type=\"container\">\n\t\t\t\t\t<div class=\"e-con-inner\">\n\t\t<div class=\"elementor-element elementor-element-858ad9a e-con-full e-flex e-con e-child\" data-id=\"858ad9a\" data-element_type=\"container\" data-e-type=\"container\">\n\t\t\t\t<div class=\"elementor-element elementor-element-94083d1 elementor-widget elementor-widget-image\" data-id=\"94083d1\" data-element_type=\"widget\" data-e-type=\"widget\" data-widget_type=\"image.default\">\n\t\t\t\t<div class=\"elementor-widget-container\">\n\t\t\t\t\t\t\t\t\t\t\t\t\t\t\t<img fetchpriority=\"high\" decoding=\"async\" width=\"500\" height=\"164\" src=\"https:\/\/ciabbatta.com\/wp-content\/uploads\/Logo-formas2.png\" class=\"attachment-medium size-medium wp-image-13153\" alt=\"\" srcset=\"https:\/\/ciabbatta.com\/wp-content\/uploads\/Logo-formas2.png 500w, https:\/\/ciabbatta.com\/wp-content\/uploads\/Logo-formas2-150x49.png 150w\" sizes=\"(max-width: 500px) 100vw, 500px\" \/>\t\t\t\t\t\t\t\t\t\t\t\t\t\t\t<\/div>\n\t\t\t\t<\/div>\n\t\t\t\t<div class=\"elementor-element elementor-element-4128452 elementor-widget__width-inherit elementor-widget-laptop__width-inherit elementor-widget elementor-widget-heading\" data-id=\"4128452\" data-element_type=\"widget\" data-e-type=\"widget\" data-widget_type=\"heading.default\">\n\t\t\t\t<div class=\"elementor-widget-container\">\n\t\t\t\t\t<h3 class=\"elementor-heading-title elementor-size-default\">\"La fornada perfecta\"<\/h3>\t\t\t\t<\/div>\n\t\t\t\t<\/div>\n\t\t\t\t<div class=\"elementor-element elementor-element-5728b76 elementor-widget elementor-widget-text-editor\" data-id=\"5728b76\" data-element_type=\"widget\" data-e-type=\"widget\" data-widget_type=\"text-editor.default\">\n\t\t\t\t<div class=\"elementor-widget-container\">\n\t\t\t\t\t\t\t\t\t<p>Descubre nuestra selecci\u00f3n de productos artesanales y elige la categor\u00eda que mejor se adapte a tus necesidades. \u00a1Para cada ocasi\u00f3n, tenemos el producto perfecto esperando por ti!<\/p>\t\t\t\t\t\t\t\t<\/div>\n\t\t\t\t<\/div>\n\t\t\t\t<div class=\"elementor-element elementor-element-d675815 elementor-align-center elementor-widget elementor-widget-button\" data-id=\"d675815\" data-element_type=\"widget\" data-e-type=\"widget\" data-widget_type=\"button.default\">\n\t\t\t\t<div class=\"elementor-widget-container\">\n\t\t\t\t\t\t\t\t\t<div class=\"elementor-button-wrapper\">\n\t\t\t\t\t<a class=\"elementor-button elementor-button-link elementor-size-sm\" href=\"\/tienda\">\n\t\t\t\t\t\t<span class=\"elementor-button-content-wrapper\">\n\t\t\t\t\t\t\t\t\t<span class=\"elementor-button-text\">Ir a Tienda Online<\/span>\n\t\t\t\t\t<\/span>\n\t\t\t\t\t<\/a>\n\t\t\t\t<\/div>\n\t\t\t\t\t\t\t\t<\/div>\n\t\t\t\t<\/div>\n\t\t\t\t<\/div>\n\t\t\t\t\t<\/div>\n\t\t\t\t<\/div>\n\t\t\t\t<\/div>\n\t\t<div class=\"elementor-element elementor-element-38fc5b0 e-flex e-con-boxed e-con e-parent\" data-id=\"38fc5b0\" data-element_type=\"container\" data-e-type=\"container\">\n\t\t\t\t\t<div class=\"e-con-inner\">\n\t\t\t\t<div class=\"elementor-element elementor-element-095bd0a elementor-widget elementor-widget-heading\" data-id=\"095bd0a\" data-element_type=\"widget\" data-e-type=\"widget\" data-widget_type=\"heading.default\">\n\t\t\t\t<div class=\"elementor-widget-container\">\n\t\t\t\t\t<h2 class=\"elementor-heading-title elementor-size-default\">Vuestros preferidos<\/h2>\t\t\t\t<\/div>\n\t\t\t\t<\/div>\n\t\t\t\t\t<\/div>\n\t\t\t\t<\/div>\n\t\t<div class=\"elementor-element elementor-element-33a2e97 elementor-hidden-desktop elementor-hidden-laptop elementor-hidden-tablet elementor-hidden-mobile e-flex e-con-boxed e-con e-parent\" data-id=\"33a2e97\" data-element_type=\"container\" data-e-type=\"container\">\n\t\t\t\t\t<div class=\"e-con-inner\">\n\t\t\t\t<div class=\"elementor-element elementor-element-7cb269b elementor-widget elementor-widget-heading\" data-id=\"7cb269b\" data-element_type=\"widget\" data-e-type=\"widget\" data-widget_type=\"heading.default\">\n\t\t\t\t<div class=\"elementor-widget-container\">\n\t\t\t\t\t<h2 class=\"elementor-heading-title elementor-size-default\">Ofertas<\/h2>\t\t\t\t<\/div>\n\t\t\t\t<\/div>\n\t\t\t\t\t<\/div>\n\t\t\t\t<\/div>\n\t\t\t\t<\/div>\n\t\t","protected":false},"excerpt":{"rendered":"<p>Bandejas salado Bandejas saladas ideales para cualquier ocasi\u00f3n, con una selecci\u00f3n variada de deliciosos bocadillos elaborados con ingredientes de primera calidad. \u00a1Perfectas para compartir y sorprender!. Bandejas dulce Bandejas dulces llenas de variedad y sabor, ideales para compartir en cualquier celebraci\u00f3n. CIABBATTA: Tienda Online \u201cBaking smiles, brewing happiness\u201d \u00a1Bienvenidos a nuestra nueva tienda online! Ahora [&hellip;]<\/p>\n","protected":false},"author":1,"featured_media":0,"parent":0,"menu_order":0,"comment_status":"closed","ping_status":"closed","template":"elementor_header_footer","meta":{"_acf_changed":false,"inline_featured_image":false,"_monsterinsights_skip_tracking":false,"_monsterinsights_sitenote_active":false,"_monsterinsights_sitenote_note":"","_monsterinsights_sitenote_category":0,"_joinchat":[],"footnotes":""},"class_list":["post-334","page","type-page","status-publish","hentry"],"acf":[],"yoast_head":"<!-- This site is optimized with the Yoast SEO Premium plugin v24.0 (Yoast SEO v27.4) - https:\/\/yoast.com\/product\/yoast-seo-premium-wordpress\/ -->\n<title>Inicio - CIABBATTA<\/title>\n<meta name=\"robots\" content=\"index, follow, max-snippet:-1, max-image-preview:large, max-video-preview:-1\" \/>\n<link rel=\"canonical\" href=\"https:\/\/ciabbatta.com\/es\/inicio\/\" \/>\n<meta property=\"og:locale\" content=\"es_ES\" \/>\n<meta property=\"og:type\" content=\"article\" \/>\n<meta property=\"og:title\" content=\"Inicio\" \/>\n<meta property=\"og:description\" content=\"Bandejas salado Bandejas saladas ideales para cualquier ocasi\u00f3n, con una selecci\u00f3n variada de deliciosos bocadillos elaborados con ingredientes de primera calidad. \u00a1Perfectas para compartir y sorprender!. Bandejas dulce Bandejas dulces llenas de variedad y sabor, ideales para compartir en cualquier celebraci\u00f3n. CIABBATTA: Tienda Online \u201cBaking smiles, brewing happiness\u201d \u00a1Bienvenidos a nuestra nueva tienda online! Ahora [&hellip;]\" \/>\n<meta property=\"og:url\" content=\"https:\/\/ciabbatta.com\/es\/inicio\/\" \/>\n<meta property=\"og:site_name\" content=\"CIABBATTA\" \/>\n<meta property=\"article:modified_time\" content=\"2024-11-26T09:02:56+00:00\" \/>\n<meta property=\"og:image\" content=\"https:\/\/ciabbatta.com\/wp-content\/uploads\/Panaderia-CIABBATTA-Bandejas-dulce-1.png\" \/>\n<meta name=\"twitter:card\" content=\"summary_large_image\" \/>\n<meta name=\"twitter:label1\" content=\"Tiempo de lectura\" \/>\n\t<meta name=\"twitter:data1\" content=\"24 minutos\" \/>\n<script type=\"application\/ld+json\" class=\"yoast-schema-graph\">{\"@context\":\"https:\\\/\\\/schema.org\",\"@graph\":[{\"@type\":\"WebPage\",\"@id\":\"https:\\\/\\\/ciabbatta.com\\\/es\\\/inicio\\\/\",\"url\":\"https:\\\/\\\/ciabbatta.com\\\/es\\\/inicio\\\/\",\"name\":\"Inicio - CIABBATTA\",\"isPartOf\":{\"@id\":\"https:\\\/\\\/ciabbatta.com\\\/es\\\/#website\"},\"primaryImageOfPage\":{\"@id\":\"https:\\\/\\\/ciabbatta.com\\\/es\\\/inicio\\\/#primaryimage\"},\"image\":{\"@id\":\"https:\\\/\\\/ciabbatta.com\\\/es\\\/inicio\\\/#primaryimage\"},\"thumbnailUrl\":\"https:\\\/\\\/ciabbatta.com\\\/wp-content\\\/uploads\\\/Panaderia-CIABBATTA-Bandejas-dulce-1.png\",\"datePublished\":\"2020-07-31T07:33:04+00:00\",\"dateModified\":\"2024-11-26T09:02:56+00:00\",\"breadcrumb\":{\"@id\":\"https:\\\/\\\/ciabbatta.com\\\/es\\\/inicio\\\/#breadcrumb\"},\"inLanguage\":\"es\",\"potentialAction\":[{\"@type\":\"ReadAction\",\"target\":[\"https:\\\/\\\/ciabbatta.com\\\/es\\\/inicio\\\/\"]}]},{\"@type\":\"ImageObject\",\"inLanguage\":\"es\",\"@id\":\"https:\\\/\\\/ciabbatta.com\\\/es\\\/inicio\\\/#primaryimage\",\"url\":\"https:\\\/\\\/ciabbatta.com\\\/wp-content\\\/uploads\\\/Panaderia-CIABBATTA-Bandejas-dulce-1.png\",\"contentUrl\":\"https:\\\/\\\/ciabbatta.com\\\/wp-content\\\/uploads\\\/Panaderia-CIABBATTA-Bandejas-dulce-1.png\"},{\"@type\":\"BreadcrumbList\",\"@id\":\"https:\\\/\\\/ciabbatta.com\\\/es\\\/inicio\\\/#breadcrumb\",\"itemListElement\":[{\"@type\":\"ListItem\",\"position\":1,\"name\":\"Portada\",\"item\":\"https:\\\/\\\/ciabbatta.com\\\/es\\\/tienda\\\/\"},{\"@type\":\"ListItem\",\"position\":2,\"name\":\"Inicio\"}]},{\"@type\":\"WebSite\",\"@id\":\"https:\\\/\\\/ciabbatta.com\\\/es\\\/#website\",\"url\":\"https:\\\/\\\/ciabbatta.com\\\/es\\\/\",\"name\":\"Ciabbatta, Artesans del Pa\",\"description\":\"Tienda Online - Panader\u00eda, pasteler\u00eda\",\"publisher\":{\"@id\":\"https:\\\/\\\/ciabbatta.com\\\/es\\\/#organization\"},\"potentialAction\":[{\"@type\":\"SearchAction\",\"target\":{\"@type\":\"EntryPoint\",\"urlTemplate\":\"https:\\\/\\\/ciabbatta.com\\\/es\\\/?s={search_term_string}\"},\"query-input\":{\"@type\":\"PropertyValueSpecification\",\"valueRequired\":true,\"valueName\":\"search_term_string\"}}],\"inLanguage\":\"es\"},{\"@type\":\"Organization\",\"@id\":\"https:\\\/\\\/ciabbatta.com\\\/es\\\/#organization\",\"name\":\"Ciabbatta, Artesans del Pa\",\"url\":\"https:\\\/\\\/ciabbatta.com\\\/es\\\/\",\"logo\":{\"@type\":\"ImageObject\",\"inLanguage\":\"es\",\"@id\":\"https:\\\/\\\/ciabbatta.com\\\/es\\\/#\\\/schema\\\/logo\\\/image\\\/\",\"url\":\"https:\\\/\\\/ciabbatta.com\\\/wp-content\\\/uploads\\\/Logotipo-CIABBATTA-Vertical-con-fondo-web.png\",\"contentUrl\":\"https:\\\/\\\/ciabbatta.com\\\/wp-content\\\/uploads\\\/Logotipo-CIABBATTA-Vertical-con-fondo-web.png\",\"width\":600,\"height\":452,\"caption\":\"Ciabbatta, Artesans del Pa\"},\"image\":{\"@id\":\"https:\\\/\\\/ciabbatta.com\\\/es\\\/#\\\/schema\\\/logo\\\/image\\\/\"},\"sameAs\":[\"https:\\\/\\\/www.instagram.com\\\/ciabbattacat?igsh=eTJiano3ZGw0cm8y\"]}]}<\/script>\n<!-- \/ Yoast SEO Premium plugin. -->","yoast_head_json":{"title":"Inicio - CIABBATTA","robots":{"index":"index","follow":"follow","max-snippet":"max-snippet:-1","max-image-preview":"max-image-preview:large","max-video-preview":"max-video-preview:-1"},"canonical":"https:\/\/ciabbatta.com\/es\/inicio\/","og_locale":"es_ES","og_type":"article","og_title":"Inicio","og_description":"Bandejas salado Bandejas saladas ideales para cualquier ocasi\u00f3n, con una selecci\u00f3n variada de deliciosos bocadillos elaborados con ingredientes de primera calidad. \u00a1Perfectas para compartir y sorprender!. Bandejas dulce Bandejas dulces llenas de variedad y sabor, ideales para compartir en cualquier celebraci\u00f3n. CIABBATTA: Tienda Online \u201cBaking smiles, brewing happiness\u201d \u00a1Bienvenidos a nuestra nueva tienda online! Ahora [&hellip;]","og_url":"https:\/\/ciabbatta.com\/es\/inicio\/","og_site_name":"CIABBATTA","article_modified_time":"2024-11-26T09:02:56+00:00","og_image":[{"url":"https:\/\/ciabbatta.com\/wp-content\/uploads\/Panaderia-CIABBATTA-Bandejas-dulce-1.png","type":"","width":"","height":""}],"twitter_card":"summary_large_image","twitter_misc":{"Tiempo de lectura":"24 minutos"},"schema":{"@context":"https:\/\/schema.org","@graph":[{"@type":"WebPage","@id":"https:\/\/ciabbatta.com\/es\/inicio\/","url":"https:\/\/ciabbatta.com\/es\/inicio\/","name":"Inicio - CIABBATTA","isPartOf":{"@id":"https:\/\/ciabbatta.com\/es\/#website"},"primaryImageOfPage":{"@id":"https:\/\/ciabbatta.com\/es\/inicio\/#primaryimage"},"image":{"@id":"https:\/\/ciabbatta.com\/es\/inicio\/#primaryimage"},"thumbnailUrl":"https:\/\/ciabbatta.com\/wp-content\/uploads\/Panaderia-CIABBATTA-Bandejas-dulce-1.png","datePublished":"2020-07-31T07:33:04+00:00","dateModified":"2024-11-26T09:02:56+00:00","breadcrumb":{"@id":"https:\/\/ciabbatta.com\/es\/inicio\/#breadcrumb"},"inLanguage":"es","potentialAction":[{"@type":"ReadAction","target":["https:\/\/ciabbatta.com\/es\/inicio\/"]}]},{"@type":"ImageObject","inLanguage":"es","@id":"https:\/\/ciabbatta.com\/es\/inicio\/#primaryimage","url":"https:\/\/ciabbatta.com\/wp-content\/uploads\/Panaderia-CIABBATTA-Bandejas-dulce-1.png","contentUrl":"https:\/\/ciabbatta.com\/wp-content\/uploads\/Panaderia-CIABBATTA-Bandejas-dulce-1.png"},{"@type":"BreadcrumbList","@id":"https:\/\/ciabbatta.com\/es\/inicio\/#breadcrumb","itemListElement":[{"@type":"ListItem","position":1,"name":"Portada","item":"https:\/\/ciabbatta.com\/es\/tienda\/"},{"@type":"ListItem","position":2,"name":"Inicio"}]},{"@type":"WebSite","@id":"https:\/\/ciabbatta.com\/es\/#website","url":"https:\/\/ciabbatta.com\/es\/","name":"Ciabbatta, Artesans del Pa","description":"Tienda Online - Panader\u00eda, pasteler\u00eda","publisher":{"@id":"https:\/\/ciabbatta.com\/es\/#organization"},"potentialAction":[{"@type":"SearchAction","target":{"@type":"EntryPoint","urlTemplate":"https:\/\/ciabbatta.com\/es\/?s={search_term_string}"},"query-input":{"@type":"PropertyValueSpecification","valueRequired":true,"valueName":"search_term_string"}}],"inLanguage":"es"},{"@type":"Organization","@id":"https:\/\/ciabbatta.com\/es\/#organization","name":"Ciabbatta, Artesans del Pa","url":"https:\/\/ciabbatta.com\/es\/","logo":{"@type":"ImageObject","inLanguage":"es","@id":"https:\/\/ciabbatta.com\/es\/#\/schema\/logo\/image\/","url":"https:\/\/ciabbatta.com\/wp-content\/uploads\/Logotipo-CIABBATTA-Vertical-con-fondo-web.png","contentUrl":"https:\/\/ciabbatta.com\/wp-content\/uploads\/Logotipo-CIABBATTA-Vertical-con-fondo-web.png","width":600,"height":452,"caption":"Ciabbatta, Artesans del Pa"},"image":{"@id":"https:\/\/ciabbatta.com\/es\/#\/schema\/logo\/image\/"},"sameAs":["https:\/\/www.instagram.com\/ciabbattacat?igsh=eTJiano3ZGw0cm8y"]}]}},"_links":{"self":[{"href":"https:\/\/ciabbatta.com\/es\/wp-json\/wp\/v2\/pages\/334","targetHints":{"allow":["GET"]}}],"collection":[{"href":"https:\/\/ciabbatta.com\/es\/wp-json\/wp\/v2\/pages"}],"about":[{"href":"https:\/\/ciabbatta.com\/es\/wp-json\/wp\/v2\/types\/page"}],"author":[{"embeddable":true,"href":"https:\/\/ciabbatta.com\/es\/wp-json\/wp\/v2\/users\/1"}],"replies":[{"embeddable":true,"href":"https:\/\/ciabbatta.com\/es\/wp-json\/wp\/v2\/comments?post=334"}],"version-history":[{"count":0,"href":"https:\/\/ciabbatta.com\/es\/wp-json\/wp\/v2\/pages\/334\/revisions"}],"wp:attachment":[{"href":"https:\/\/ciabbatta.com\/es\/wp-json\/wp\/v2\/media?parent=334"}],"curies":[{"name":"wp","href":"https:\/\/api.w.org\/{rel}","templated":true}]}}