{"id":9618,"date":"2021-11-10T16:44:10","date_gmt":"2021-11-10T16:44:10","guid":{"rendered":"https:\/\/ciabbatta.com\/?page_id=9618"},"modified":"2025-10-03T17:25:48","modified_gmt":"2025-10-03T17:25:48","slug":"aviso-legal","status":"publish","type":"page","link":"https:\/\/ciabbatta.com\/es\/aviso-legal\/","title":{"rendered":"Aviso Legal"},"content":{"rendered":"\t\t<div data-elementor-type=\"wp-page\" data-elementor-id=\"9618\" class=\"elementor elementor-9618\" data-elementor-post-type=\"page\">\n\t\t\t\t<div class=\"elementor-element elementor-element-eb5f858 e-flex e-con-boxed e-con e-parent\" data-id=\"eb5f858\" data-element_type=\"container\">\n\t\t\t\t\t<div class=\"e-con-inner\">\n\t\t\t\t<div class=\"elementor-element elementor-element-78a9a2f elementor-widget elementor-widget-heading\" data-id=\"78a9a2f\" data-element_type=\"widget\" data-widget_type=\"heading.default\">\n\t\t\t\t<div class=\"elementor-widget-container\">\n\t\t\t<h1 class=\"elementor-heading-title elementor-size-default\">Aviso Legal<\/h1>\t\t<\/div>\n\t\t\t\t<\/div>\n\t\t\t\t<div class=\"elementor-element elementor-element-05f16d2 aviso_legal elementor-widget elementor-widget-text-editor\" data-id=\"05f16d2\" data-element_type=\"widget\" data-widget_type=\"text-editor.default\">\n\t\t\t\t<div class=\"elementor-widget-container\">\n\t\t\t\t\t\t\t<p>Para dar cumplimiento al art\u00edculo 10 de la Ley 34\/2002 de Servicios de la Sociedad de la Informaci\u00f3n y del Comercio Electr\u00f3nico, informamos a los usuarios de nuestros datos:<\/p>\n<ul>\n<li><strong>Denominaci\u00f3n Social:<\/strong> Fleca Sostenible S.L<\/li>\n<li><strong>Nombre Comercial:<\/strong> CIABBATTA<\/li>\n<li><strong> CIF:<\/strong> 72412570-B<\/li>\n<li><strong> Registro Mercantil:<\/strong> Barcelona<\/li>\n<li><strong> Datos Registrales:<\/strong>  Registro B583893 Tomo: 48438<\/li>\n<li><strong> Domicilio Fiscal:<\/strong> Carrer de Ramon i Cajal 1, 08960, Sant Just Desvern, Barcelona.<\/li>\n<li><strong> Tel\u00e9fono:<\/strong> 934 733 577<\/li>\n<li><strong> Email:<\/strong> <a href=\"mailto:ciabbatta@ciabbatta.com\" target=\"_blank\" rel=\"noopener\">ciabbatta@ciabbatta.com<\/a>\r\n<\/li>\n<li><strong> Direcci\u00f3n web:<\/strong> <a href=\"https:\/\/ciabbatta.com\" target=\"_blank\" rel=\"noopener\">https:\/\/ciabbatta.com<\/a>\r\n<strong>\u00a0<\/strong>\n<ol>\n<li><strong>OBJETO<\/strong><\/li>\n<\/ol>\n<p><strong>FLECA SOSTENIBLE S.L <\/strong>(desde ahora tambi\u00e9n el prestador), como responsable del sitio web, pone a disposici\u00f3n de los usuarios el presente documento, que regula el uso del sitio web <strong>ciabbatta@ciabbatta.com<\/strong>, con el que pretende dar cumplimiento a las obligaciones que dispone la Ley 34\/2002, de Servicios de la Sociedad de la Informaci\u00f3n y del Comercio Electr\u00f3nico (LSSICE o LSSI), as\u00ed como informar a todos los usuarios del sitio web respecto de cu\u00e1les son las condiciones de uso de \u00e9ste.<\/p>\n<p>A trav\u00e9s de la web, <strong>FLECA SOSTENIBLE S.L <\/strong>facilita a los usuarios el acceso y utilizaci\u00f3n de diferentes servicios y contenidos.<\/p>\n<p>Toda persona que acceda a esta web asume el papel de usuario (en adelante el Usuario), e implica la aceptaci\u00f3n total y sin reservas de todas y cada una de las disposiciones incluidas en este Aviso Legal, as\u00ed como cualesquiera otras disposiciones legales que fueran de aplicaci\u00f3n.<\/p>\n<p>Como Usuarios, deber\u00e1 leer atentamente el presente Aviso Legal en cualquiera de las ocasiones que visite la web, ya que \u00e9ste puede verse modificado. El prestador tiene facultad para realizar cambios en la informaci\u00f3n contenida en la web con el objetivo de cumplir con la normativa o actualizar la presente Pol\u00edtica. El prestador no tiene obligaci\u00f3n de preavisar a los Usuarios sobre los cambios realizados, siendo suficiente su publicaci\u00f3n en el sitio web.<\/p>\n<p>&nbsp;<\/p>\n<ol start=\"2\">\n<li><strong> CONDICIONES DE ACCESO Y USO DEL WEB<\/strong><\/li>\n<\/ol>\n<p><strong>2.1. Car\u00e1cter gratuito del acceso y uso de la web<\/strong><\/p>\n<p>El uso de la web de <strong>FLECA SOSTENIBLE S.L<\/strong> tiene car\u00e1cter gratuito para todos los usuarios.<\/p>\n<p>Sin embargo, algunos de los servicios suministrados por el prestador a trav\u00e9s de la web est\u00e1n sujetos al pago de un precio determinado en las condiciones generales de contrataci\u00f3n.<\/p>\n<p><strong>\u00a0<\/strong><\/p>\n<p><strong>2.2. Registro de Usuario<\/strong><\/p>\n<p>Con car\u00e1cter general la prestaci\u00f3n de los Servicios no exige la previa suscripci\u00f3n o registro de los Usuarios. Aun as\u00ed, FLECA SOSTENIBLE S.L condiciona el uso de algunos de los servicios a la previa cumplimentaci\u00f3n del correspondiente registro del Usuario. Este registro se efectuar\u00e1 en la forma expresamente indicada en la propia secci\u00f3n del servicio.<\/p>\n<p>&nbsp;<\/p>\n<p><strong>2.3. Veracidad de la informaci\u00f3n<\/strong><\/p>\n<p>Toda la informaci\u00f3n que facilita el Usuario debe ser veraz. En estos efectos, el Usuario garantiza la autenticidad de los datos comunicados a trav\u00e9s de los formularios para la suscripci\u00f3n de los Servicios. Ser\u00e1 responsabilidad del Usuario mantener toda la informaci\u00f3n facilitada a<strong> FLECA SOSTENIBLE S.L <\/strong>permanentemente actualizada de forma que responda, en cada momento, a su situaci\u00f3n real. En todo caso, el Usuario ser\u00e1 el \u00fanico responsable de las manifestaciones falsas o inexactas que realice y de los perjuicios que cause al prestador o a terceros.<\/p>\n<p><strong>\u00a0<\/strong><\/p>\n<p><strong>2.4. Obligaci\u00f3n de hacer uso correcto de la web<\/strong><\/p>\n<p>El Usuario se compromete a utilizar la web de conformidad a la Ley y al presente Aviso Legal, as\u00ed como la moral y las buenas costumbres. En efecto, el Usuario se abstendr\u00e1 de utilizar la p\u00e1gina con fines il\u00edcitos o prohibidos, lesivos de derechos e intereses de terceros, o que de cualquier forma puedan da\u00f1ar, inutilizar, sobrecargar, deteriorar o impedir la normal utilizaci\u00f3n de equipos inform\u00e1ticos o documentos, archivos y toda clase de contenidos almacenados en cualquier equipo inform\u00e1tico del prestador.<\/p>\n<p>&nbsp;<\/p>\n<p>En particular, y a t\u00edtulo indicativo, pero no exhaustivo, el Usuario se compromete a no transmitir, difundir o poner a disposici\u00f3n de terceros informaciones, datos, contenidos, mensajes, gr\u00e1ficos, dibujos, archivos de sonido o imagen, fotograf\u00edas, grabaciones, software y, en general, cualquier clase de material que:<\/p>\n<p>(A) sea contrario, menosprecie o atente contra los derechos fundamentales y las \u00a0\u00a0\u00a0\u00a0\u00a0\u00a0\u00a0\u00a0\u00a0\u00a0 libertades p\u00fablicas reconocidas constitucionalmente, en tratados internacionales y \u00a0\u00a0\u00a0\u00a0\u00a0\u00a0\u00a0 otras normas vigentes;<\/p>\n<p>(B) induzca, incite o promueva actuaciones delictivas, denigratorias, difamatorias, \u00a0\u00a0\u00a0\u00a0\u00a0\u00a0\u00a0\u00a0 violentas o, en general, contrarias a la ley, a la moral y el orden p\u00fablico;<\/p>\n<p>(C) induzca, incite o promueva actuaciones, actitudes o pensamientos discriminatorios \u00a0 por raz\u00f3n de sexo, raza, religi\u00f3n, creencias, edad o condici\u00f3n;<\/p>\n<p>(D) sea contrario al derecho al honor, a la intimidad personal o familiar o la propia \u00a0\u00a0\u00a0\u00a0\u00a0\u00a0\u00a0\u00a0 imagen de las personas;<\/p>\n<p>(E) de cualquier manera perjudique la credibilidad del prestador o de terceros; y<\/p>\n<p>(F) constituya publicidad il\u00edcita, enga\u00f1osa o desleal.<\/p>\n<p>&nbsp;<\/p>\n<ol start=\"3\">\n<li><strong> EXCLUSI\u00d3N DE GARANT\u00cdAS Y RESPONSABILIDAD<\/strong><\/li>\n<\/ol>\n<p>El prestador se exime de cualquier tipo de responsabilidad derivada de la informaci\u00f3n publicada en nuestro sitio web, siempre que esta informaci\u00f3n haya sido manipulada o introducida por un tercero ajeno.<\/p>\n<p>Esta web ha sido revisada y probada para que funcione correctamente. En principio, se puede garantizar el correcto funcionamiento los 365 d\u00edas del a\u00f1o, 24 horas al d\u00eda. Sin embargo, el prestador no descarta la posibilidad de que existan determinados errores de programaci\u00f3n, o que sucedan causas de fuerza mayor, cat\u00e1strofes naturales, huelgas, o circunstancias semejantes que hagan imposible el acceso a la p\u00e1gina web.<\/p>\n<p><strong>FLECA SOSTENIBLE S.L<\/strong> no otorga ninguna garant\u00eda ni se hace responsable, en ning\u00fan caso, de los da\u00f1os y perjuicios de cualquier naturaleza que puedan salir a colaci\u00f3n de la falta de disponibilidad, mantenimiento y efectivo funcionamiento de la web o de sus servicios y contenidos; de la existencia de virus, programas maliciosos o lesivos en los contenidos; del uso il\u00edcito, negligente, fraudulento o contrario a este Aviso Legal y condiciones de uso; o de la falta de licitud, calidad, fiabilidad, utilidad y disponibilidad de los servicios prestados por terceros y puestos a disposici\u00f3n de los usuarios en el sitio web.<\/p>\n<p>El prestador no se hace responsable bajo ning\u00fan concepto de los da\u00f1os que puedan dimanar del uso ilegal o indebido de la presente p\u00e1gina web.<\/p>\n<p>&nbsp;<\/p>\n<ol start=\"4\">\n<li><strong> COOKIES<\/strong><\/li>\n<\/ol>\n<p>El sitio web del prestador puede utilizar cookies (peque\u00f1os archivos de informaci\u00f3n que el servidor env\u00eda al ordenador de quien accede a la p\u00e1gina) para llevar a cabo determinadas funciones que son consideradas imprescindibles para el correcto funcionamiento y visualizaci\u00f3n del sitio. Las cookies utilizadas tienen, en todo caso, car\u00e1cter temporal, con la \u00fanica finalidad de hacer m\u00e1s eficaz la navegaci\u00f3n, y algunas se eliminar\u00e1n al terminar la sesi\u00f3n del usuario y otras durar\u00e1n el plazo que determina la pol\u00edtica de cookies. En ning\u00fan caso se utilizar\u00e1n las cookies para recoger informaci\u00f3n de car\u00e1cter personal sin su previo consentimiento. Para m\u00e1s informaci\u00f3n, ver nuestra\u00a0 \u00a0Pol\u00edtica de Cookies.<\/p>\n<p>&nbsp;<\/p>\n<ol start=\"5\">\n<li><strong> ENLACES <em>(LINKS)<\/em><\/strong><\/li>\n<\/ol>\n<p>Actualmente esta web no utiliza enlaces para informar o hacer referencia a productos y\/o servicios de terceros. El \u00fanico enlace que se utiliza es la plataforma bancaria, segura y certificada SSL Redys, para el pago con tarjeta<strong>.<\/strong> Dado que desde la web no podemos controlar los contenidos introducidos por terceros, <strong>FLECA SOSTENIBLE S.L<\/strong> no asume ning\u00fan tipo de responsabilidad respecto a dichos contenidos, ni garantiza la experiencia, integridad o calidad de sus productos. En todo caso, el prestador manifiesta que proceder\u00e1 a la retirada inmediata de redirecciones a sitios web cuyo contenido pueda contravenir la legislaci\u00f3n nacional o internacional, la moral o el orden p\u00fablico, e informar\u00e1 a las autoridades competentes sobre dicho contenido.<\/p>\n<ol start=\"6\">\n<li><strong> PROTECCI\u00d3N DE DATOS PERSONALES<\/strong><\/li>\n<\/ol>\n<p>El prestador est\u00e1 profundamente comprometido con el cumplimiento de la normativa de protecci\u00f3n de datos personales y garantiza el cumplimiento \u00edntegro de las obligaciones, as\u00ed como la implementaci\u00f3n de las medidas de seguridad dispuestas en el Reglamento Europeo de Protecci\u00f3n de Datos y la normativa espa\u00f1ola de protecci\u00f3n de datos. Para m\u00e1s informaci\u00f3n, ver nuestra <u>Pol\u00edtica de Privacidad<\/u>\u00a0.<\/p>\n<p><strong>\u00a0<\/strong><\/p>\n<p><strong>\u00a0<\/strong><\/p>\n<p><strong>\u00a0<\/strong><\/p>\n<ol start=\"7\">\n<li><strong> PROPIEDAD INTELECTUAL E INDUSTRIAL<\/strong><\/li>\n<\/ol>\n<p>El sitio web, incluyendo a t\u00edtulo enunciativo, pero no limitativo: la programaci\u00f3n, edici\u00f3n, compilaci\u00f3n y dem\u00e1s elementos necesarios para su funcionamiento, los dise\u00f1os, logotipos, textos y\/o gr\u00e1ficos son propiedad del prestador.<\/p>\n<p>Las fotograf\u00edas contenidas en el sitio web son propiedad del prestador y\/o disponen, en caso de que fuera necesario, de la licencia o autorizaci\u00f3n expresa por parte de los autores\u00a0.<\/p>\n<p>Todos los contenidos del sitio web se encuentran debidamente protegidos por la normativa de propiedad intelectual e industrial.<\/p>\n<p>Independientemente de la finalidad para la que fueran destinados, la reproducci\u00f3n total o parcial, uso, distribuci\u00f3n y comunicaci\u00f3n p\u00fablica requieren de la autorizaci\u00f3n escrita previa por parte del prestador. Cualquier uso no autorizado previamente por parte del prestador ser\u00e1 considerado un incumplimiento grave de los derechos de propiedad intelectual o industrial del autor.<\/p>\n<p>Los dise\u00f1os, logotipos, texto y\/o gr\u00e1ficos ajenos al prestador y que puedan aparecer en el sitio web, pertenecen a sus respectivos propietarios, siendo ellos mismos responsables de cualquier posible controversia que pudiera devenir respecto a los mismos. En todo caso, el prestador cuenta con la autorizaci\u00f3n expresa y previa por parte de los mismos.<\/p>\n<p>El prestador reconoce a favor de sus titulares los correspondientes derechos de propiedad industrial e intelectual, no implicando la menci\u00f3n o aparici\u00f3n en el sitio web, de la existencia de derechos o responsabilidad del prestador sobre los mismos, como tampoco respaldo, patrocinio o recomendaci\u00f3n por parte del mismo.<\/p>\n<p>Para realizar cualquier tipo de observaci\u00f3n respecto a posibles incumplimientos de los derechos de propiedad intelectual o industrial, as\u00ed como sobre cualquiera de los contenidos del sitio web, puede hacerlo a trav\u00e9s del correo electr\u00f3nico arriba rese\u00f1ado.<\/p>\n<p>&nbsp;<\/p>\n<ol start=\"8\">\n<li><strong> LEY APLICABLE Y JURISDICCI\u00d3N<\/strong><\/li>\n<\/ol>\n<p>Para la resoluci\u00f3n de las controversias o cuestiones relacionadas con la presente p\u00e1gina web o de las actividades en \u00e9sta desarrolladas, ser\u00e1 de aplicaci\u00f3n la legislaci\u00f3n espa\u00f1ola, a la que se someten expresamente las partes, siendo competentes para la resoluci\u00f3n de todos los conflictos derivados o relacionados con su uso los Juzgados y Tribunales del domicilio del prestador (si no es considerado como consumidor a efectos del TRLGDCU) o del usuario (si es considerado como consumidor a efectos del TRLGDCU).<\/p>\n<p>&nbsp;<\/p>\n<p>&nbsp;<\/p>\n<p><a href=\"https:\/\/ciabbatta.com\/es\/politica-de-cookies\/\">Pol\u00edtica de cookies.<\/a><\/p>\n<p>&nbsp;<\/p>\n<p><a href=\"https:\/\/ciabbatta.com\/es\/politica-de-privacidad\/\">Pol\u00edtica de privacidad.<\/a><\/p>\n<p>&nbsp;<\/li>\n<\/ul>\n<p>&nbsp;<\/p>\n\t\t\t\t\t\t<\/div>\n\t\t\t\t<\/div>\n\t\t\t\t\t<\/div>\n\t\t\t\t<\/div>\n\t\t\t\t<\/div>\n\t\t","protected":false},"excerpt":{"rendered":"<p>Aviso Legal<\/p>\n","protected":false},"author":1,"featured_media":0,"parent":0,"menu_order":0,"comment_status":"closed","ping_status":"closed","template":"elementor_header_footer","meta":{"inline_featured_image":false,"_monsterinsights_skip_tracking":false,"_monsterinsights_sitenote_active":false,"_monsterinsights_sitenote_note":"","_monsterinsights_sitenote_category":0,"_joinchat":[],"footnotes":""},"class_list":["post-9618","page","type-page","status-publish","hentry"],"yoast_head":"<!-- This site is optimized with the Yoast SEO Premium plugin v24.0 (Yoast SEO v26.9) - https:\/\/yoast.com\/product\/yoast-seo-premium-wordpress\/ -->\n<title>Aviso Legal - CIABBATTA<\/title>\n<meta name=\"description\" content=\"false\" \/>\n<meta name=\"robots\" content=\"noindex, nofollow\" \/>\n<meta property=\"og:locale\" content=\"es_ES\" \/>\n<meta property=\"og:type\" content=\"article\" \/>\n<meta property=\"og:title\" content=\"Aviso Legal\" \/>\n<meta property=\"og:description\" content=\"false\" \/>\n<meta property=\"og:url\" content=\"https:\/\/ciabbatta.com\/es\/aviso-legal\/\" \/>\n<meta property=\"og:site_name\" content=\"CIABBATTA\" \/>\n<meta property=\"article:modified_time\" content=\"2025-10-03T17:25:48+00:00\" \/>\n<meta name=\"twitter:card\" content=\"summary_large_image\" \/>\n<meta name=\"twitter:label1\" content=\"Tiempo de lectura\" \/>\n\t<meta name=\"twitter:data1\" content=\"1 minuto\" \/>\n<script type=\"application\/ld+json\" class=\"yoast-schema-graph\">{\"@context\":\"https:\/\/schema.org\",\"@graph\":[{\"@type\":\"WebPage\",\"@id\":\"https:\/\/ciabbatta.com\/es\/aviso-legal\/\",\"url\":\"https:\/\/ciabbatta.com\/es\/aviso-legal\/\",\"name\":\"Aviso Legal - CIABBATTA\",\"isPartOf\":{\"@id\":\"https:\/\/ciabbatta.com\/es\/#website\"},\"datePublished\":\"2021-11-10T16:44:10+00:00\",\"dateModified\":\"2025-10-03T17:25:48+00:00\",\"description\":\"false\",\"breadcrumb\":{\"@id\":\"https:\/\/ciabbatta.com\/es\/aviso-legal\/#breadcrumb\"},\"inLanguage\":\"es\",\"potentialAction\":[{\"@type\":\"ReadAction\",\"target\":[\"https:\/\/ciabbatta.com\/es\/aviso-legal\/\"]}]},{\"@type\":\"BreadcrumbList\",\"@id\":\"https:\/\/ciabbatta.com\/es\/aviso-legal\/#breadcrumb\",\"itemListElement\":[{\"@type\":\"ListItem\",\"position\":1,\"name\":\"Portada\",\"item\":\"https:\/\/ciabbatta.com\/es\/tienda\/\"},{\"@type\":\"ListItem\",\"position\":2,\"name\":\"Aviso Legal\"}]},{\"@type\":\"WebSite\",\"@id\":\"https:\/\/ciabbatta.com\/es\/#website\",\"url\":\"https:\/\/ciabbatta.com\/es\/\",\"name\":\"Ciabbatta, Artesans del Pa\",\"description\":\"Tienda Online - Panader\u00eda, pasteler\u00eda\",\"publisher\":{\"@id\":\"https:\/\/ciabbatta.com\/es\/#organization\"},\"potentialAction\":[{\"@type\":\"SearchAction\",\"target\":{\"@type\":\"EntryPoint\",\"urlTemplate\":\"https:\/\/ciabbatta.com\/es\/?s={search_term_string}\"},\"query-input\":{\"@type\":\"PropertyValueSpecification\",\"valueRequired\":true,\"valueName\":\"search_term_string\"}}],\"inLanguage\":\"es\"},{\"@type\":\"Organization\",\"@id\":\"https:\/\/ciabbatta.com\/es\/#organization\",\"name\":\"Ciabbatta, Artesans del Pa\",\"url\":\"https:\/\/ciabbatta.com\/es\/\",\"logo\":{\"@type\":\"ImageObject\",\"inLanguage\":\"es\",\"@id\":\"https:\/\/ciabbatta.com\/es\/#\/schema\/logo\/image\/\",\"url\":\"https:\/\/ciabbatta.com\/wp-content\/uploads\/Logotipo-CIABBATTA-Vertical-con-fondo-web.png\",\"contentUrl\":\"https:\/\/ciabbatta.com\/wp-content\/uploads\/Logotipo-CIABBATTA-Vertical-con-fondo-web.png\",\"width\":600,\"height\":452,\"caption\":\"Ciabbatta, Artesans del Pa\"},\"image\":{\"@id\":\"https:\/\/ciabbatta.com\/es\/#\/schema\/logo\/image\/\"},\"sameAs\":[\"https:\/\/www.instagram.com\/ciabbattacat?igsh=eTJiano3ZGw0cm8y\"]}]}<\/script>\n<!-- \/ Yoast SEO Premium plugin. -->","yoast_head_json":{"title":"Aviso Legal - CIABBATTA","description":"false","robots":{"index":"noindex","follow":"nofollow"},"og_locale":"es_ES","og_type":"article","og_title":"Aviso Legal","og_description":"false","og_url":"https:\/\/ciabbatta.com\/es\/aviso-legal\/","og_site_name":"CIABBATTA","article_modified_time":"2025-10-03T17:25:48+00:00","twitter_card":"summary_large_image","twitter_misc":{"Tiempo de lectura":"1 minuto"},"schema":{"@context":"https:\/\/schema.org","@graph":[{"@type":"WebPage","@id":"https:\/\/ciabbatta.com\/es\/aviso-legal\/","url":"https:\/\/ciabbatta.com\/es\/aviso-legal\/","name":"Aviso Legal - CIABBATTA","isPartOf":{"@id":"https:\/\/ciabbatta.com\/es\/#website"},"datePublished":"2021-11-10T16:44:10+00:00","dateModified":"2025-10-03T17:25:48+00:00","description":"false","breadcrumb":{"@id":"https:\/\/ciabbatta.com\/es\/aviso-legal\/#breadcrumb"},"inLanguage":"es","potentialAction":[{"@type":"ReadAction","target":["https:\/\/ciabbatta.com\/es\/aviso-legal\/"]}]},{"@type":"BreadcrumbList","@id":"https:\/\/ciabbatta.com\/es\/aviso-legal\/#breadcrumb","itemListElement":[{"@type":"ListItem","position":1,"name":"Portada","item":"https:\/\/ciabbatta.com\/es\/tienda\/"},{"@type":"ListItem","position":2,"name":"Aviso Legal"}]},{"@type":"WebSite","@id":"https:\/\/ciabbatta.com\/es\/#website","url":"https:\/\/ciabbatta.com\/es\/","name":"Ciabbatta, Artesans del Pa","description":"Tienda Online - Panader\u00eda, pasteler\u00eda","publisher":{"@id":"https:\/\/ciabbatta.com\/es\/#organization"},"potentialAction":[{"@type":"SearchAction","target":{"@type":"EntryPoint","urlTemplate":"https:\/\/ciabbatta.com\/es\/?s={search_term_string}"},"query-input":{"@type":"PropertyValueSpecification","valueRequired":true,"valueName":"search_term_string"}}],"inLanguage":"es"},{"@type":"Organization","@id":"https:\/\/ciabbatta.com\/es\/#organization","name":"Ciabbatta, Artesans del Pa","url":"https:\/\/ciabbatta.com\/es\/","logo":{"@type":"ImageObject","inLanguage":"es","@id":"https:\/\/ciabbatta.com\/es\/#\/schema\/logo\/image\/","url":"https:\/\/ciabbatta.com\/wp-content\/uploads\/Logotipo-CIABBATTA-Vertical-con-fondo-web.png","contentUrl":"https:\/\/ciabbatta.com\/wp-content\/uploads\/Logotipo-CIABBATTA-Vertical-con-fondo-web.png","width":600,"height":452,"caption":"Ciabbatta, Artesans del Pa"},"image":{"@id":"https:\/\/ciabbatta.com\/es\/#\/schema\/logo\/image\/"},"sameAs":["https:\/\/www.instagram.com\/ciabbattacat?igsh=eTJiano3ZGw0cm8y"]}]}},"_links":{"self":[{"href":"https:\/\/ciabbatta.com\/es\/wp-json\/wp\/v2\/pages\/9618","targetHints":{"allow":["GET"]}}],"collection":[{"href":"https:\/\/ciabbatta.com\/es\/wp-json\/wp\/v2\/pages"}],"about":[{"href":"https:\/\/ciabbatta.com\/es\/wp-json\/wp\/v2\/types\/page"}],"author":[{"embeddable":true,"href":"https:\/\/ciabbatta.com\/es\/wp-json\/wp\/v2\/users\/1"}],"replies":[{"embeddable":true,"href":"https:\/\/ciabbatta.com\/es\/wp-json\/wp\/v2\/comments?post=9618"}],"version-history":[{"count":1,"href":"https:\/\/ciabbatta.com\/es\/wp-json\/wp\/v2\/pages\/9618\/revisions"}],"predecessor-version":[{"id":16966,"href":"https:\/\/ciabbatta.com\/es\/wp-json\/wp\/v2\/pages\/9618\/revisions\/16966"}],"wp:attachment":[{"href":"https:\/\/ciabbatta.com\/es\/wp-json\/wp\/v2\/media?parent=9618"}],"curies":[{"name":"wp","href":"https:\/\/api.w.org\/{rel}","templated":true}]}}