{"id":9670,"date":"2021-11-10T17:39:48","date_gmt":"2021-11-10T17:39:48","guid":{"rendered":"https:\/\/ciabbatta.com\/?page_id=9670"},"modified":"2025-02-05T14:34:58","modified_gmt":"2025-02-05T14:34:58","slug":"condiciones-de-venta","status":"publish","type":"page","link":"https:\/\/ciabbatta.com\/es\/condiciones-de-venta\/","title":{"rendered":"Condiciones de Venta"},"content":{"rendered":"\t\t<div data-elementor-type=\"wp-page\" data-elementor-id=\"9670\" class=\"elementor elementor-9670\" data-elementor-post-type=\"page\">\n\t\t\t\t<div class=\"elementor-element elementor-element-6919d59 aviso_legal e-flex e-con-boxed e-con e-parent\" data-id=\"6919d59\" data-element_type=\"container\">\n\t\t\t\t\t<div class=\"e-con-inner\">\n\t\t\t\t<div class=\"elementor-element elementor-element-e18a98c elementor-widget elementor-widget-heading\" data-id=\"e18a98c\" data-element_type=\"widget\" data-widget_type=\"heading.default\">\n\t\t\t\t<div class=\"elementor-widget-container\">\n\t\t\t<h1 class=\"elementor-heading-title elementor-size-default\">Condiciones de Venta<\/h1>\t\t<\/div>\n\t\t\t\t<\/div>\n\t\t\t\t<div class=\"elementor-element elementor-element-8d55fa7 aviso_legal elementor-widget elementor-widget-text-editor\" data-id=\"8d55fa7\" data-element_type=\"widget\" data-widget_type=\"text-editor.default\">\n\t\t\t\t<div class=\"elementor-widget-container\">\n\t\t\t\t\t\t\t<p>Las presentes condiciones de venta regulan el uso del sitio web <a href=\"https:\/\/ciabbatta.com\/\">https:\/\/ciabbatta.com<\/a> , de CIABBATTA.<\/p>\n<h3>POL\u00cdTICA DE PRIVACIDAD Y CONDICIONES GENERALES DE USO<\/h3>\n<p>En cumplimiento de la Ley Org\u00e1nica 3\/2018, de 5 de diciembre de Protecci\u00f3n de Datos de Car\u00e1cter Personal, CIABBATTA ha adoptado todas las medidas necesarias para garantizar la seguridad, integridad y privacidad de los datos aportados a trav\u00e9s de los formularios de recogida de datos insertados en el website: <a href=\"https:\/\/ciabbatta.com\/\"><u>https:\/\/ciabbatta.com<\/u><\/a><\/p>\n<h3>FINALIDAD DE LA RECOGIDA DE LOS DATOS<\/h3>\n<p>Los datos proporcionados son empleados \u00fanica y exclusivamente por CIABBATTA para realizar sus labores de gesti\u00f3n administrativa, t\u00e9cnica, y comercial.<\/p>\n<p>En ning\u00fan caso se ceder\u00e1n ning\u00fan tipo de dato a terceros sin consentimiento expreso del afectado ya que no son almacenados en ning\u00fan electr\u00f3nico o f\u00edsico.<\/p>\n<h3>MEDIDAS DE SEGURIDAD ADOPTADAS<\/h3>\n<p>Los datos de los clientes son almacenados en una base de datos propiedad de <a href=\"https:\/\/ciabbatta.com\/\"><u>https:\/\/ciabbatta.com<\/u><\/a><\/p>\n<h3>CONSIDERACIONES FINALES<\/h3>\n<p>Para realizar cualquier consulta en materia de la pol\u00edtica de privacidad adoptada o en la ejecuci\u00f3n de los derechos otorgados por la LOPD al afectado, ponemos a su disposici\u00f3n la direcci\u00f3n de correo electr\u00f3nico <a href=\"mailto:ciabbatta@ciabbatta.com\">ciabbatta@ciabbatta.com<\/a> .<\/p>\n<p>En cumplimiento del art\u00edculo 10 de la Ley 34\/2002, de 11 de julio, de Servicios de la Sociedad de la Informaci\u00f3n y Comercio Electr\u00f3nico, a continuaci\u00f3n se exponen los datos de la empresa.<\/p>\n<p>CIABBATTA.<\/p>\n<p><strong>CIABBATTA<\/strong>.<\/p>\n<ul>\n<li><strong> Nombre Fiscal:<\/strong> Fleca Sostenible S.L<\/li>\n<li><strong>Nombre Comercial:<\/strong> CIABBATTA<\/li>\n<li><strong> CIF\/NIF:<\/strong> 72412570-B<\/li>\n<li><strong> Registro Mercantil:<\/strong> Barcelona<\/li>\n<li><strong> Datos Registrales:<\/strong>  Registro B583893 Tomo: 48438<\/li>\n<li><strong> Domicilio Fiscal:<\/strong> Carrer de Ramon i Cajal 1, 08960, Sant Just Desvern, Barcelona.<\/li>\n<li><strong> Tel\u00e9fono:<\/strong> 934 733 577<\/li>\n<li><strong> Email:<\/strong> <a href=\"mailto:ciabbatta@ciabbatta.com\" target=\"_blank\" rel=\"noopener\">ciabbatta@ciabbatta.com<\/a>\r\n<\/li>\n<li><strong> Direcci\u00f3n web:<\/strong> <a href=\"https:\/\/ciabbatta.com\" target=\"_blank\" rel=\"noopener\">https:\/\/ciabbatta.com<\/a>\r\n<\/li>\n<\/ul>\n<p><strong>\u00a0<\/strong><\/p>\n<ol>\n<li>\n<h3>Objeto<\/h3>\n<\/li>\n<\/ol>\n<p>Estas condiciones establecen los derechos y obligaciones de todos los usuario del sitio web <a href=\"https:\/\/ciabbatta.com\/\"><u>https:\/\/ciabbatta.com<\/u><\/a> es importante que se lea estas condiciones para cualquier acuerdo vinculante entre nosotros y para proteger sus derechos como comprador y los nuestros como vendedor.<\/p>\n<p>Al realizar un pedido a trav\u00e9s del sitio web <a href=\"https:\/\/ciabbatta.com\/\"><u>https:\/\/ciabbatta.com<\/u><\/a> se le exigir\u00e1 aceptar estas condiciones por lo que, si usted no est\u00e1 de acuerdo no debe realizar ning\u00fan pedido.<\/p>\n<ol start=\"2\">\n<li>\n<h3>Pedido<\/h3>\n<\/li>\n<\/ol>\n<p>Al realizar un pedido usted acepta plenamente los precios publicados, las descripciones de los mismos y las condiciones generales de venta.<\/p>\n<p>Usted se compromete en hacer uso del sitio web <a href=\"https:\/\/ciabbatta.com\/\"><u>https:\/\/ciabbatta.com<\/u><\/a> solamente para realizar consultas o pedidos legalmente v\u00e1lidos.<\/p>\n<p>Usted se compromete a facilitarnos todos sus datos correctos, direcci\u00f3n de correo electr\u00f3nico, direcci\u00f3n postal y otros datos de contacto, en caso de que usted no nos facilite los datos correctos o toda la informaci\u00f3n que necesitemos su pedido no podr\u00e1 ser cursado.<\/p>\n<p>Para realizar un pedido deber\u00e1 seguir los pasos que le indica la tienda hasta la confirmaci\u00f3n del pedido.<\/p>\n<p>Acto seguido recibir\u00e1 un correo electr\u00f3nico de confirmaci\u00f3n de su pedido en el que le confirmara la forma de pago elegida, el medio de transporte, su coste y el coste total del pedido impuestos incluidos. Este correo no vincula a CIABBATTA y no supone la aceptaci\u00f3n del pedido.<\/p>\n<p>El pedido solo se considerara aceptado cuando reciba un email de confirmaci\u00f3n de pago y\/o env\u00edo.<\/p>\n<p>&nbsp;<\/p>\n<ol start=\"3\">\n<li>\n<h3>Cancelaciones<\/h3>\n<\/li>\n<\/ol>\n<p>El pedido solo se considerara aceptado cuando reciba un email de confirmaci\u00f3n de pago y\/o env\u00edo. Puedes cancelar productos o pedidos hasta 24 horas antes del momento de recogida.<\/p>\n<p>Dir\u00edgete a <a href=\"https:\/\/ciabbatta.com\/mi-cuenta\"><u>Mi cuenta<\/u><\/a> -&gt; Pedidos recientes.<\/p>\n<p>Selecciona el art\u00edculo que deseas cancelar, te saldr\u00e1 un mensaje de que tu pedido se ha cancelado. Si quieres confirmar que el pedido se ha cancelado, visita <a href=\"https:\/\/ciabbatta.com\/mi-cuenta\/orders\/\"><u>Pedidos recientes,<\/u><\/a> podr\u00e1s ver que el pedido ya est\u00e1 en estado cancelado.<\/p>\n<ol start=\"4\">\n<li>\n<h3>Entrega<\/h3>\n<\/li>\n<\/ol>\n<p>CIABBATA entregara todos los productos de los pedidos en perfecto estado en la direcci\u00f3n de recogida que haya consignado en el formulario de pedido.<\/p>\n<p>Se entender\u00e1 que el contrato de compra-venta ha finalizado en el momento en que recoja el pedido en tienda.<\/p>\n<p>Si por cualquier circunstancia no pudi\u00e9ramos cumplir con la fecha estimada de recogida se le informara y se le ofrecer\u00e1 la posibilidad de cancelar el pedido o elegir una nueva fecha de recogida.<\/p>\n<ol start=\"5\">\n<li>\n<h3>Precio<\/h3>\n<\/li>\n<\/ol>\n<p>Todos los precios publicados en <a href=\"https:\/\/ciabbatta.com\/\"><u>https:\/\/ciabbatta.com<\/u><\/a> llevan el IVA incluido seg\u00fan normativa vigente. CIABBATTA se reserva el derecho de modificar los precios de los productos en cualquier momento y dependiendo de las condiciones del mercado, los cambios de divisas y los tipos de los impuestos a las importaciones.<\/p>\n<p>En cualquier caso se facturara el art\u00edculo adquirido con el precio publicado en el momento de la confirmaci\u00f3n del pedido.<\/p>\n<p>&nbsp;<\/p>\n<ol start=\"6\">\n<li>\n<h3>Comprar<\/h3>\n<\/li>\n<\/ol>\n<ul>\n<li>A\u00f1ada al carrito el producto que desee, tiene la opci\u00f3n de seguir comprando o finalizar<\/li>\n<li>Rellene sus datos de facturaci\u00f3n y el tipo de pago, una vez terminado podr\u00e1 realizar el<\/li>\n<\/ul>\n<p>Al instante recibir\u00e1 un correo electr\u00f3nico con los datos de su pedido.<\/p>\n<ol>\n<li>Transferencia bancaria: recibir\u00e1 un correo indic\u00e1ndole que su pedido est\u00e1 en espera a falta de la confirmaci\u00f3n de la transferencia bancaria, en dicho correo est\u00e1n los datos de la entidad bancaria.<\/li>\n<li>Pago con tarjeta: pago instant\u00e1neo a trav\u00e9s de la Pasarela Bancaria de<\/li>\n<li>Pago con Bizum: Paga de una forma c\u00f3moda, r\u00e1pida y segura con tu tel\u00e9fono m\u00f3vil.<\/li>\n<\/ol>\n<ul>\n<li>En el momento de estar el pedido completado recibir\u00e1 un correo inform\u00e1ndole que hemos recibido su pedido y procederemos a su env\u00edo.<\/li>\n<li>Devoluciones: ver <a href=\"https:\/\/ciabbatta.com\/envios-y-devoluciones\/\"><u>apartado envios y devoluciones<\/u><\/a><\/li>\n<\/ul>\n<p>&nbsp;<\/p>\n<ol start=\"7\">\n<li>\n<h3>CIABBATTA solo acepta pagos mediante:<\/h3>\n<\/li>\n<\/ol>\n<p>&nbsp;<\/p>\n<ol>\n<li>Transferencia.<\/li>\n<li>Pago con tarjeta, Pasarela Bancaria.<\/li>\n<li>Pago con Bizum, paga de una forma c\u00f3moda, r\u00e1pida y segura con tu tel\u00e9fono m\u00f3vil.<\/li>\n<\/ol>\n\t\t\t\t\t\t<\/div>\n\t\t\t\t<\/div>\n\t\t\t\t\t<\/div>\n\t\t\t\t<\/div>\n\t\t\t\t<\/div>\n\t\t","protected":false},"excerpt":{"rendered":"","protected":false},"author":1,"featured_media":0,"parent":0,"menu_order":0,"comment_status":"closed","ping_status":"closed","template":"elementor_header_footer","meta":{"inline_featured_image":false,"_monsterinsights_skip_tracking":false,"_monsterinsights_sitenote_active":false,"_monsterinsights_sitenote_note":"","_monsterinsights_sitenote_category":0,"_joinchat":[],"footnotes":""},"class_list":["post-9670","page","type-page","status-publish","hentry"],"yoast_head":"<!-- This site is optimized with the Yoast SEO Premium plugin v24.0 (Yoast SEO v26.9) - https:\/\/yoast.com\/product\/yoast-seo-premium-wordpress\/ -->\n<title>Condiciones de Venta - CIABBATTA<\/title>\n<meta name=\"robots\" content=\"noindex, nofollow\" \/>\n<meta property=\"og:locale\" content=\"es_ES\" \/>\n<meta property=\"og:type\" content=\"article\" \/>\n<meta property=\"og:title\" content=\"Condiciones de Venta\" \/>\n<meta property=\"og:url\" content=\"https:\/\/ciabbatta.com\/es\/condiciones-de-venta\/\" \/>\n<meta property=\"og:site_name\" content=\"CIABBATTA\" \/>\n<meta property=\"article:modified_time\" content=\"2025-02-05T14:34:58+00:00\" \/>\n<meta name=\"twitter:card\" content=\"summary_large_image\" \/>\n<script type=\"application\/ld+json\" class=\"yoast-schema-graph\">{\"@context\":\"https:\/\/schema.org\",\"@graph\":[{\"@type\":\"WebPage\",\"@id\":\"https:\/\/ciabbatta.com\/es\/condiciones-de-venta\/\",\"url\":\"https:\/\/ciabbatta.com\/es\/condiciones-de-venta\/\",\"name\":\"Condiciones de Venta - CIABBATTA\",\"isPartOf\":{\"@id\":\"https:\/\/ciabbatta.com\/es\/#website\"},\"datePublished\":\"2021-11-10T17:39:48+00:00\",\"dateModified\":\"2025-02-05T14:34:58+00:00\",\"breadcrumb\":{\"@id\":\"https:\/\/ciabbatta.com\/es\/condiciones-de-venta\/#breadcrumb\"},\"inLanguage\":\"es\",\"potentialAction\":[{\"@type\":\"ReadAction\",\"target\":[\"https:\/\/ciabbatta.com\/es\/condiciones-de-venta\/\"]}]},{\"@type\":\"BreadcrumbList\",\"@id\":\"https:\/\/ciabbatta.com\/es\/condiciones-de-venta\/#breadcrumb\",\"itemListElement\":[{\"@type\":\"ListItem\",\"position\":1,\"name\":\"Portada\",\"item\":\"https:\/\/ciabbatta.com\/es\/tienda\/\"},{\"@type\":\"ListItem\",\"position\":2,\"name\":\"Condiciones de Venta\"}]},{\"@type\":\"WebSite\",\"@id\":\"https:\/\/ciabbatta.com\/es\/#website\",\"url\":\"https:\/\/ciabbatta.com\/es\/\",\"name\":\"Ciabbatta, Artesans del Pa\",\"description\":\"Tienda Online - Panader\u00eda, pasteler\u00eda\",\"publisher\":{\"@id\":\"https:\/\/ciabbatta.com\/es\/#organization\"},\"potentialAction\":[{\"@type\":\"SearchAction\",\"target\":{\"@type\":\"EntryPoint\",\"urlTemplate\":\"https:\/\/ciabbatta.com\/es\/?s={search_term_string}\"},\"query-input\":{\"@type\":\"PropertyValueSpecification\",\"valueRequired\":true,\"valueName\":\"search_term_string\"}}],\"inLanguage\":\"es\"},{\"@type\":\"Organization\",\"@id\":\"https:\/\/ciabbatta.com\/es\/#organization\",\"name\":\"Ciabbatta, Artesans del Pa\",\"url\":\"https:\/\/ciabbatta.com\/es\/\",\"logo\":{\"@type\":\"ImageObject\",\"inLanguage\":\"es\",\"@id\":\"https:\/\/ciabbatta.com\/es\/#\/schema\/logo\/image\/\",\"url\":\"https:\/\/ciabbatta.com\/wp-content\/uploads\/Logotipo-CIABBATTA-Vertical-con-fondo-web.png\",\"contentUrl\":\"https:\/\/ciabbatta.com\/wp-content\/uploads\/Logotipo-CIABBATTA-Vertical-con-fondo-web.png\",\"width\":600,\"height\":452,\"caption\":\"Ciabbatta, Artesans del Pa\"},\"image\":{\"@id\":\"https:\/\/ciabbatta.com\/es\/#\/schema\/logo\/image\/\"},\"sameAs\":[\"https:\/\/www.instagram.com\/ciabbattacat?igsh=eTJiano3ZGw0cm8y\"]}]}<\/script>\n<!-- \/ Yoast SEO Premium plugin. -->","yoast_head_json":{"title":"Condiciones de Venta - CIABBATTA","robots":{"index":"noindex","follow":"nofollow"},"og_locale":"es_ES","og_type":"article","og_title":"Condiciones de Venta","og_url":"https:\/\/ciabbatta.com\/es\/condiciones-de-venta\/","og_site_name":"CIABBATTA","article_modified_time":"2025-02-05T14:34:58+00:00","twitter_card":"summary_large_image","schema":{"@context":"https:\/\/schema.org","@graph":[{"@type":"WebPage","@id":"https:\/\/ciabbatta.com\/es\/condiciones-de-venta\/","url":"https:\/\/ciabbatta.com\/es\/condiciones-de-venta\/","name":"Condiciones de Venta - CIABBATTA","isPartOf":{"@id":"https:\/\/ciabbatta.com\/es\/#website"},"datePublished":"2021-11-10T17:39:48+00:00","dateModified":"2025-02-05T14:34:58+00:00","breadcrumb":{"@id":"https:\/\/ciabbatta.com\/es\/condiciones-de-venta\/#breadcrumb"},"inLanguage":"es","potentialAction":[{"@type":"ReadAction","target":["https:\/\/ciabbatta.com\/es\/condiciones-de-venta\/"]}]},{"@type":"BreadcrumbList","@id":"https:\/\/ciabbatta.com\/es\/condiciones-de-venta\/#breadcrumb","itemListElement":[{"@type":"ListItem","position":1,"name":"Portada","item":"https:\/\/ciabbatta.com\/es\/tienda\/"},{"@type":"ListItem","position":2,"name":"Condiciones de Venta"}]},{"@type":"WebSite","@id":"https:\/\/ciabbatta.com\/es\/#website","url":"https:\/\/ciabbatta.com\/es\/","name":"Ciabbatta, Artesans del Pa","description":"Tienda Online - Panader\u00eda, pasteler\u00eda","publisher":{"@id":"https:\/\/ciabbatta.com\/es\/#organization"},"potentialAction":[{"@type":"SearchAction","target":{"@type":"EntryPoint","urlTemplate":"https:\/\/ciabbatta.com\/es\/?s={search_term_string}"},"query-input":{"@type":"PropertyValueSpecification","valueRequired":true,"valueName":"search_term_string"}}],"inLanguage":"es"},{"@type":"Organization","@id":"https:\/\/ciabbatta.com\/es\/#organization","name":"Ciabbatta, Artesans del Pa","url":"https:\/\/ciabbatta.com\/es\/","logo":{"@type":"ImageObject","inLanguage":"es","@id":"https:\/\/ciabbatta.com\/es\/#\/schema\/logo\/image\/","url":"https:\/\/ciabbatta.com\/wp-content\/uploads\/Logotipo-CIABBATTA-Vertical-con-fondo-web.png","contentUrl":"https:\/\/ciabbatta.com\/wp-content\/uploads\/Logotipo-CIABBATTA-Vertical-con-fondo-web.png","width":600,"height":452,"caption":"Ciabbatta, Artesans del Pa"},"image":{"@id":"https:\/\/ciabbatta.com\/es\/#\/schema\/logo\/image\/"},"sameAs":["https:\/\/www.instagram.com\/ciabbattacat?igsh=eTJiano3ZGw0cm8y"]}]}},"_links":{"self":[{"href":"https:\/\/ciabbatta.com\/es\/wp-json\/wp\/v2\/pages\/9670","targetHints":{"allow":["GET"]}}],"collection":[{"href":"https:\/\/ciabbatta.com\/es\/wp-json\/wp\/v2\/pages"}],"about":[{"href":"https:\/\/ciabbatta.com\/es\/wp-json\/wp\/v2\/types\/page"}],"author":[{"embeddable":true,"href":"https:\/\/ciabbatta.com\/es\/wp-json\/wp\/v2\/users\/1"}],"replies":[{"embeddable":true,"href":"https:\/\/ciabbatta.com\/es\/wp-json\/wp\/v2\/comments?post=9670"}],"version-history":[{"count":0,"href":"https:\/\/ciabbatta.com\/es\/wp-json\/wp\/v2\/pages\/9670\/revisions"}],"wp:attachment":[{"href":"https:\/\/ciabbatta.com\/es\/wp-json\/wp\/v2\/media?parent=9670"}],"curies":[{"name":"wp","href":"https:\/\/api.w.org\/{rel}","templated":true}]}}