{"id":15265,"date":"2025-03-26T15:27:26","date_gmt":"2025-03-26T15:27:26","guid":{"rendered":"https:\/\/ciabbatta.com\/?post_type=product&#038;p=15265"},"modified":"2026-01-20T12:15:58","modified_gmt":"2026-01-20T12:15:58","slug":"bandeja-mini-croissants-palmeritas","status":"publish","type":"product","link":"https:\/\/ciabbatta.com\/es\/bandeja-mini-croissants-palmeritas\/","title":{"rendered":"Bandeja mini croissants + palmeritas"},"excerpt":{"rendered":"<p>Una selecci\u00f3n mini de cl\u00e1sicos dulces de nuestra boller\u00eda, perfecta para desayunos o meriendas.<\/p>\n<p>(4-6 personas)<\/p>\n","protected":false},"featured_media":15269,"template":"","meta":{"inline_featured_image":false,"_monsterinsights_skip_tracking":false,"_monsterinsights_sitenote_active":false,"_monsterinsights_sitenote_note":"","_monsterinsights_sitenote_category":0,"_joinchat":[]},"product_cat":[198],"product_tag":[],"apto-para":[],"alergenos":[],"class_list":{"0":"post-15265","1":"product","2":"type-product","3":"status-publish","4":"has-post-thumbnail","6":"product_cat-bandejas-dulces","8":"first","9":"instock","10":"taxable","11":"shipping-taxable","12":"product-type-simple"},"yoast_head":"<!-- This site is optimized with the Yoast SEO Premium plugin v24.0 (Yoast SEO v26.9) - https:\/\/yoast.com\/product\/yoast-seo-premium-wordpress\/ -->\n<title>Bandeja mini croissants + palmeritas - CIABBATTA<\/title>\n<meta name=\"robots\" content=\"index, follow, max-snippet:-1, max-image-preview:large, max-video-preview:-1\" \/>\n<link rel=\"canonical\" href=\"https:\/\/ciabbatta.com\/es\/bandeja-mini-croissants-palmeritas\/\" \/>\n<meta property=\"og:locale\" content=\"es_ES\" \/>\n<meta property=\"og:type\" content=\"article\" \/>\n<meta property=\"og:title\" content=\"Bandeja mini croissants + palmeritas\" \/>\n<meta property=\"og:description\" content=\"Una selecci\u00f3n mini de cl\u00e1sicos dulces de nuestra boller\u00eda, perfecta para desayunos o meriendas.  (4-6 personas)\" \/>\n<meta property=\"og:url\" content=\"https:\/\/ciabbatta.com\/es\/bandeja-mini-croissants-palmeritas\/\" \/>\n<meta property=\"og:site_name\" content=\"CIABBATTA\" \/>\n<meta property=\"article:modified_time\" content=\"2026-01-20T12:15:58+00:00\" \/>\n<meta property=\"og:image\" content=\"https:\/\/ciabbatta.com\/wp-content\/uploads\/safata-7-sense-fons-e1743003407377.png\" \/>\n\t<meta property=\"og:image:width\" content=\"800\" \/>\n\t<meta property=\"og:image:height\" content=\"655\" \/>\n\t<meta property=\"og:image:type\" content=\"image\/png\" \/>\n<meta name=\"twitter:card\" content=\"summary_large_image\" \/>\n<meta name=\"twitter:label1\" content=\"Tiempo de lectura\" \/>\n\t<meta name=\"twitter:data1\" content=\"1 minuto\" \/>\n<script type=\"application\/ld+json\" class=\"yoast-schema-graph\">{\"@context\":\"https:\/\/schema.org\",\"@graph\":[{\"@type\":\"WebPage\",\"@id\":\"https:\/\/ciabbatta.com\/es\/bandeja-mini-croissants-palmeritas\/\",\"url\":\"https:\/\/ciabbatta.com\/es\/bandeja-mini-croissants-palmeritas\/\",\"name\":\"Bandeja mini croissants + palmeritas - CIABBATTA\",\"isPartOf\":{\"@id\":\"https:\/\/ciabbatta.com\/es\/#website\"},\"primaryImageOfPage\":{\"@id\":\"https:\/\/ciabbatta.com\/es\/bandeja-mini-croissants-palmeritas\/#primaryimage\"},\"image\":{\"@id\":\"https:\/\/ciabbatta.com\/es\/bandeja-mini-croissants-palmeritas\/#primaryimage\"},\"thumbnailUrl\":\"https:\/\/ciabbatta.com\/wp-content\/uploads\/safata-7-sense-fons-e1743003407377.png\",\"datePublished\":\"2025-03-26T15:27:26+00:00\",\"dateModified\":\"2026-01-20T12:15:58+00:00\",\"breadcrumb\":{\"@id\":\"https:\/\/ciabbatta.com\/es\/bandeja-mini-croissants-palmeritas\/#breadcrumb\"},\"inLanguage\":\"es\",\"potentialAction\":[{\"@type\":\"ReadAction\",\"target\":[\"https:\/\/ciabbatta.com\/es\/bandeja-mini-croissants-palmeritas\/\"]}]},{\"@type\":\"ImageObject\",\"inLanguage\":\"es\",\"@id\":\"https:\/\/ciabbatta.com\/es\/bandeja-mini-croissants-palmeritas\/#primaryimage\",\"url\":\"https:\/\/ciabbatta.com\/wp-content\/uploads\/safata-7-sense-fons-e1743003407377.png\",\"contentUrl\":\"https:\/\/ciabbatta.com\/wp-content\/uploads\/safata-7-sense-fons-e1743003407377.png\",\"width\":1920,\"height\":1571},{\"@type\":\"BreadcrumbList\",\"@id\":\"https:\/\/ciabbatta.com\/es\/bandeja-mini-croissants-palmeritas\/#breadcrumb\",\"itemListElement\":[{\"@type\":\"ListItem\",\"position\":1,\"name\":\"Portada\",\"item\":\"https:\/\/ciabbatta.com\/es\/tienda\/\"},{\"@type\":\"ListItem\",\"position\":2,\"name\":\"Tienda\",\"item\":\"https:\/\/ciabbatta.com\/es\/tienda\/\"},{\"@type\":\"ListItem\",\"position\":3,\"name\":\"Bandeja mini croissants + palmeritas\"}]},{\"@type\":\"WebSite\",\"@id\":\"https:\/\/ciabbatta.com\/es\/#website\",\"url\":\"https:\/\/ciabbatta.com\/es\/\",\"name\":\"Ciabbatta, Artesans del Pa\",\"description\":\"Tienda Online - Panader\u00eda, pasteler\u00eda\",\"publisher\":{\"@id\":\"https:\/\/ciabbatta.com\/es\/#organization\"},\"potentialAction\":[{\"@type\":\"SearchAction\",\"target\":{\"@type\":\"EntryPoint\",\"urlTemplate\":\"https:\/\/ciabbatta.com\/es\/?s={search_term_string}\"},\"query-input\":{\"@type\":\"PropertyValueSpecification\",\"valueRequired\":true,\"valueName\":\"search_term_string\"}}],\"inLanguage\":\"es\"},{\"@type\":\"Organization\",\"@id\":\"https:\/\/ciabbatta.com\/es\/#organization\",\"name\":\"Ciabbatta, Artesans del Pa\",\"url\":\"https:\/\/ciabbatta.com\/es\/\",\"logo\":{\"@type\":\"ImageObject\",\"inLanguage\":\"es\",\"@id\":\"https:\/\/ciabbatta.com\/es\/#\/schema\/logo\/image\/\",\"url\":\"https:\/\/ciabbatta.com\/wp-content\/uploads\/Logotipo-CIABBATTA-Vertical-con-fondo-web.png\",\"contentUrl\":\"https:\/\/ciabbatta.com\/wp-content\/uploads\/Logotipo-CIABBATTA-Vertical-con-fondo-web.png\",\"width\":600,\"height\":452,\"caption\":\"Ciabbatta, Artesans del Pa\"},\"image\":{\"@id\":\"https:\/\/ciabbatta.com\/es\/#\/schema\/logo\/image\/\"},\"sameAs\":[\"https:\/\/www.instagram.com\/ciabbattacat?igsh=eTJiano3ZGw0cm8y\"]}]}<\/script>\n<!-- \/ Yoast SEO Premium plugin. -->","yoast_head_json":{"title":"Bandeja mini croissants + palmeritas - CIABBATTA","robots":{"index":"index","follow":"follow","max-snippet":"max-snippet:-1","max-image-preview":"max-image-preview:large","max-video-preview":"max-video-preview:-1"},"canonical":"https:\/\/ciabbatta.com\/es\/bandeja-mini-croissants-palmeritas\/","og_locale":"es_ES","og_type":"article","og_title":"Bandeja mini croissants + palmeritas","og_description":"Una selecci\u00f3n mini de cl\u00e1sicos dulces de nuestra boller\u00eda, perfecta para desayunos o meriendas.  (4-6 personas)","og_url":"https:\/\/ciabbatta.com\/es\/bandeja-mini-croissants-palmeritas\/","og_site_name":"CIABBATTA","article_modified_time":"2026-01-20T12:15:58+00:00","og_image":[{"url":"https:\/\/ciabbatta.com\/wp-content\/uploads\/safata-7-sense-fons-e1743003407377.png","width":800,"height":655,"type":"image\/png"}],"twitter_card":"summary_large_image","twitter_misc":{"Tiempo de lectura":"1 minuto"},"schema":{"@context":"https:\/\/schema.org","@graph":[{"@type":"WebPage","@id":"https:\/\/ciabbatta.com\/es\/bandeja-mini-croissants-palmeritas\/","url":"https:\/\/ciabbatta.com\/es\/bandeja-mini-croissants-palmeritas\/","name":"Bandeja mini croissants + palmeritas - CIABBATTA","isPartOf":{"@id":"https:\/\/ciabbatta.com\/es\/#website"},"primaryImageOfPage":{"@id":"https:\/\/ciabbatta.com\/es\/bandeja-mini-croissants-palmeritas\/#primaryimage"},"image":{"@id":"https:\/\/ciabbatta.com\/es\/bandeja-mini-croissants-palmeritas\/#primaryimage"},"thumbnailUrl":"https:\/\/ciabbatta.com\/wp-content\/uploads\/safata-7-sense-fons-e1743003407377.png","datePublished":"2025-03-26T15:27:26+00:00","dateModified":"2026-01-20T12:15:58+00:00","breadcrumb":{"@id":"https:\/\/ciabbatta.com\/es\/bandeja-mini-croissants-palmeritas\/#breadcrumb"},"inLanguage":"es","potentialAction":[{"@type":"ReadAction","target":["https:\/\/ciabbatta.com\/es\/bandeja-mini-croissants-palmeritas\/"]}]},{"@type":"ImageObject","inLanguage":"es","@id":"https:\/\/ciabbatta.com\/es\/bandeja-mini-croissants-palmeritas\/#primaryimage","url":"https:\/\/ciabbatta.com\/wp-content\/uploads\/safata-7-sense-fons-e1743003407377.png","contentUrl":"https:\/\/ciabbatta.com\/wp-content\/uploads\/safata-7-sense-fons-e1743003407377.png","width":1920,"height":1571},{"@type":"BreadcrumbList","@id":"https:\/\/ciabbatta.com\/es\/bandeja-mini-croissants-palmeritas\/#breadcrumb","itemListElement":[{"@type":"ListItem","position":1,"name":"Portada","item":"https:\/\/ciabbatta.com\/es\/tienda\/"},{"@type":"ListItem","position":2,"name":"Tienda","item":"https:\/\/ciabbatta.com\/es\/tienda\/"},{"@type":"ListItem","position":3,"name":"Bandeja mini croissants + palmeritas"}]},{"@type":"WebSite","@id":"https:\/\/ciabbatta.com\/es\/#website","url":"https:\/\/ciabbatta.com\/es\/","name":"Ciabbatta, Artesans del Pa","description":"Tienda Online - Panader\u00eda, pasteler\u00eda","publisher":{"@id":"https:\/\/ciabbatta.com\/es\/#organization"},"potentialAction":[{"@type":"SearchAction","target":{"@type":"EntryPoint","urlTemplate":"https:\/\/ciabbatta.com\/es\/?s={search_term_string}"},"query-input":{"@type":"PropertyValueSpecification","valueRequired":true,"valueName":"search_term_string"}}],"inLanguage":"es"},{"@type":"Organization","@id":"https:\/\/ciabbatta.com\/es\/#organization","name":"Ciabbatta, Artesans del Pa","url":"https:\/\/ciabbatta.com\/es\/","logo":{"@type":"ImageObject","inLanguage":"es","@id":"https:\/\/ciabbatta.com\/es\/#\/schema\/logo\/image\/","url":"https:\/\/ciabbatta.com\/wp-content\/uploads\/Logotipo-CIABBATTA-Vertical-con-fondo-web.png","contentUrl":"https:\/\/ciabbatta.com\/wp-content\/uploads\/Logotipo-CIABBATTA-Vertical-con-fondo-web.png","width":600,"height":452,"caption":"Ciabbatta, Artesans del Pa"},"image":{"@id":"https:\/\/ciabbatta.com\/es\/#\/schema\/logo\/image\/"},"sameAs":["https:\/\/www.instagram.com\/ciabbattacat?igsh=eTJiano3ZGw0cm8y"]}]}},"_links":{"self":[{"href":"https:\/\/ciabbatta.com\/es\/wp-json\/wp\/v2\/product\/15265","targetHints":{"allow":["GET"]}}],"collection":[{"href":"https:\/\/ciabbatta.com\/es\/wp-json\/wp\/v2\/product"}],"about":[{"href":"https:\/\/ciabbatta.com\/es\/wp-json\/wp\/v2\/types\/product"}],"version-history":[{"count":1,"href":"https:\/\/ciabbatta.com\/es\/wp-json\/wp\/v2\/product\/15265\/revisions"}],"predecessor-version":[{"id":17681,"href":"https:\/\/ciabbatta.com\/es\/wp-json\/wp\/v2\/product\/15265\/revisions\/17681"}],"wp:featuredmedia":[{"embeddable":true,"href":"https:\/\/ciabbatta.com\/es\/wp-json\/wp\/v2\/media\/15269"}],"wp:attachment":[{"href":"https:\/\/ciabbatta.com\/es\/wp-json\/wp\/v2\/media?parent=15265"}],"wp:term":[{"taxonomy":"product_cat","embeddable":true,"href":"https:\/\/ciabbatta.com\/es\/wp-json\/wp\/v2\/product_cat?post=15265"},{"taxonomy":"product_tag","embeddable":true,"href":"https:\/\/ciabbatta.com\/es\/wp-json\/wp\/v2\/product_tag?post=15265"},{"taxonomy":"apto-para","embeddable":true,"href":"https:\/\/ciabbatta.com\/es\/wp-json\/wp\/v2\/apto-para?post=15265"},{"taxonomy":"alergenos","embeddable":true,"href":"https:\/\/ciabbatta.com\/es\/wp-json\/wp\/v2\/alergenos?post=15265"}],"curies":[{"name":"wp","href":"https:\/\/api.w.org\/{rel}","templated":true}]}}