{"id":15503,"date":"2025-05-19T11:35:47","date_gmt":"2025-05-19T11:35:47","guid":{"rendered":"https:\/\/ciabbatta.com\/coca-de-setas-y-cebolla\/"},"modified":"2025-05-20T10:04:31","modified_gmt":"2025-05-20T10:04:31","slug":"coca-de-setas-y-cebolla","status":"publish","type":"product","link":"https:\/\/ciabbatta.com\/es\/coca-de-setas-y-cebolla\/","title":{"rendered":"Coca de Setas y Cebolla"},"content":{"rendered":"<p class=\"\" data-start=\"158\" data-end=\"625\">La Coca de Setas, Queso y Cebolla es una combinaci\u00f3n deliciosa de sabores intensos y texturas contrastadas. La base, ligera y crujiente, est\u00e1 elaborada con una masa tradicional que aporta un toque r\u00fastico y sabroso. Encima, una generosa capa de setas frescas, cebolla caramelizada y queso fundido que se derrite de manera delicada durante la cocci\u00f3n, creando una coca perfecta para compartir en aperitivos, comidas o celebraciones especiales.<\/p>\n","protected":false},"excerpt":{"rendered":"<p>Una coca crujiente con setas, queso fundido y cebolla caramelizada sobre una base ligera.<\/p>\n","protected":false},"featured_media":15508,"template":"","meta":{"_acf_changed":false,"inline_featured_image":false,"_monsterinsights_skip_tracking":false,"_monsterinsights_sitenote_active":false,"_monsterinsights_sitenote_note":"","_monsterinsights_sitenote_category":0,"_joinchat":[]},"alergeno":[],"apto-para":[215],"product_brand":[],"product_cat":[265],"product_tag":[],"class_list":{"0":"post-15503","1":"product","2":"type-product","3":"status-publish","4":"has-post-thumbnail","6":"apto-para-vegetarianos","7":"product_cat-otros","9":"first","10":"instock","11":"taxable","12":"shipping-taxable","13":"purchasable","14":"product-type-simple"},"acf":[],"yoast_head":"<!-- This site is optimized with the Yoast SEO Premium plugin v24.0 (Yoast SEO v27.5) - https:\/\/yoast.com\/product\/yoast-seo-premium-wordpress\/ -->\n<title>Coca de Setas y Cebolla - CIABBATTA<\/title>\n<meta name=\"robots\" content=\"index, follow, max-snippet:-1, max-image-preview:large, max-video-preview:-1\" \/>\n<link rel=\"canonical\" href=\"https:\/\/ciabbatta.com\/es\/coca-de-setas-y-cebolla\/\" \/>\n<meta property=\"og:locale\" content=\"es_ES\" \/>\n<meta property=\"og:type\" content=\"article\" \/>\n<meta property=\"og:title\" content=\"Coca de Setas y Cebolla\" \/>\n<meta property=\"og:description\" content=\"Una coca crujiente con setas, queso fundido y cebolla caramelizada sobre una base ligera.\" \/>\n<meta property=\"og:url\" content=\"https:\/\/ciabbatta.com\/es\/coca-de-setas-y-cebolla\/\" \/>\n<meta property=\"og:site_name\" content=\"CIABBATTA\" \/>\n<meta property=\"article:modified_time\" content=\"2025-05-20T10:04:31+00:00\" \/>\n<meta property=\"og:image\" content=\"https:\/\/ciabbatta.com\/wp-content\/uploads\/COQUES-SALADES-4-scaled-e1747810031366.png\" \/>\n\t<meta property=\"og:image:width\" content=\"800\" \/>\n\t<meta property=\"og:image:height\" content=\"533\" \/>\n\t<meta property=\"og:image:type\" content=\"image\/png\" \/>\n<meta name=\"twitter:card\" content=\"summary_large_image\" \/>\n<script type=\"application\/ld+json\" class=\"yoast-schema-graph\">{\"@context\":\"https:\\\/\\\/schema.org\",\"@graph\":[{\"@type\":\"WebPage\",\"@id\":\"https:\\\/\\\/ciabbatta.com\\\/es\\\/coca-de-setas-y-cebolla\\\/\",\"url\":\"https:\\\/\\\/ciabbatta.com\\\/es\\\/coca-de-setas-y-cebolla\\\/\",\"name\":\"Coca de Setas y Cebolla - CIABBATTA\",\"isPartOf\":{\"@id\":\"https:\\\/\\\/ciabbatta.com\\\/es\\\/#website\"},\"primaryImageOfPage\":{\"@id\":\"https:\\\/\\\/ciabbatta.com\\\/es\\\/coca-de-setas-y-cebolla\\\/#primaryimage\"},\"image\":{\"@id\":\"https:\\\/\\\/ciabbatta.com\\\/es\\\/coca-de-setas-y-cebolla\\\/#primaryimage\"},\"thumbnailUrl\":\"https:\\\/\\\/ciabbatta.com\\\/wp-content\\\/uploads\\\/COQUES-SALADES-4-scaled-e1747810031366.png\",\"datePublished\":\"2025-05-19T11:35:47+00:00\",\"dateModified\":\"2025-05-20T10:04:31+00:00\",\"breadcrumb\":{\"@id\":\"https:\\\/\\\/ciabbatta.com\\\/es\\\/coca-de-setas-y-cebolla\\\/#breadcrumb\"},\"inLanguage\":\"es\",\"potentialAction\":[{\"@type\":\"ReadAction\",\"target\":[\"https:\\\/\\\/ciabbatta.com\\\/es\\\/coca-de-setas-y-cebolla\\\/\"]}]},{\"@type\":\"ImageObject\",\"inLanguage\":\"es\",\"@id\":\"https:\\\/\\\/ciabbatta.com\\\/es\\\/coca-de-setas-y-cebolla\\\/#primaryimage\",\"url\":\"https:\\\/\\\/ciabbatta.com\\\/wp-content\\\/uploads\\\/COQUES-SALADES-4-scaled-e1747810031366.png\",\"contentUrl\":\"https:\\\/\\\/ciabbatta.com\\\/wp-content\\\/uploads\\\/COQUES-SALADES-4-scaled-e1747810031366.png\",\"width\":963,\"height\":617},{\"@type\":\"BreadcrumbList\",\"@id\":\"https:\\\/\\\/ciabbatta.com\\\/es\\\/coca-de-setas-y-cebolla\\\/#breadcrumb\",\"itemListElement\":[{\"@type\":\"ListItem\",\"position\":1,\"name\":\"Portada\",\"item\":\"https:\\\/\\\/ciabbatta.com\\\/es\\\/tienda\\\/\"},{\"@type\":\"ListItem\",\"position\":2,\"name\":\"Tienda\",\"item\":\"https:\\\/\\\/ciabbatta.com\\\/es\\\/tienda\\\/\"},{\"@type\":\"ListItem\",\"position\":3,\"name\":\"Coca de Setas y Cebolla\"}]},{\"@type\":\"WebSite\",\"@id\":\"https:\\\/\\\/ciabbatta.com\\\/es\\\/#website\",\"url\":\"https:\\\/\\\/ciabbatta.com\\\/es\\\/\",\"name\":\"Ciabbatta, Artesans del Pa\",\"description\":\"Tienda Online - Panader\u00eda, pasteler\u00eda\",\"publisher\":{\"@id\":\"https:\\\/\\\/ciabbatta.com\\\/es\\\/#organization\"},\"potentialAction\":[{\"@type\":\"SearchAction\",\"target\":{\"@type\":\"EntryPoint\",\"urlTemplate\":\"https:\\\/\\\/ciabbatta.com\\\/es\\\/?s={search_term_string}\"},\"query-input\":{\"@type\":\"PropertyValueSpecification\",\"valueRequired\":true,\"valueName\":\"search_term_string\"}}],\"inLanguage\":\"es\"},{\"@type\":\"Organization\",\"@id\":\"https:\\\/\\\/ciabbatta.com\\\/es\\\/#organization\",\"name\":\"Ciabbatta, Artesans del Pa\",\"url\":\"https:\\\/\\\/ciabbatta.com\\\/es\\\/\",\"logo\":{\"@type\":\"ImageObject\",\"inLanguage\":\"es\",\"@id\":\"https:\\\/\\\/ciabbatta.com\\\/es\\\/#\\\/schema\\\/logo\\\/image\\\/\",\"url\":\"https:\\\/\\\/ciabbatta.com\\\/wp-content\\\/uploads\\\/Logotipo-CIABBATTA-Vertical-con-fondo-web.png\",\"contentUrl\":\"https:\\\/\\\/ciabbatta.com\\\/wp-content\\\/uploads\\\/Logotipo-CIABBATTA-Vertical-con-fondo-web.png\",\"width\":600,\"height\":452,\"caption\":\"Ciabbatta, Artesans del Pa\"},\"image\":{\"@id\":\"https:\\\/\\\/ciabbatta.com\\\/es\\\/#\\\/schema\\\/logo\\\/image\\\/\"},\"sameAs\":[\"https:\\\/\\\/www.instagram.com\\\/ciabbattacat?igsh=eTJiano3ZGw0cm8y\"]}]}<\/script>\n<!-- \/ Yoast SEO Premium plugin. -->","yoast_head_json":{"title":"Coca de Setas y Cebolla - CIABBATTA","robots":{"index":"index","follow":"follow","max-snippet":"max-snippet:-1","max-image-preview":"max-image-preview:large","max-video-preview":"max-video-preview:-1"},"canonical":"https:\/\/ciabbatta.com\/es\/coca-de-setas-y-cebolla\/","og_locale":"es_ES","og_type":"article","og_title":"Coca de Setas y Cebolla","og_description":"Una coca crujiente con setas, queso fundido y cebolla caramelizada sobre una base ligera.","og_url":"https:\/\/ciabbatta.com\/es\/coca-de-setas-y-cebolla\/","og_site_name":"CIABBATTA","article_modified_time":"2025-05-20T10:04:31+00:00","og_image":[{"url":"https:\/\/ciabbatta.com\/wp-content\/uploads\/COQUES-SALADES-4-scaled-e1747810031366.png","width":800,"height":533,"type":"image\/png"}],"twitter_card":"summary_large_image","schema":{"@context":"https:\/\/schema.org","@graph":[{"@type":"WebPage","@id":"https:\/\/ciabbatta.com\/es\/coca-de-setas-y-cebolla\/","url":"https:\/\/ciabbatta.com\/es\/coca-de-setas-y-cebolla\/","name":"Coca de Setas y Cebolla - CIABBATTA","isPartOf":{"@id":"https:\/\/ciabbatta.com\/es\/#website"},"primaryImageOfPage":{"@id":"https:\/\/ciabbatta.com\/es\/coca-de-setas-y-cebolla\/#primaryimage"},"image":{"@id":"https:\/\/ciabbatta.com\/es\/coca-de-setas-y-cebolla\/#primaryimage"},"thumbnailUrl":"https:\/\/ciabbatta.com\/wp-content\/uploads\/COQUES-SALADES-4-scaled-e1747810031366.png","datePublished":"2025-05-19T11:35:47+00:00","dateModified":"2025-05-20T10:04:31+00:00","breadcrumb":{"@id":"https:\/\/ciabbatta.com\/es\/coca-de-setas-y-cebolla\/#breadcrumb"},"inLanguage":"es","potentialAction":[{"@type":"ReadAction","target":["https:\/\/ciabbatta.com\/es\/coca-de-setas-y-cebolla\/"]}]},{"@type":"ImageObject","inLanguage":"es","@id":"https:\/\/ciabbatta.com\/es\/coca-de-setas-y-cebolla\/#primaryimage","url":"https:\/\/ciabbatta.com\/wp-content\/uploads\/COQUES-SALADES-4-scaled-e1747810031366.png","contentUrl":"https:\/\/ciabbatta.com\/wp-content\/uploads\/COQUES-SALADES-4-scaled-e1747810031366.png","width":963,"height":617},{"@type":"BreadcrumbList","@id":"https:\/\/ciabbatta.com\/es\/coca-de-setas-y-cebolla\/#breadcrumb","itemListElement":[{"@type":"ListItem","position":1,"name":"Portada","item":"https:\/\/ciabbatta.com\/es\/tienda\/"},{"@type":"ListItem","position":2,"name":"Tienda","item":"https:\/\/ciabbatta.com\/es\/tienda\/"},{"@type":"ListItem","position":3,"name":"Coca de Setas y Cebolla"}]},{"@type":"WebSite","@id":"https:\/\/ciabbatta.com\/es\/#website","url":"https:\/\/ciabbatta.com\/es\/","name":"Ciabbatta, Artesans del Pa","description":"Tienda Online - Panader\u00eda, pasteler\u00eda","publisher":{"@id":"https:\/\/ciabbatta.com\/es\/#organization"},"potentialAction":[{"@type":"SearchAction","target":{"@type":"EntryPoint","urlTemplate":"https:\/\/ciabbatta.com\/es\/?s={search_term_string}"},"query-input":{"@type":"PropertyValueSpecification","valueRequired":true,"valueName":"search_term_string"}}],"inLanguage":"es"},{"@type":"Organization","@id":"https:\/\/ciabbatta.com\/es\/#organization","name":"Ciabbatta, Artesans del Pa","url":"https:\/\/ciabbatta.com\/es\/","logo":{"@type":"ImageObject","inLanguage":"es","@id":"https:\/\/ciabbatta.com\/es\/#\/schema\/logo\/image\/","url":"https:\/\/ciabbatta.com\/wp-content\/uploads\/Logotipo-CIABBATTA-Vertical-con-fondo-web.png","contentUrl":"https:\/\/ciabbatta.com\/wp-content\/uploads\/Logotipo-CIABBATTA-Vertical-con-fondo-web.png","width":600,"height":452,"caption":"Ciabbatta, Artesans del Pa"},"image":{"@id":"https:\/\/ciabbatta.com\/es\/#\/schema\/logo\/image\/"},"sameAs":["https:\/\/www.instagram.com\/ciabbattacat?igsh=eTJiano3ZGw0cm8y"]}]}},"_links":{"self":[{"href":"https:\/\/ciabbatta.com\/es\/wp-json\/wp\/v2\/product\/15503","targetHints":{"allow":["GET"]}}],"collection":[{"href":"https:\/\/ciabbatta.com\/es\/wp-json\/wp\/v2\/product"}],"about":[{"href":"https:\/\/ciabbatta.com\/es\/wp-json\/wp\/v2\/types\/product"}],"version-history":[{"count":0,"href":"https:\/\/ciabbatta.com\/es\/wp-json\/wp\/v2\/product\/15503\/revisions"}],"wp:featuredmedia":[{"embeddable":true,"href":"https:\/\/ciabbatta.com\/es\/wp-json\/wp\/v2\/media\/15508"}],"wp:attachment":[{"href":"https:\/\/ciabbatta.com\/es\/wp-json\/wp\/v2\/media?parent=15503"}],"wp:term":[{"taxonomy":"alergeno","embeddable":true,"href":"https:\/\/ciabbatta.com\/es\/wp-json\/wp\/v2\/alergeno?post=15503"},{"taxonomy":"apto-para","embeddable":true,"href":"https:\/\/ciabbatta.com\/es\/wp-json\/wp\/v2\/apto-para?post=15503"},{"taxonomy":"product_brand","embeddable":true,"href":"https:\/\/ciabbatta.com\/es\/wp-json\/wp\/v2\/product_brand?post=15503"},{"taxonomy":"product_cat","embeddable":true,"href":"https:\/\/ciabbatta.com\/es\/wp-json\/wp\/v2\/product_cat?post=15503"},{"taxonomy":"product_tag","embeddable":true,"href":"https:\/\/ciabbatta.com\/es\/wp-json\/wp\/v2\/product_tag?post=15503"}],"curies":[{"name":"wp","href":"https:\/\/api.w.org\/{rel}","templated":true}]}}