{"id":15588,"date":"2025-05-21T09:39:23","date_gmt":"2025-05-21T09:39:23","guid":{"rendered":"https:\/\/ciabbatta.com\/?post_type=product&#038;p=15588"},"modified":"2025-05-21T10:08:33","modified_gmt":"2025-05-21T10:08:33","slug":"coca-de-escalivada","status":"publish","type":"product","link":"https:\/\/ciabbatta.com\/es\/coca-de-escalivada\/","title":{"rendered":"Coca de Escalivada"},"excerpt":{"rendered":"<article class=\"text-token-text-primary w-full\" dir=\"auto\" data-testid=\"conversation-turn-60\" data-scroll-anchor=\"true\">\n<div class=\"text-base my-auto mx-auto py-5 [--thread-content-margin:--spacing(4)] @[37rem]:[--thread-content-margin:--spacing(6)] @[72rem]:[--thread-content-margin:--spacing(16)] px-(--thread-content-margin)\">\n<div class=\"[--thread-content-max-width:32rem] @[34rem]:[--thread-content-max-width:40rem] @[64rem]:[--thread-content-max-width:48rem] mx-auto flex max-w-(--thread-content-max-width) flex-1 text-base gap-4 md:gap-5 lg:gap-6 group\/turn-messages focus-visible:outline-hidden\" tabindex=\"-1\">\n<div class=\"group\/conversation-turn relative flex w-full min-w-0 flex-col agent-turn\">\n<div class=\"relative flex-col gap-1 md:gap-3\">\n<div class=\"flex max-w-full flex-col grow\">\n<div class=\"min-h-8 text-message relative flex w-full flex-col items-end gap-2 text-start break-words whitespace-normal [.text-message+&amp;]:mt-5\" dir=\"auto\" data-message-author-role=\"assistant\" data-message-id=\"a51c6ea9-04a2-4f73-9930-788e13d2e9c4\" data-message-model-slug=\"gpt-4o\">\n<div class=\"flex w-full flex-col gap-1 empty:hidden first:pt-[3px]\">\n<div class=\"markdown prose dark:prose-invert w-full break-words light\">\n<p class=\"\" data-start=\"28\" data-end=\"149\">Una coca ligera con base crujiente y una deliciosa combinaci\u00f3n de pimiento y berenjena asados (con opci\u00f3n de a\u00f1adir anchoas).<\/p>\n<\/div>\n<\/div>\n<\/div>\n<\/div>\n<\/div>\n<\/div>\n<\/div>\n<\/div>\n<\/article>\n","protected":false},"featured_media":15591,"template":"","meta":{"inline_featured_image":false,"_monsterinsights_skip_tracking":false,"_monsterinsights_sitenote_active":false,"_monsterinsights_sitenote_note":"","_monsterinsights_sitenote_category":0,"_joinchat":[]},"product_cat":[265],"product_tag":[],"apto-para":[216,214,215],"alergenos":[210],"class_list":{"0":"post-15588","1":"product","2":"type-product","3":"status-publish","4":"has-post-thumbnail","6":"product_cat-otros","7":"apto-para-intolerantes-a-la-lactosa","8":"apto-para-veganos","9":"apto-para-vegetarianos","10":"alergenos-sin-lactosa-mantequilla-chocolate","12":"first","13":"instock","14":"taxable","15":"shipping-taxable","16":"product-type-variable"},"yoast_head":"<!-- This site is optimized with the Yoast SEO Premium plugin v24.0 (Yoast SEO v26.9) - https:\/\/yoast.com\/product\/yoast-seo-premium-wordpress\/ -->\n<title>Coca de Escalivada - CIABBATTA<\/title>\n<meta name=\"description\" content=\"Una coca ligera con base crujiente y una deliciosa combinaci\u00f3n de pimiento y berenjena asados (con opci\u00f3n de a\u00f1adir anchoas).\" \/>\n<meta name=\"robots\" content=\"index, follow, max-snippet:-1, max-image-preview:large, max-video-preview:-1\" \/>\n<link rel=\"canonical\" href=\"https:\/\/ciabbatta.com\/es\/coca-de-escalivada\/\" \/>\n<meta property=\"og:locale\" content=\"es_ES\" \/>\n<meta property=\"og:type\" content=\"article\" \/>\n<meta property=\"og:title\" content=\"Coca de Escalivada\" \/>\n<meta property=\"og:description\" content=\"Una coca ligera con base crujiente y una deliciosa combinaci\u00f3n de pimiento y berenjena asados (con opci\u00f3n de a\u00f1adir anchoas).\" \/>\n<meta property=\"og:url\" content=\"https:\/\/ciabbatta.com\/es\/coca-de-escalivada\/\" \/>\n<meta property=\"og:site_name\" content=\"CIABBATTA\" \/>\n<meta property=\"article:modified_time\" content=\"2025-05-21T10:08:33+00:00\" \/>\n<meta property=\"og:image\" content=\"https:\/\/ciabbatta.com\/wp-content\/uploads\/COQUES-SALADES-2-scaled-e1747821261819.png\" \/>\n\t<meta property=\"og:image:width\" content=\"1000\" \/>\n\t<meta property=\"og:image:height\" content=\"667\" \/>\n\t<meta property=\"og:image:type\" content=\"image\/png\" \/>\n<meta name=\"twitter:card\" content=\"summary_large_image\" \/>\n<meta name=\"twitter:label1\" content=\"Tiempo de lectura\" \/>\n\t<meta name=\"twitter:data1\" content=\"1 minuto\" \/>\n<script type=\"application\/ld+json\" class=\"yoast-schema-graph\">{\"@context\":\"https:\/\/schema.org\",\"@graph\":[{\"@type\":\"WebPage\",\"@id\":\"https:\/\/ciabbatta.com\/es\/coca-de-escalivada\/\",\"url\":\"https:\/\/ciabbatta.com\/es\/coca-de-escalivada\/\",\"name\":\"Coca de Escalivada - CIABBATTA\",\"isPartOf\":{\"@id\":\"https:\/\/ciabbatta.com\/es\/#website\"},\"primaryImageOfPage\":{\"@id\":\"https:\/\/ciabbatta.com\/es\/coca-de-escalivada\/#primaryimage\"},\"image\":{\"@id\":\"https:\/\/ciabbatta.com\/es\/coca-de-escalivada\/#primaryimage\"},\"thumbnailUrl\":\"https:\/\/ciabbatta.com\/wp-content\/uploads\/COQUES-SALADES-2-scaled-e1747821261819.png\",\"datePublished\":\"2025-05-21T09:39:23+00:00\",\"dateModified\":\"2025-05-21T10:08:33+00:00\",\"description\":\"Una coca ligera con base crujiente y una deliciosa combinaci\u00f3n de pimiento y berenjena asados (con opci\u00f3n de a\u00f1adir anchoas).\",\"breadcrumb\":{\"@id\":\"https:\/\/ciabbatta.com\/es\/coca-de-escalivada\/#breadcrumb\"},\"inLanguage\":\"es\",\"potentialAction\":[{\"@type\":\"ReadAction\",\"target\":[\"https:\/\/ciabbatta.com\/es\/coca-de-escalivada\/\"]}]},{\"@type\":\"ImageObject\",\"inLanguage\":\"es\",\"@id\":\"https:\/\/ciabbatta.com\/es\/coca-de-escalivada\/#primaryimage\",\"url\":\"https:\/\/ciabbatta.com\/wp-content\/uploads\/COQUES-SALADES-2-scaled-e1747821261819.png\",\"contentUrl\":\"https:\/\/ciabbatta.com\/wp-content\/uploads\/COQUES-SALADES-2-scaled-e1747821261819.png\",\"width\":1000,\"height\":667},{\"@type\":\"BreadcrumbList\",\"@id\":\"https:\/\/ciabbatta.com\/es\/coca-de-escalivada\/#breadcrumb\",\"itemListElement\":[{\"@type\":\"ListItem\",\"position\":1,\"name\":\"Portada\",\"item\":\"https:\/\/ciabbatta.com\/es\/tienda\/\"},{\"@type\":\"ListItem\",\"position\":2,\"name\":\"Tienda\",\"item\":\"https:\/\/ciabbatta.com\/es\/tienda\/\"},{\"@type\":\"ListItem\",\"position\":3,\"name\":\"Coca de Escalivada\"}]},{\"@type\":\"WebSite\",\"@id\":\"https:\/\/ciabbatta.com\/es\/#website\",\"url\":\"https:\/\/ciabbatta.com\/es\/\",\"name\":\"Ciabbatta, Artesans del Pa\",\"description\":\"Tienda Online - Panader\u00eda, pasteler\u00eda\",\"publisher\":{\"@id\":\"https:\/\/ciabbatta.com\/es\/#organization\"},\"potentialAction\":[{\"@type\":\"SearchAction\",\"target\":{\"@type\":\"EntryPoint\",\"urlTemplate\":\"https:\/\/ciabbatta.com\/es\/?s={search_term_string}\"},\"query-input\":{\"@type\":\"PropertyValueSpecification\",\"valueRequired\":true,\"valueName\":\"search_term_string\"}}],\"inLanguage\":\"es\"},{\"@type\":\"Organization\",\"@id\":\"https:\/\/ciabbatta.com\/es\/#organization\",\"name\":\"Ciabbatta, Artesans del Pa\",\"url\":\"https:\/\/ciabbatta.com\/es\/\",\"logo\":{\"@type\":\"ImageObject\",\"inLanguage\":\"es\",\"@id\":\"https:\/\/ciabbatta.com\/es\/#\/schema\/logo\/image\/\",\"url\":\"https:\/\/ciabbatta.com\/wp-content\/uploads\/Logotipo-CIABBATTA-Vertical-con-fondo-web.png\",\"contentUrl\":\"https:\/\/ciabbatta.com\/wp-content\/uploads\/Logotipo-CIABBATTA-Vertical-con-fondo-web.png\",\"width\":600,\"height\":452,\"caption\":\"Ciabbatta, Artesans del Pa\"},\"image\":{\"@id\":\"https:\/\/ciabbatta.com\/es\/#\/schema\/logo\/image\/\"},\"sameAs\":[\"https:\/\/www.instagram.com\/ciabbattacat?igsh=eTJiano3ZGw0cm8y\"]}]}<\/script>\n<!-- \/ Yoast SEO Premium plugin. -->","yoast_head_json":{"title":"Coca de Escalivada - CIABBATTA","description":"Una coca ligera con base crujiente y una deliciosa combinaci\u00f3n de pimiento y berenjena asados (con opci\u00f3n de a\u00f1adir anchoas).","robots":{"index":"index","follow":"follow","max-snippet":"max-snippet:-1","max-image-preview":"max-image-preview:large","max-video-preview":"max-video-preview:-1"},"canonical":"https:\/\/ciabbatta.com\/es\/coca-de-escalivada\/","og_locale":"es_ES","og_type":"article","og_title":"Coca de Escalivada","og_description":"Una coca ligera con base crujiente y una deliciosa combinaci\u00f3n de pimiento y berenjena asados (con opci\u00f3n de a\u00f1adir anchoas).","og_url":"https:\/\/ciabbatta.com\/es\/coca-de-escalivada\/","og_site_name":"CIABBATTA","article_modified_time":"2025-05-21T10:08:33+00:00","og_image":[{"width":1000,"height":667,"url":"https:\/\/ciabbatta.com\/wp-content\/uploads\/COQUES-SALADES-2-scaled-e1747821261819.png","type":"image\/png"}],"twitter_card":"summary_large_image","twitter_misc":{"Tiempo de lectura":"1 minuto"},"schema":{"@context":"https:\/\/schema.org","@graph":[{"@type":"WebPage","@id":"https:\/\/ciabbatta.com\/es\/coca-de-escalivada\/","url":"https:\/\/ciabbatta.com\/es\/coca-de-escalivada\/","name":"Coca de Escalivada - CIABBATTA","isPartOf":{"@id":"https:\/\/ciabbatta.com\/es\/#website"},"primaryImageOfPage":{"@id":"https:\/\/ciabbatta.com\/es\/coca-de-escalivada\/#primaryimage"},"image":{"@id":"https:\/\/ciabbatta.com\/es\/coca-de-escalivada\/#primaryimage"},"thumbnailUrl":"https:\/\/ciabbatta.com\/wp-content\/uploads\/COQUES-SALADES-2-scaled-e1747821261819.png","datePublished":"2025-05-21T09:39:23+00:00","dateModified":"2025-05-21T10:08:33+00:00","description":"Una coca ligera con base crujiente y una deliciosa combinaci\u00f3n de pimiento y berenjena asados (con opci\u00f3n de a\u00f1adir anchoas).","breadcrumb":{"@id":"https:\/\/ciabbatta.com\/es\/coca-de-escalivada\/#breadcrumb"},"inLanguage":"es","potentialAction":[{"@type":"ReadAction","target":["https:\/\/ciabbatta.com\/es\/coca-de-escalivada\/"]}]},{"@type":"ImageObject","inLanguage":"es","@id":"https:\/\/ciabbatta.com\/es\/coca-de-escalivada\/#primaryimage","url":"https:\/\/ciabbatta.com\/wp-content\/uploads\/COQUES-SALADES-2-scaled-e1747821261819.png","contentUrl":"https:\/\/ciabbatta.com\/wp-content\/uploads\/COQUES-SALADES-2-scaled-e1747821261819.png","width":1000,"height":667},{"@type":"BreadcrumbList","@id":"https:\/\/ciabbatta.com\/es\/coca-de-escalivada\/#breadcrumb","itemListElement":[{"@type":"ListItem","position":1,"name":"Portada","item":"https:\/\/ciabbatta.com\/es\/tienda\/"},{"@type":"ListItem","position":2,"name":"Tienda","item":"https:\/\/ciabbatta.com\/es\/tienda\/"},{"@type":"ListItem","position":3,"name":"Coca de Escalivada"}]},{"@type":"WebSite","@id":"https:\/\/ciabbatta.com\/es\/#website","url":"https:\/\/ciabbatta.com\/es\/","name":"Ciabbatta, Artesans del Pa","description":"Tienda Online - Panader\u00eda, pasteler\u00eda","publisher":{"@id":"https:\/\/ciabbatta.com\/es\/#organization"},"potentialAction":[{"@type":"SearchAction","target":{"@type":"EntryPoint","urlTemplate":"https:\/\/ciabbatta.com\/es\/?s={search_term_string}"},"query-input":{"@type":"PropertyValueSpecification","valueRequired":true,"valueName":"search_term_string"}}],"inLanguage":"es"},{"@type":"Organization","@id":"https:\/\/ciabbatta.com\/es\/#organization","name":"Ciabbatta, Artesans del Pa","url":"https:\/\/ciabbatta.com\/es\/","logo":{"@type":"ImageObject","inLanguage":"es","@id":"https:\/\/ciabbatta.com\/es\/#\/schema\/logo\/image\/","url":"https:\/\/ciabbatta.com\/wp-content\/uploads\/Logotipo-CIABBATTA-Vertical-con-fondo-web.png","contentUrl":"https:\/\/ciabbatta.com\/wp-content\/uploads\/Logotipo-CIABBATTA-Vertical-con-fondo-web.png","width":600,"height":452,"caption":"Ciabbatta, Artesans del Pa"},"image":{"@id":"https:\/\/ciabbatta.com\/es\/#\/schema\/logo\/image\/"},"sameAs":["https:\/\/www.instagram.com\/ciabbattacat?igsh=eTJiano3ZGw0cm8y"]}]}},"_links":{"self":[{"href":"https:\/\/ciabbatta.com\/es\/wp-json\/wp\/v2\/product\/15588","targetHints":{"allow":["GET"]}}],"collection":[{"href":"https:\/\/ciabbatta.com\/es\/wp-json\/wp\/v2\/product"}],"about":[{"href":"https:\/\/ciabbatta.com\/es\/wp-json\/wp\/v2\/types\/product"}],"version-history":[{"count":0,"href":"https:\/\/ciabbatta.com\/es\/wp-json\/wp\/v2\/product\/15588\/revisions"}],"wp:featuredmedia":[{"embeddable":true,"href":"https:\/\/ciabbatta.com\/es\/wp-json\/wp\/v2\/media\/15591"}],"wp:attachment":[{"href":"https:\/\/ciabbatta.com\/es\/wp-json\/wp\/v2\/media?parent=15588"}],"wp:term":[{"taxonomy":"product_cat","embeddable":true,"href":"https:\/\/ciabbatta.com\/es\/wp-json\/wp\/v2\/product_cat?post=15588"},{"taxonomy":"product_tag","embeddable":true,"href":"https:\/\/ciabbatta.com\/es\/wp-json\/wp\/v2\/product_tag?post=15588"},{"taxonomy":"apto-para","embeddable":true,"href":"https:\/\/ciabbatta.com\/es\/wp-json\/wp\/v2\/apto-para?post=15588"},{"taxonomy":"alergenos","embeddable":true,"href":"https:\/\/ciabbatta.com\/es\/wp-json\/wp\/v2\/alergenos?post=15588"}],"curies":[{"name":"wp","href":"https:\/\/api.w.org\/{rel}","templated":true}]}}