{"id":17165,"date":"2025-11-12T15:31:20","date_gmt":"2025-11-12T15:31:20","guid":{"rendered":"https:\/\/ciabbatta.com\/?post_type=product&#038;p=17165"},"modified":"2025-11-15T12:20:02","modified_gmt":"2025-11-15T12:20:02","slug":"bocadillo-mediterraneo","status":"publish","type":"product","link":"https:\/\/ciabbatta.com\/es\/bocadillo-mediterraneo\/","title":{"rendered":"Bocadillo Mediterr\u00e1neo"},"excerpt":{"rendered":"<article class=\"text-token-text-primary w-full\" dir=\"auto\" data-testid=\"conversation-turn-60\" data-scroll-anchor=\"true\">\n<div class=\"text-base my-auto mx-auto py-5 [--thread-content-margin:--spacing(4)] @[37rem]:[--thread-content-margin:--spacing(6)] @[72rem]:[--thread-content-margin:--spacing(16)] px-(--thread-content-margin)\">\n<div class=\"[--thread-content-max-width:32rem] @[34rem]:[--thread-content-max-width:40rem] @[64rem]:[--thread-content-max-width:48rem] mx-auto flex max-w-(--thread-content-max-width) flex-1 text-base gap-4 md:gap-5 lg:gap-6 group\/turn-messages focus-visible:outline-hidden\" tabindex=\"-1\">\n<div class=\"group\/conversation-turn relative flex w-full min-w-0 flex-col agent-turn\">\n<div class=\"relative flex-col gap-1 md:gap-3\">\n<div class=\"flex max-w-full flex-col grow\">\n<div class=\"min-h-8 text-message relative flex w-full flex-col items-end gap-2 text-start break-words whitespace-normal [.text-message+&amp;]:mt-5\" dir=\"auto\" data-message-author-role=\"assistant\" data-message-id=\"a51c6ea9-04a2-4f73-9930-788e13d2e9c4\" data-message-model-slug=\"gpt-4o\">\n<div class=\"flex w-full flex-col gap-1 empty:hidden first:pt-[3px]\">\n<div class=\"markdown prose dark:prose-invert w-full break-words light\">\n<p class=\"\" data-start=\"28\" data-end=\"149\">Un bocadillo caliente y sabroso con espinacas, mozzarella y tomate natural sobre coca de aceite.<\/p>\n<\/div>\n<\/div>\n<\/div>\n<\/div>\n<\/div>\n<\/div>\n<\/div>\n<\/div>\n<\/article>\n","protected":false},"featured_media":17167,"template":"","meta":{"inline_featured_image":false,"_monsterinsights_skip_tracking":false,"_monsterinsights_sitenote_active":false,"_monsterinsights_sitenote_note":"","_monsterinsights_sitenote_category":0,"_joinchat":[]},"product_cat":[265],"product_tag":[],"apto-para":[215],"alergenos":[],"class_list":{"0":"post-17165","1":"product","2":"type-product","3":"status-publish","4":"has-post-thumbnail","6":"product_cat-otros","7":"apto-para-vegetarianos","9":"first","10":"instock","11":"taxable","12":"shipping-taxable","13":"product-type-simple"},"yoast_head":"<!-- This site is optimized with the Yoast SEO Premium plugin v24.0 (Yoast SEO v26.9) - https:\/\/yoast.com\/product\/yoast-seo-premium-wordpress\/ -->\n<title>Bocadillo Mediterr\u00e1neo - CIABBATTA<\/title>\n<meta name=\"description\" content=\"El Bocadillo Mediterr\u00e1neo es una combinaci\u00f3n irresistible de sabores frescos y texturas suaves. Elaborado con una base de coca de aceite crujiente y relleno de espinacas tiernas, mozzarella fundida y tomate natural en rodajas, es una opci\u00f3n ligera pero llena de sabor.\" \/>\n<meta name=\"robots\" content=\"index, follow, max-snippet:-1, max-image-preview:large, max-video-preview:-1\" \/>\n<link rel=\"canonical\" href=\"https:\/\/ciabbatta.com\/es\/bocadillo-mediterraneo\/\" \/>\n<meta property=\"og:locale\" content=\"es_ES\" \/>\n<meta property=\"og:type\" content=\"article\" \/>\n<meta property=\"og:title\" content=\"Bocadillo Mediterr\u00e1neo\" \/>\n<meta property=\"og:description\" content=\"El Bocadillo Mediterr\u00e1neo es una combinaci\u00f3n irresistible de sabores frescos y texturas suaves. Elaborado con una base de coca de aceite crujiente y relleno de espinacas tiernas, mozzarella fundida y tomate natural en rodajas, es una opci\u00f3n ligera pero llena de sabor.\" \/>\n<meta property=\"og:url\" content=\"https:\/\/ciabbatta.com\/es\/bocadillo-mediterraneo\/\" \/>\n<meta property=\"og:site_name\" content=\"CIABBATTA\" \/>\n<meta property=\"article:modified_time\" content=\"2025-11-15T12:20:02+00:00\" \/>\n<meta property=\"og:image\" content=\"https:\/\/ciabbatta.com\/wp-content\/uploads\/Mediterrani-1.png\" \/>\n\t<meta property=\"og:image:width\" content=\"1000\" \/>\n\t<meta property=\"og:image:height\" content=\"667\" \/>\n\t<meta property=\"og:image:type\" content=\"image\/png\" \/>\n<meta name=\"twitter:card\" content=\"summary_large_image\" \/>\n<meta name=\"twitter:label1\" content=\"Tiempo de lectura\" \/>\n\t<meta name=\"twitter:data1\" content=\"1 minuto\" \/>\n<script type=\"application\/ld+json\" class=\"yoast-schema-graph\">{\"@context\":\"https:\/\/schema.org\",\"@graph\":[{\"@type\":\"WebPage\",\"@id\":\"https:\/\/ciabbatta.com\/es\/bocadillo-mediterraneo\/\",\"url\":\"https:\/\/ciabbatta.com\/es\/bocadillo-mediterraneo\/\",\"name\":\"Bocadillo Mediterr\u00e1neo - CIABBATTA\",\"isPartOf\":{\"@id\":\"https:\/\/ciabbatta.com\/es\/#website\"},\"primaryImageOfPage\":{\"@id\":\"https:\/\/ciabbatta.com\/es\/bocadillo-mediterraneo\/#primaryimage\"},\"image\":{\"@id\":\"https:\/\/ciabbatta.com\/es\/bocadillo-mediterraneo\/#primaryimage\"},\"thumbnailUrl\":\"https:\/\/ciabbatta.com\/wp-content\/uploads\/Mediterrani-1.png\",\"datePublished\":\"2025-11-12T15:31:20+00:00\",\"dateModified\":\"2025-11-15T12:20:02+00:00\",\"description\":\"El Bocadillo Mediterr\u00e1neo es una combinaci\u00f3n irresistible de sabores frescos y texturas suaves. Elaborado con una base de coca de aceite crujiente y relleno de espinacas tiernas, mozzarella fundida y tomate natural en rodajas, es una opci\u00f3n ligera pero llena de sabor.\",\"breadcrumb\":{\"@id\":\"https:\/\/ciabbatta.com\/es\/bocadillo-mediterraneo\/#breadcrumb\"},\"inLanguage\":\"es\",\"potentialAction\":[{\"@type\":\"ReadAction\",\"target\":[\"https:\/\/ciabbatta.com\/es\/bocadillo-mediterraneo\/\"]}]},{\"@type\":\"ImageObject\",\"inLanguage\":\"es\",\"@id\":\"https:\/\/ciabbatta.com\/es\/bocadillo-mediterraneo\/#primaryimage\",\"url\":\"https:\/\/ciabbatta.com\/wp-content\/uploads\/Mediterrani-1.png\",\"contentUrl\":\"https:\/\/ciabbatta.com\/wp-content\/uploads\/Mediterrani-1.png\",\"width\":1000,\"height\":667},{\"@type\":\"BreadcrumbList\",\"@id\":\"https:\/\/ciabbatta.com\/es\/bocadillo-mediterraneo\/#breadcrumb\",\"itemListElement\":[{\"@type\":\"ListItem\",\"position\":1,\"name\":\"Portada\",\"item\":\"https:\/\/ciabbatta.com\/es\/tienda\/\"},{\"@type\":\"ListItem\",\"position\":2,\"name\":\"Tienda\",\"item\":\"https:\/\/ciabbatta.com\/es\/tienda\/\"},{\"@type\":\"ListItem\",\"position\":3,\"name\":\"Bocadillo Mediterr\u00e1neo\"}]},{\"@type\":\"WebSite\",\"@id\":\"https:\/\/ciabbatta.com\/es\/#website\",\"url\":\"https:\/\/ciabbatta.com\/es\/\",\"name\":\"Ciabbatta, Artesans del Pa\",\"description\":\"Tienda Online - Panader\u00eda, pasteler\u00eda\",\"publisher\":{\"@id\":\"https:\/\/ciabbatta.com\/es\/#organization\"},\"potentialAction\":[{\"@type\":\"SearchAction\",\"target\":{\"@type\":\"EntryPoint\",\"urlTemplate\":\"https:\/\/ciabbatta.com\/es\/?s={search_term_string}\"},\"query-input\":{\"@type\":\"PropertyValueSpecification\",\"valueRequired\":true,\"valueName\":\"search_term_string\"}}],\"inLanguage\":\"es\"},{\"@type\":\"Organization\",\"@id\":\"https:\/\/ciabbatta.com\/es\/#organization\",\"name\":\"Ciabbatta, Artesans del Pa\",\"url\":\"https:\/\/ciabbatta.com\/es\/\",\"logo\":{\"@type\":\"ImageObject\",\"inLanguage\":\"es\",\"@id\":\"https:\/\/ciabbatta.com\/es\/#\/schema\/logo\/image\/\",\"url\":\"https:\/\/ciabbatta.com\/wp-content\/uploads\/Logotipo-CIABBATTA-Vertical-con-fondo-web.png\",\"contentUrl\":\"https:\/\/ciabbatta.com\/wp-content\/uploads\/Logotipo-CIABBATTA-Vertical-con-fondo-web.png\",\"width\":600,\"height\":452,\"caption\":\"Ciabbatta, Artesans del Pa\"},\"image\":{\"@id\":\"https:\/\/ciabbatta.com\/es\/#\/schema\/logo\/image\/\"},\"sameAs\":[\"https:\/\/www.instagram.com\/ciabbattacat?igsh=eTJiano3ZGw0cm8y\"]}]}<\/script>\n<!-- \/ Yoast SEO Premium plugin. -->","yoast_head_json":{"title":"Bocadillo Mediterr\u00e1neo - CIABBATTA","description":"El Bocadillo Mediterr\u00e1neo es una combinaci\u00f3n irresistible de sabores frescos y texturas suaves. Elaborado con una base de coca de aceite crujiente y relleno de espinacas tiernas, mozzarella fundida y tomate natural en rodajas, es una opci\u00f3n ligera pero llena de sabor.","robots":{"index":"index","follow":"follow","max-snippet":"max-snippet:-1","max-image-preview":"max-image-preview:large","max-video-preview":"max-video-preview:-1"},"canonical":"https:\/\/ciabbatta.com\/es\/bocadillo-mediterraneo\/","og_locale":"es_ES","og_type":"article","og_title":"Bocadillo Mediterr\u00e1neo","og_description":"El Bocadillo Mediterr\u00e1neo es una combinaci\u00f3n irresistible de sabores frescos y texturas suaves. Elaborado con una base de coca de aceite crujiente y relleno de espinacas tiernas, mozzarella fundida y tomate natural en rodajas, es una opci\u00f3n ligera pero llena de sabor.","og_url":"https:\/\/ciabbatta.com\/es\/bocadillo-mediterraneo\/","og_site_name":"CIABBATTA","article_modified_time":"2025-11-15T12:20:02+00:00","og_image":[{"width":1000,"height":667,"url":"https:\/\/ciabbatta.com\/wp-content\/uploads\/Mediterrani-1.png","type":"image\/png"}],"twitter_card":"summary_large_image","twitter_misc":{"Tiempo de lectura":"1 minuto"},"schema":{"@context":"https:\/\/schema.org","@graph":[{"@type":"WebPage","@id":"https:\/\/ciabbatta.com\/es\/bocadillo-mediterraneo\/","url":"https:\/\/ciabbatta.com\/es\/bocadillo-mediterraneo\/","name":"Bocadillo Mediterr\u00e1neo - CIABBATTA","isPartOf":{"@id":"https:\/\/ciabbatta.com\/es\/#website"},"primaryImageOfPage":{"@id":"https:\/\/ciabbatta.com\/es\/bocadillo-mediterraneo\/#primaryimage"},"image":{"@id":"https:\/\/ciabbatta.com\/es\/bocadillo-mediterraneo\/#primaryimage"},"thumbnailUrl":"https:\/\/ciabbatta.com\/wp-content\/uploads\/Mediterrani-1.png","datePublished":"2025-11-12T15:31:20+00:00","dateModified":"2025-11-15T12:20:02+00:00","description":"El Bocadillo Mediterr\u00e1neo es una combinaci\u00f3n irresistible de sabores frescos y texturas suaves. Elaborado con una base de coca de aceite crujiente y relleno de espinacas tiernas, mozzarella fundida y tomate natural en rodajas, es una opci\u00f3n ligera pero llena de sabor.","breadcrumb":{"@id":"https:\/\/ciabbatta.com\/es\/bocadillo-mediterraneo\/#breadcrumb"},"inLanguage":"es","potentialAction":[{"@type":"ReadAction","target":["https:\/\/ciabbatta.com\/es\/bocadillo-mediterraneo\/"]}]},{"@type":"ImageObject","inLanguage":"es","@id":"https:\/\/ciabbatta.com\/es\/bocadillo-mediterraneo\/#primaryimage","url":"https:\/\/ciabbatta.com\/wp-content\/uploads\/Mediterrani-1.png","contentUrl":"https:\/\/ciabbatta.com\/wp-content\/uploads\/Mediterrani-1.png","width":1000,"height":667},{"@type":"BreadcrumbList","@id":"https:\/\/ciabbatta.com\/es\/bocadillo-mediterraneo\/#breadcrumb","itemListElement":[{"@type":"ListItem","position":1,"name":"Portada","item":"https:\/\/ciabbatta.com\/es\/tienda\/"},{"@type":"ListItem","position":2,"name":"Tienda","item":"https:\/\/ciabbatta.com\/es\/tienda\/"},{"@type":"ListItem","position":3,"name":"Bocadillo Mediterr\u00e1neo"}]},{"@type":"WebSite","@id":"https:\/\/ciabbatta.com\/es\/#website","url":"https:\/\/ciabbatta.com\/es\/","name":"Ciabbatta, Artesans del Pa","description":"Tienda Online - Panader\u00eda, pasteler\u00eda","publisher":{"@id":"https:\/\/ciabbatta.com\/es\/#organization"},"potentialAction":[{"@type":"SearchAction","target":{"@type":"EntryPoint","urlTemplate":"https:\/\/ciabbatta.com\/es\/?s={search_term_string}"},"query-input":{"@type":"PropertyValueSpecification","valueRequired":true,"valueName":"search_term_string"}}],"inLanguage":"es"},{"@type":"Organization","@id":"https:\/\/ciabbatta.com\/es\/#organization","name":"Ciabbatta, Artesans del Pa","url":"https:\/\/ciabbatta.com\/es\/","logo":{"@type":"ImageObject","inLanguage":"es","@id":"https:\/\/ciabbatta.com\/es\/#\/schema\/logo\/image\/","url":"https:\/\/ciabbatta.com\/wp-content\/uploads\/Logotipo-CIABBATTA-Vertical-con-fondo-web.png","contentUrl":"https:\/\/ciabbatta.com\/wp-content\/uploads\/Logotipo-CIABBATTA-Vertical-con-fondo-web.png","width":600,"height":452,"caption":"Ciabbatta, Artesans del Pa"},"image":{"@id":"https:\/\/ciabbatta.com\/es\/#\/schema\/logo\/image\/"},"sameAs":["https:\/\/www.instagram.com\/ciabbattacat?igsh=eTJiano3ZGw0cm8y"]}]}},"_links":{"self":[{"href":"https:\/\/ciabbatta.com\/es\/wp-json\/wp\/v2\/product\/17165","targetHints":{"allow":["GET"]}}],"collection":[{"href":"https:\/\/ciabbatta.com\/es\/wp-json\/wp\/v2\/product"}],"about":[{"href":"https:\/\/ciabbatta.com\/es\/wp-json\/wp\/v2\/types\/product"}],"version-history":[{"count":2,"href":"https:\/\/ciabbatta.com\/es\/wp-json\/wp\/v2\/product\/17165\/revisions"}],"predecessor-version":[{"id":17193,"href":"https:\/\/ciabbatta.com\/es\/wp-json\/wp\/v2\/product\/17165\/revisions\/17193"}],"wp:featuredmedia":[{"embeddable":true,"href":"https:\/\/ciabbatta.com\/es\/wp-json\/wp\/v2\/media\/17167"}],"wp:attachment":[{"href":"https:\/\/ciabbatta.com\/es\/wp-json\/wp\/v2\/media?parent=17165"}],"wp:term":[{"taxonomy":"product_cat","embeddable":true,"href":"https:\/\/ciabbatta.com\/es\/wp-json\/wp\/v2\/product_cat?post=17165"},{"taxonomy":"product_tag","embeddable":true,"href":"https:\/\/ciabbatta.com\/es\/wp-json\/wp\/v2\/product_tag?post=17165"},{"taxonomy":"apto-para","embeddable":true,"href":"https:\/\/ciabbatta.com\/es\/wp-json\/wp\/v2\/apto-para?post=17165"},{"taxonomy":"alergenos","embeddable":true,"href":"https:\/\/ciabbatta.com\/es\/wp-json\/wp\/v2\/alergenos?post=17165"}],"curies":[{"name":"wp","href":"https:\/\/api.w.org\/{rel}","templated":true}]}}