{"id":18016,"date":"2026-03-03T08:53:41","date_gmt":"2026-03-03T08:53:41","guid":{"rendered":"https:\/\/ciabbatta.com\/?post_type=product&#038;p=18016"},"modified":"2026-04-22T09:23:55","modified_gmt":"2026-04-22T09:23:55","slug":"pan-payes","status":"publish","type":"product","link":"https:\/\/ciabbatta.com\/es\/pan-payes\/","title":{"rendered":"Pan de Pay\u00e9s"},"content":{"rendered":"","protected":false},"excerpt":{"rendered":"<p>Pan de Pay\u00e9s artesanal elaborado con harina de piedra.<\/p>\n","protected":false},"featured_media":18041,"template":"","meta":{"_acf_changed":false,"inline_featured_image":false,"_monsterinsights_skip_tracking":false,"_monsterinsights_sitenote_active":false,"_monsterinsights_sitenote_note":"","_monsterinsights_sitenote_category":0,"_joinchat":[]},"alergeno":[],"apto-para":[216,214,215],"product_brand":[],"product_cat":[308],"product_tag":[],"class_list":{"0":"post-18016","1":"product","2":"type-product","3":"status-publish","4":"has-post-thumbnail","6":"apto-para-intolerantes-a-la-lactosa","7":"apto-para-veganos","8":"apto-para-vegetarianos","9":"product_cat-pan-artesanal","10":"pa_elegir-tamano-grande","11":"pa_elegir-tamano-pequeno","12":"pa_forma-largo","13":"pa_forma-redondo","15":"first","16":"instock","17":"taxable","18":"shipping-taxable","19":"purchasable","20":"product-type-variable"},"acf":[],"yoast_head":"<!-- This site is optimized with the Yoast SEO Premium plugin v24.0 (Yoast SEO v27.5) - https:\/\/yoast.com\/product\/yoast-seo-premium-wordpress\/ -->\n<title>Pan de Pay\u00e9s - CIABBATTA<\/title>\n<meta name=\"description\" content=\"El Pan de Pay\u00e9s es un cl\u00e1sico de la tradici\u00f3n panadera, elaborado con harina de trigo molida a la piedra que le aporta aroma y car\u00e1cter. Presenta una corteza gruesa y crujiente y una miga tierna y esponjosa, ideal para acompa\u00f1ar cualquier comida o preparar bocadillos con sabor aut\u00e9ntico.\" \/>\n<meta name=\"robots\" content=\"index, follow, max-snippet:-1, max-image-preview:large, max-video-preview:-1\" \/>\n<link rel=\"canonical\" href=\"https:\/\/ciabbatta.com\/es\/pan-payes\/\" \/>\n<meta property=\"og:locale\" content=\"es_ES\" \/>\n<meta property=\"og:type\" content=\"article\" \/>\n<meta property=\"og:title\" content=\"Pan de Pay\u00e9s\" \/>\n<meta property=\"og:description\" content=\"El Pan de Pay\u00e9s es un cl\u00e1sico de la tradici\u00f3n panadera, elaborado con harina de trigo molida a la piedra que le aporta aroma y car\u00e1cter. Presenta una corteza gruesa y crujiente y una miga tierna y esponjosa, ideal para acompa\u00f1ar cualquier comida o preparar bocadillos con sabor aut\u00e9ntico.\" \/>\n<meta property=\"og:url\" content=\"https:\/\/ciabbatta.com\/es\/pan-payes\/\" \/>\n<meta property=\"og:site_name\" content=\"CIABBATTA\" \/>\n<meta property=\"article:modified_time\" content=\"2026-04-22T09:23:55+00:00\" \/>\n<meta property=\"og:image\" content=\"https:\/\/ciabbatta.com\/wp-content\/uploads\/Pa-pages-lalrg.png\" \/>\n\t<meta property=\"og:image:width\" content=\"1000\" \/>\n\t<meta property=\"og:image:height\" content=\"667\" \/>\n\t<meta property=\"og:image:type\" content=\"image\/png\" \/>\n<meta name=\"twitter:card\" content=\"summary_large_image\" \/>\n<meta name=\"twitter:label1\" content=\"Tiempo de lectura\" \/>\n\t<meta name=\"twitter:data1\" content=\"1 minuto\" \/>\n<script type=\"application\/ld+json\" class=\"yoast-schema-graph\">{\"@context\":\"https:\\\/\\\/schema.org\",\"@graph\":[{\"@type\":\"WebPage\",\"@id\":\"https:\\\/\\\/ciabbatta.com\\\/es\\\/pan-payes\\\/\",\"url\":\"https:\\\/\\\/ciabbatta.com\\\/es\\\/pan-payes\\\/\",\"name\":\"Pan de Pay\u00e9s - CIABBATTA\",\"isPartOf\":{\"@id\":\"https:\\\/\\\/ciabbatta.com\\\/es\\\/#website\"},\"primaryImageOfPage\":{\"@id\":\"https:\\\/\\\/ciabbatta.com\\\/es\\\/pan-payes\\\/#primaryimage\"},\"image\":{\"@id\":\"https:\\\/\\\/ciabbatta.com\\\/es\\\/pan-payes\\\/#primaryimage\"},\"thumbnailUrl\":\"https:\\\/\\\/ciabbatta.com\\\/wp-content\\\/uploads\\\/Pa-pages-lalrg.png\",\"datePublished\":\"2026-03-03T08:53:41+00:00\",\"dateModified\":\"2026-04-22T09:23:55+00:00\",\"description\":\"El Pan de Pay\u00e9s es un cl\u00e1sico de la tradici\u00f3n panadera, elaborado con harina de trigo molida a la piedra que le aporta aroma y car\u00e1cter. Presenta una corteza gruesa y crujiente y una miga tierna y esponjosa, ideal para acompa\u00f1ar cualquier comida o preparar bocadillos con sabor aut\u00e9ntico.\",\"breadcrumb\":{\"@id\":\"https:\\\/\\\/ciabbatta.com\\\/es\\\/pan-payes\\\/#breadcrumb\"},\"inLanguage\":\"es\",\"potentialAction\":[{\"@type\":\"ReadAction\",\"target\":[\"https:\\\/\\\/ciabbatta.com\\\/es\\\/pan-payes\\\/\"]}]},{\"@type\":\"ImageObject\",\"inLanguage\":\"es\",\"@id\":\"https:\\\/\\\/ciabbatta.com\\\/es\\\/pan-payes\\\/#primaryimage\",\"url\":\"https:\\\/\\\/ciabbatta.com\\\/wp-content\\\/uploads\\\/Pa-pages-lalrg.png\",\"contentUrl\":\"https:\\\/\\\/ciabbatta.com\\\/wp-content\\\/uploads\\\/Pa-pages-lalrg.png\",\"width\":1000,\"height\":667,\"caption\":\"Pa de pag\u00e8s llarg artesanal\"},{\"@type\":\"BreadcrumbList\",\"@id\":\"https:\\\/\\\/ciabbatta.com\\\/es\\\/pan-payes\\\/#breadcrumb\",\"itemListElement\":[{\"@type\":\"ListItem\",\"position\":1,\"name\":\"Portada\",\"item\":\"https:\\\/\\\/ciabbatta.com\\\/es\\\/tienda\\\/\"},{\"@type\":\"ListItem\",\"position\":2,\"name\":\"Tienda\",\"item\":\"https:\\\/\\\/ciabbatta.com\\\/es\\\/tienda\\\/\"},{\"@type\":\"ListItem\",\"position\":3,\"name\":\"Pan de Pay\u00e9s\"}]},{\"@type\":\"WebSite\",\"@id\":\"https:\\\/\\\/ciabbatta.com\\\/es\\\/#website\",\"url\":\"https:\\\/\\\/ciabbatta.com\\\/es\\\/\",\"name\":\"Ciabbatta, Artesans del Pa\",\"description\":\"Tienda Online - Panader\u00eda, pasteler\u00eda\",\"publisher\":{\"@id\":\"https:\\\/\\\/ciabbatta.com\\\/es\\\/#organization\"},\"potentialAction\":[{\"@type\":\"SearchAction\",\"target\":{\"@type\":\"EntryPoint\",\"urlTemplate\":\"https:\\\/\\\/ciabbatta.com\\\/es\\\/?s={search_term_string}\"},\"query-input\":{\"@type\":\"PropertyValueSpecification\",\"valueRequired\":true,\"valueName\":\"search_term_string\"}}],\"inLanguage\":\"es\"},{\"@type\":\"Organization\",\"@id\":\"https:\\\/\\\/ciabbatta.com\\\/es\\\/#organization\",\"name\":\"Ciabbatta, Artesans del Pa\",\"url\":\"https:\\\/\\\/ciabbatta.com\\\/es\\\/\",\"logo\":{\"@type\":\"ImageObject\",\"inLanguage\":\"es\",\"@id\":\"https:\\\/\\\/ciabbatta.com\\\/es\\\/#\\\/schema\\\/logo\\\/image\\\/\",\"url\":\"https:\\\/\\\/ciabbatta.com\\\/wp-content\\\/uploads\\\/Logotipo-CIABBATTA-Vertical-con-fondo-web.png\",\"contentUrl\":\"https:\\\/\\\/ciabbatta.com\\\/wp-content\\\/uploads\\\/Logotipo-CIABBATTA-Vertical-con-fondo-web.png\",\"width\":600,\"height\":452,\"caption\":\"Ciabbatta, Artesans del Pa\"},\"image\":{\"@id\":\"https:\\\/\\\/ciabbatta.com\\\/es\\\/#\\\/schema\\\/logo\\\/image\\\/\"},\"sameAs\":[\"https:\\\/\\\/www.instagram.com\\\/ciabbattacat?igsh=eTJiano3ZGw0cm8y\"]}]}<\/script>\n<!-- \/ Yoast SEO Premium plugin. -->","yoast_head_json":{"title":"Pan de Pay\u00e9s - CIABBATTA","description":"El Pan de Pay\u00e9s es un cl\u00e1sico de la tradici\u00f3n panadera, elaborado con harina de trigo molida a la piedra que le aporta aroma y car\u00e1cter. Presenta una corteza gruesa y crujiente y una miga tierna y esponjosa, ideal para acompa\u00f1ar cualquier comida o preparar bocadillos con sabor aut\u00e9ntico.","robots":{"index":"index","follow":"follow","max-snippet":"max-snippet:-1","max-image-preview":"max-image-preview:large","max-video-preview":"max-video-preview:-1"},"canonical":"https:\/\/ciabbatta.com\/es\/pan-payes\/","og_locale":"es_ES","og_type":"article","og_title":"Pan de Pay\u00e9s","og_description":"El Pan de Pay\u00e9s es un cl\u00e1sico de la tradici\u00f3n panadera, elaborado con harina de trigo molida a la piedra que le aporta aroma y car\u00e1cter. Presenta una corteza gruesa y crujiente y una miga tierna y esponjosa, ideal para acompa\u00f1ar cualquier comida o preparar bocadillos con sabor aut\u00e9ntico.","og_url":"https:\/\/ciabbatta.com\/es\/pan-payes\/","og_site_name":"CIABBATTA","article_modified_time":"2026-04-22T09:23:55+00:00","og_image":[{"width":1000,"height":667,"url":"https:\/\/ciabbatta.com\/wp-content\/uploads\/Pa-pages-lalrg.png","type":"image\/png"}],"twitter_card":"summary_large_image","twitter_misc":{"Tiempo de lectura":"1 minuto"},"schema":{"@context":"https:\/\/schema.org","@graph":[{"@type":"WebPage","@id":"https:\/\/ciabbatta.com\/es\/pan-payes\/","url":"https:\/\/ciabbatta.com\/es\/pan-payes\/","name":"Pan de Pay\u00e9s - CIABBATTA","isPartOf":{"@id":"https:\/\/ciabbatta.com\/es\/#website"},"primaryImageOfPage":{"@id":"https:\/\/ciabbatta.com\/es\/pan-payes\/#primaryimage"},"image":{"@id":"https:\/\/ciabbatta.com\/es\/pan-payes\/#primaryimage"},"thumbnailUrl":"https:\/\/ciabbatta.com\/wp-content\/uploads\/Pa-pages-lalrg.png","datePublished":"2026-03-03T08:53:41+00:00","dateModified":"2026-04-22T09:23:55+00:00","description":"El Pan de Pay\u00e9s es un cl\u00e1sico de la tradici\u00f3n panadera, elaborado con harina de trigo molida a la piedra que le aporta aroma y car\u00e1cter. Presenta una corteza gruesa y crujiente y una miga tierna y esponjosa, ideal para acompa\u00f1ar cualquier comida o preparar bocadillos con sabor aut\u00e9ntico.","breadcrumb":{"@id":"https:\/\/ciabbatta.com\/es\/pan-payes\/#breadcrumb"},"inLanguage":"es","potentialAction":[{"@type":"ReadAction","target":["https:\/\/ciabbatta.com\/es\/pan-payes\/"]}]},{"@type":"ImageObject","inLanguage":"es","@id":"https:\/\/ciabbatta.com\/es\/pan-payes\/#primaryimage","url":"https:\/\/ciabbatta.com\/wp-content\/uploads\/Pa-pages-lalrg.png","contentUrl":"https:\/\/ciabbatta.com\/wp-content\/uploads\/Pa-pages-lalrg.png","width":1000,"height":667,"caption":"Pa de pag\u00e8s llarg artesanal"},{"@type":"BreadcrumbList","@id":"https:\/\/ciabbatta.com\/es\/pan-payes\/#breadcrumb","itemListElement":[{"@type":"ListItem","position":1,"name":"Portada","item":"https:\/\/ciabbatta.com\/es\/tienda\/"},{"@type":"ListItem","position":2,"name":"Tienda","item":"https:\/\/ciabbatta.com\/es\/tienda\/"},{"@type":"ListItem","position":3,"name":"Pan de Pay\u00e9s"}]},{"@type":"WebSite","@id":"https:\/\/ciabbatta.com\/es\/#website","url":"https:\/\/ciabbatta.com\/es\/","name":"Ciabbatta, Artesans del Pa","description":"Tienda Online - Panader\u00eda, pasteler\u00eda","publisher":{"@id":"https:\/\/ciabbatta.com\/es\/#organization"},"potentialAction":[{"@type":"SearchAction","target":{"@type":"EntryPoint","urlTemplate":"https:\/\/ciabbatta.com\/es\/?s={search_term_string}"},"query-input":{"@type":"PropertyValueSpecification","valueRequired":true,"valueName":"search_term_string"}}],"inLanguage":"es"},{"@type":"Organization","@id":"https:\/\/ciabbatta.com\/es\/#organization","name":"Ciabbatta, Artesans del Pa","url":"https:\/\/ciabbatta.com\/es\/","logo":{"@type":"ImageObject","inLanguage":"es","@id":"https:\/\/ciabbatta.com\/es\/#\/schema\/logo\/image\/","url":"https:\/\/ciabbatta.com\/wp-content\/uploads\/Logotipo-CIABBATTA-Vertical-con-fondo-web.png","contentUrl":"https:\/\/ciabbatta.com\/wp-content\/uploads\/Logotipo-CIABBATTA-Vertical-con-fondo-web.png","width":600,"height":452,"caption":"Ciabbatta, Artesans del Pa"},"image":{"@id":"https:\/\/ciabbatta.com\/es\/#\/schema\/logo\/image\/"},"sameAs":["https:\/\/www.instagram.com\/ciabbattacat?igsh=eTJiano3ZGw0cm8y"]}]}},"_links":{"self":[{"href":"https:\/\/ciabbatta.com\/es\/wp-json\/wp\/v2\/product\/18016","targetHints":{"allow":["GET"]}}],"collection":[{"href":"https:\/\/ciabbatta.com\/es\/wp-json\/wp\/v2\/product"}],"about":[{"href":"https:\/\/ciabbatta.com\/es\/wp-json\/wp\/v2\/types\/product"}],"version-history":[{"count":3,"href":"https:\/\/ciabbatta.com\/es\/wp-json\/wp\/v2\/product\/18016\/revisions"}],"predecessor-version":[{"id":18047,"href":"https:\/\/ciabbatta.com\/es\/wp-json\/wp\/v2\/product\/18016\/revisions\/18047"}],"wp:featuredmedia":[{"embeddable":true,"href":"https:\/\/ciabbatta.com\/es\/wp-json\/wp\/v2\/media\/18041"}],"wp:attachment":[{"href":"https:\/\/ciabbatta.com\/es\/wp-json\/wp\/v2\/media?parent=18016"}],"wp:term":[{"taxonomy":"alergeno","embeddable":true,"href":"https:\/\/ciabbatta.com\/es\/wp-json\/wp\/v2\/alergeno?post=18016"},{"taxonomy":"apto-para","embeddable":true,"href":"https:\/\/ciabbatta.com\/es\/wp-json\/wp\/v2\/apto-para?post=18016"},{"taxonomy":"product_brand","embeddable":true,"href":"https:\/\/ciabbatta.com\/es\/wp-json\/wp\/v2\/product_brand?post=18016"},{"taxonomy":"product_cat","embeddable":true,"href":"https:\/\/ciabbatta.com\/es\/wp-json\/wp\/v2\/product_cat?post=18016"},{"taxonomy":"product_tag","embeddable":true,"href":"https:\/\/ciabbatta.com\/es\/wp-json\/wp\/v2\/product_tag?post=18016"}],"curies":[{"name":"wp","href":"https:\/\/api.w.org\/{rel}","templated":true}]}}