{"id":18569,"date":"2026-04-21T13:51:01","date_gmt":"2026-04-21T13:51:01","guid":{"rendered":"https:\/\/ciabbatta.com\/coca-de-magdalena\/"},"modified":"2026-04-29T16:08:36","modified_gmt":"2026-04-29T16:08:36","slug":"es-coca-de-magdalena","status":"publish","type":"product","link":"https:\/\/ciabbatta.com\/es\/es-coca-de-magdalena\/","title":{"rendered":"Coca de Magdalena"},"content":{"rendered":"<p><strong>Nuestra Base, Tu Creaci\u00f3n<\/strong><br \/>\nDescubre la versatilidad de nuestra Coca Magdalena. Una base excepcionalmente esponjosa y ligera, elaborada con la receta tradicional para mantener todo el sabor aut\u00e9ntico de la magdalena artesana.<br \/>\nElige tu base: Natural, para los amantes de los cl\u00e1sicos, o de chocolate intenso.<br \/>\nPersonaliza tu momento: Desde el toque divertido de las lentejas de chocolate hasta tus toppings favoritos.<\/p>\n","protected":false},"excerpt":{"rendered":"<p>Coca Magdalena Artesana<br \/>\nBase de magdalena tradicional, disponible en sabor natural o chocolate. Una textura blanda y ligera dise\u00f1ada para combinar con una gran variedad de toppings, como nuestras cl\u00e1sicas lentejas de chocolate. La soluci\u00f3n m\u00e1s dulce y divertida para cualquier celebraci\u00f3n.<\/p>\n","protected":false},"featured_media":18493,"template":"","meta":{"_acf_changed":false,"inline_featured_image":false,"_monsterinsights_skip_tracking":false,"_monsterinsights_sitenote_active":false,"_monsterinsights_sitenote_note":"","_monsterinsights_sitenote_category":0,"_joinchat":[]},"alergeno":[],"apto-para":[],"product_brand":[],"product_cat":[200],"product_tag":[],"class_list":{"0":"post-18569","1":"product","2":"type-product","3":"status-publish","4":"has-post-thumbnail","6":"product_cat-cocas-de-magdalena-es","7":"pa_escollir-mida-30-x-40-cm","8":"pa_escollir-mida-50-x-35-cm","9":"pa_sabor-chocolate","10":"pa_sabor-chocolate-con-azucar-glas","11":"pa_sabor-natural","12":"pa_sabor-natural-con-azucar-glas","14":"first","15":"instock","16":"taxable","17":"shipping-taxable","18":"purchasable","19":"product-type-variable"},"acf":[],"yoast_head":"<!-- This site is optimized with the Yoast SEO Premium plugin v24.0 (Yoast SEO v27.5) - https:\/\/yoast.com\/product\/yoast-seo-premium-wordpress\/ -->\n<title>Coca de Magdalena - CIABBATTA<\/title>\n<meta name=\"robots\" content=\"index, follow, max-snippet:-1, max-image-preview:large, max-video-preview:-1\" \/>\n<link rel=\"canonical\" href=\"https:\/\/ciabbatta.com\/es\/es-coca-de-magdalena\/\" \/>\n<meta property=\"og:locale\" content=\"es_ES\" \/>\n<meta property=\"og:type\" content=\"article\" \/>\n<meta property=\"og:title\" content=\"Coca de Magdalena\" \/>\n<meta property=\"og:description\" content=\"Coca Magdalena Artesana Base de magdalena tradicional, disponible en sabor natural o chocolate. Una textura blanda y ligera dise\u00f1ada para combinar con una gran variedad de toppings, como nuestras cl\u00e1sicas lentejas de chocolate. La soluci\u00f3n m\u00e1s dulce y divertida para cualquier celebraci\u00f3n.\" \/>\n<meta property=\"og:url\" content=\"https:\/\/ciabbatta.com\/es\/es-coca-de-magdalena\/\" \/>\n<meta property=\"og:site_name\" content=\"CIABBATTA\" \/>\n<meta property=\"article:modified_time\" content=\"2026-04-29T16:08:36+00:00\" \/>\n<meta property=\"og:image\" content=\"https:\/\/ciabbatta.com\/wp-content\/uploads\/coca-magdalena-sense-res-1.png\" \/>\n\t<meta property=\"og:image:width\" content=\"1264\" \/>\n\t<meta property=\"og:image:height\" content=\"842\" \/>\n\t<meta property=\"og:image:type\" content=\"image\/png\" \/>\n<meta name=\"twitter:card\" content=\"summary_large_image\" \/>\n<meta name=\"twitter:label1\" content=\"Tiempo de lectura\" \/>\n\t<meta name=\"twitter:data1\" content=\"1 minuto\" \/>\n<script type=\"application\/ld+json\" class=\"yoast-schema-graph\">{\"@context\":\"https:\\\/\\\/schema.org\",\"@graph\":[{\"@type\":\"WebPage\",\"@id\":\"https:\\\/\\\/ciabbatta.com\\\/es\\\/es-coca-de-magdalena\\\/\",\"url\":\"https:\\\/\\\/ciabbatta.com\\\/es\\\/es-coca-de-magdalena\\\/\",\"name\":\"Coca de Magdalena - CIABBATTA\",\"isPartOf\":{\"@id\":\"https:\\\/\\\/ciabbatta.com\\\/es\\\/#website\"},\"primaryImageOfPage\":{\"@id\":\"https:\\\/\\\/ciabbatta.com\\\/es\\\/es-coca-de-magdalena\\\/#primaryimage\"},\"image\":{\"@id\":\"https:\\\/\\\/ciabbatta.com\\\/es\\\/es-coca-de-magdalena\\\/#primaryimage\"},\"thumbnailUrl\":\"https:\\\/\\\/ciabbatta.com\\\/wp-content\\\/uploads\\\/coca-magdalena-sense-res-1.png\",\"datePublished\":\"2026-04-21T13:51:01+00:00\",\"dateModified\":\"2026-04-29T16:08:36+00:00\",\"breadcrumb\":{\"@id\":\"https:\\\/\\\/ciabbatta.com\\\/es\\\/es-coca-de-magdalena\\\/#breadcrumb\"},\"inLanguage\":\"es\",\"potentialAction\":[{\"@type\":\"ReadAction\",\"target\":[\"https:\\\/\\\/ciabbatta.com\\\/es\\\/es-coca-de-magdalena\\\/\"]}]},{\"@type\":\"ImageObject\",\"inLanguage\":\"es\",\"@id\":\"https:\\\/\\\/ciabbatta.com\\\/es\\\/es-coca-de-magdalena\\\/#primaryimage\",\"url\":\"https:\\\/\\\/ciabbatta.com\\\/wp-content\\\/uploads\\\/coca-magdalena-sense-res-1.png\",\"contentUrl\":\"https:\\\/\\\/ciabbatta.com\\\/wp-content\\\/uploads\\\/coca-magdalena-sense-res-1.png\",\"width\":1264,\"height\":842},{\"@type\":\"BreadcrumbList\",\"@id\":\"https:\\\/\\\/ciabbatta.com\\\/es\\\/es-coca-de-magdalena\\\/#breadcrumb\",\"itemListElement\":[{\"@type\":\"ListItem\",\"position\":1,\"name\":\"Portada\",\"item\":\"https:\\\/\\\/ciabbatta.com\\\/es\\\/tienda\\\/\"},{\"@type\":\"ListItem\",\"position\":2,\"name\":\"Tienda\",\"item\":\"https:\\\/\\\/ciabbatta.com\\\/es\\\/tienda\\\/\"},{\"@type\":\"ListItem\",\"position\":3,\"name\":\"Coca de Magdalena\"}]},{\"@type\":\"WebSite\",\"@id\":\"https:\\\/\\\/ciabbatta.com\\\/es\\\/#website\",\"url\":\"https:\\\/\\\/ciabbatta.com\\\/es\\\/\",\"name\":\"Ciabbatta, Artesans del Pa\",\"description\":\"Tienda Online - Panader\u00eda, pasteler\u00eda\",\"publisher\":{\"@id\":\"https:\\\/\\\/ciabbatta.com\\\/es\\\/#organization\"},\"potentialAction\":[{\"@type\":\"SearchAction\",\"target\":{\"@type\":\"EntryPoint\",\"urlTemplate\":\"https:\\\/\\\/ciabbatta.com\\\/es\\\/?s={search_term_string}\"},\"query-input\":{\"@type\":\"PropertyValueSpecification\",\"valueRequired\":true,\"valueName\":\"search_term_string\"}}],\"inLanguage\":\"es\"},{\"@type\":\"Organization\",\"@id\":\"https:\\\/\\\/ciabbatta.com\\\/es\\\/#organization\",\"name\":\"Ciabbatta, Artesans del Pa\",\"url\":\"https:\\\/\\\/ciabbatta.com\\\/es\\\/\",\"logo\":{\"@type\":\"ImageObject\",\"inLanguage\":\"es\",\"@id\":\"https:\\\/\\\/ciabbatta.com\\\/es\\\/#\\\/schema\\\/logo\\\/image\\\/\",\"url\":\"https:\\\/\\\/ciabbatta.com\\\/wp-content\\\/uploads\\\/Logotipo-CIABBATTA-Vertical-con-fondo-web.png\",\"contentUrl\":\"https:\\\/\\\/ciabbatta.com\\\/wp-content\\\/uploads\\\/Logotipo-CIABBATTA-Vertical-con-fondo-web.png\",\"width\":600,\"height\":452,\"caption\":\"Ciabbatta, Artesans del Pa\"},\"image\":{\"@id\":\"https:\\\/\\\/ciabbatta.com\\\/es\\\/#\\\/schema\\\/logo\\\/image\\\/\"},\"sameAs\":[\"https:\\\/\\\/www.instagram.com\\\/ciabbattacat?igsh=eTJiano3ZGw0cm8y\"]}]}<\/script>\n<!-- \/ Yoast SEO Premium plugin. -->","yoast_head_json":{"title":"Coca de Magdalena - CIABBATTA","robots":{"index":"index","follow":"follow","max-snippet":"max-snippet:-1","max-image-preview":"max-image-preview:large","max-video-preview":"max-video-preview:-1"},"canonical":"https:\/\/ciabbatta.com\/es\/es-coca-de-magdalena\/","og_locale":"es_ES","og_type":"article","og_title":"Coca de Magdalena","og_description":"Coca Magdalena Artesana Base de magdalena tradicional, disponible en sabor natural o chocolate. Una textura blanda y ligera dise\u00f1ada para combinar con una gran variedad de toppings, como nuestras cl\u00e1sicas lentejas de chocolate. La soluci\u00f3n m\u00e1s dulce y divertida para cualquier celebraci\u00f3n.","og_url":"https:\/\/ciabbatta.com\/es\/es-coca-de-magdalena\/","og_site_name":"CIABBATTA","article_modified_time":"2026-04-29T16:08:36+00:00","og_image":[{"width":1264,"height":842,"url":"https:\/\/ciabbatta.com\/wp-content\/uploads\/coca-magdalena-sense-res-1.png","type":"image\/png"}],"twitter_card":"summary_large_image","twitter_misc":{"Tiempo de lectura":"1 minuto"},"schema":{"@context":"https:\/\/schema.org","@graph":[{"@type":"WebPage","@id":"https:\/\/ciabbatta.com\/es\/es-coca-de-magdalena\/","url":"https:\/\/ciabbatta.com\/es\/es-coca-de-magdalena\/","name":"Coca de Magdalena - CIABBATTA","isPartOf":{"@id":"https:\/\/ciabbatta.com\/es\/#website"},"primaryImageOfPage":{"@id":"https:\/\/ciabbatta.com\/es\/es-coca-de-magdalena\/#primaryimage"},"image":{"@id":"https:\/\/ciabbatta.com\/es\/es-coca-de-magdalena\/#primaryimage"},"thumbnailUrl":"https:\/\/ciabbatta.com\/wp-content\/uploads\/coca-magdalena-sense-res-1.png","datePublished":"2026-04-21T13:51:01+00:00","dateModified":"2026-04-29T16:08:36+00:00","breadcrumb":{"@id":"https:\/\/ciabbatta.com\/es\/es-coca-de-magdalena\/#breadcrumb"},"inLanguage":"es","potentialAction":[{"@type":"ReadAction","target":["https:\/\/ciabbatta.com\/es\/es-coca-de-magdalena\/"]}]},{"@type":"ImageObject","inLanguage":"es","@id":"https:\/\/ciabbatta.com\/es\/es-coca-de-magdalena\/#primaryimage","url":"https:\/\/ciabbatta.com\/wp-content\/uploads\/coca-magdalena-sense-res-1.png","contentUrl":"https:\/\/ciabbatta.com\/wp-content\/uploads\/coca-magdalena-sense-res-1.png","width":1264,"height":842},{"@type":"BreadcrumbList","@id":"https:\/\/ciabbatta.com\/es\/es-coca-de-magdalena\/#breadcrumb","itemListElement":[{"@type":"ListItem","position":1,"name":"Portada","item":"https:\/\/ciabbatta.com\/es\/tienda\/"},{"@type":"ListItem","position":2,"name":"Tienda","item":"https:\/\/ciabbatta.com\/es\/tienda\/"},{"@type":"ListItem","position":3,"name":"Coca de Magdalena"}]},{"@type":"WebSite","@id":"https:\/\/ciabbatta.com\/es\/#website","url":"https:\/\/ciabbatta.com\/es\/","name":"Ciabbatta, Artesans del Pa","description":"Tienda Online - Panader\u00eda, pasteler\u00eda","publisher":{"@id":"https:\/\/ciabbatta.com\/es\/#organization"},"potentialAction":[{"@type":"SearchAction","target":{"@type":"EntryPoint","urlTemplate":"https:\/\/ciabbatta.com\/es\/?s={search_term_string}"},"query-input":{"@type":"PropertyValueSpecification","valueRequired":true,"valueName":"search_term_string"}}],"inLanguage":"es"},{"@type":"Organization","@id":"https:\/\/ciabbatta.com\/es\/#organization","name":"Ciabbatta, Artesans del Pa","url":"https:\/\/ciabbatta.com\/es\/","logo":{"@type":"ImageObject","inLanguage":"es","@id":"https:\/\/ciabbatta.com\/es\/#\/schema\/logo\/image\/","url":"https:\/\/ciabbatta.com\/wp-content\/uploads\/Logotipo-CIABBATTA-Vertical-con-fondo-web.png","contentUrl":"https:\/\/ciabbatta.com\/wp-content\/uploads\/Logotipo-CIABBATTA-Vertical-con-fondo-web.png","width":600,"height":452,"caption":"Ciabbatta, Artesans del Pa"},"image":{"@id":"https:\/\/ciabbatta.com\/es\/#\/schema\/logo\/image\/"},"sameAs":["https:\/\/www.instagram.com\/ciabbattacat?igsh=eTJiano3ZGw0cm8y"]}]}},"_links":{"self":[{"href":"https:\/\/ciabbatta.com\/es\/wp-json\/wp\/v2\/product\/18569","targetHints":{"allow":["GET"]}}],"collection":[{"href":"https:\/\/ciabbatta.com\/es\/wp-json\/wp\/v2\/product"}],"about":[{"href":"https:\/\/ciabbatta.com\/es\/wp-json\/wp\/v2\/types\/product"}],"version-history":[{"count":1,"href":"https:\/\/ciabbatta.com\/es\/wp-json\/wp\/v2\/product\/18569\/revisions"}],"predecessor-version":[{"id":18649,"href":"https:\/\/ciabbatta.com\/es\/wp-json\/wp\/v2\/product\/18569\/revisions\/18649"}],"wp:featuredmedia":[{"embeddable":true,"href":"https:\/\/ciabbatta.com\/es\/wp-json\/wp\/v2\/media\/18493"}],"wp:attachment":[{"href":"https:\/\/ciabbatta.com\/es\/wp-json\/wp\/v2\/media?parent=18569"}],"wp:term":[{"taxonomy":"alergeno","embeddable":true,"href":"https:\/\/ciabbatta.com\/es\/wp-json\/wp\/v2\/alergeno?post=18569"},{"taxonomy":"apto-para","embeddable":true,"href":"https:\/\/ciabbatta.com\/es\/wp-json\/wp\/v2\/apto-para?post=18569"},{"taxonomy":"product_brand","embeddable":true,"href":"https:\/\/ciabbatta.com\/es\/wp-json\/wp\/v2\/product_brand?post=18569"},{"taxonomy":"product_cat","embeddable":true,"href":"https:\/\/ciabbatta.com\/es\/wp-json\/wp\/v2\/product_cat?post=18569"},{"taxonomy":"product_tag","embeddable":true,"href":"https:\/\/ciabbatta.com\/es\/wp-json\/wp\/v2\/product_tag?post=18569"}],"curies":[{"name":"wp","href":"https:\/\/api.w.org\/{rel}","templated":true}]}}